{"id":17006,"date":"2021-03-28T14:07:03","date_gmt":"2021-03-28T11:07:03","guid":{"rendered":"https:\/\/izmitrulman.com\/?post_type=product&#038;p=17006"},"modified":"2021-03-28T14:07:03","modified_gmt":"2021-03-28T11:07:03","slug":"chainguard-230","status":"publish","type":"product","link":"https:\/\/izmitrulman.com\/?product=chainguard-230","title":{"rendered":"CHAINGUARD 230"},"content":{"rendered":"<p>CHAINGUARD 230<br \/>\nY\u00fcksek S\u0131cakl\u0131k, Uzun \u00d6m\u00fcrl\u00fc, EP Zinciri ve Konvey\u00f6r Ya\u011f\u0131<\/p>\n<p>T\u00fcm konvey\u00f6r zincirleri ve rulmanlar i\u00e7in ideal<br \/>\nDaha uzun ya\u011flama frekanslar\u0131na izin veren uzun \u0131slak \u00f6m\u00fcr<br \/>\nOtomatik ya\u011flay\u0131c\u0131larda kullan\u0131labilir<br \/>\n\u0130yi korozyon korumas\u0131<br \/>\nS\u0131cakl\u0131k aral\u0131\u011f\u0131 -10\u00baC ila + 230\u00baC<br \/>\n\u0130yi EP performans\u0131<\/p>\n<p>&#8212;&#8211;<\/p>\n<p>CHAINGUARD 230<br \/>\nHigh Temperature, Long Life, EP Chain and Conveyor Lubricant<\/p>\n<p>Ideal for all conveyor chains &amp; bearings<br \/>\nLong wet-life allowing extended lubrication frequencies<br \/>\nCan be used in automatic lubricators<br \/>\nGood corrosion protection<br \/>\nTemperature range -10\u00baC to +230\u00baC<br \/>\nGood EP performance<\/p>\n","protected":false},"excerpt":{"rendered":"<p><a href=\"https:\/\/www.rocol.com\/datasheets\/download\/tds\/6\/Chainguard%20230\"><img decoding=\"async\" loading=\"lazy\" src=\"https:\/\/izmitrulman.com\/wp-content\/uploads\/2021\/03\/pdf_icon2-60x60.png\" alt=\"\" width=\"60\" height=\"60\" class=\"alignnone size-full wp-image-16976\" \/><\/a><br \/>\nCHAINGUARD 230<br \/>\nY\u00fcksek S\u0131cakl\u0131k, Uzun \u00d6m\u00fcrl\u00fc, EP Zinciri ve Konvey\u00f6r Ya\u011f\u0131<\/p>\n<p>T\u00fcm konvey\u00f6r zincirleri ve rulmanlar i\u00e7in ideal<br \/>\nDaha uzun ya\u011flama frekanslar\u0131na izin veren uzun \u0131slak \u00f6m\u00fcr<br \/>\nOtomatik ya\u011flay\u0131c\u0131larda kullan\u0131labilir<br \/>\n\u0130yi korozyon korumas\u0131<br \/>\nS\u0131cakl\u0131k aral\u0131\u011f\u0131 -10\u00baC ila + 230\u00baC<br \/>\n\u0130yi EP performans\u0131<\/p>\n","protected":false},"featured_media":17007,"comment_status":"closed","ping_status":"closed","template":"","meta":[],"product_cat":[92],"product_tag":[101,98,93,94,88,91,90,102,95,87,86],"_links":{"self":[{"href":"https:\/\/izmitrulman.com\/index.php?rest_route=\/wp\/v2\/product\/17006"}],"collection":[{"href":"https:\/\/izmitrulman.com\/index.php?rest_route=\/wp\/v2\/product"}],"about":[{"href":"https:\/\/izmitrulman.com\/index.php?rest_route=\/wp\/v2\/types\/product"}],"replies":[{"embeddable":true,"href":"https:\/\/izmitrulman.com\/index.php?rest_route=%2Fwp%2Fv2%2Fcomments&post=17006"}],"wp:featuredmedia":[{"embeddable":true,"href":"https:\/\/izmitrulman.com\/index.php?rest_route=\/wp\/v2\/media\/17007"}],"wp:attachment":[{"href":"https:\/\/izmitrulman.com\/index.php?rest_route=%2Fwp%2Fv2%2Fmedia&parent=17006"}],"wp:term":[{"taxonomy":"product_cat","embeddable":true,"href":"https:\/\/izmitrulman.com\/index.php?rest_route=%2Fwp%2Fv2%2Fproduct_cat&post=17006"},{"taxonomy":"product_tag","embeddable":true,"href":"https:\/\/izmitrulman.com\/index.php?rest_route=%2Fwp%2Fv2%2Fproduct_tag&post=17006"}],"curies":[{"name":"wp","href":"https:\/\/api.w.org\/{rel}","templated":true}]}}