{"id":17010,"date":"2021-03-28T14:37:26","date_gmt":"2021-03-28T11:37:26","guid":{"rendered":"https:\/\/izmitrulman.com\/?post_type=product&#038;p=17010"},"modified":"2021-03-28T14:38:04","modified_gmt":"2021-03-28T11:38:04","slug":"chainguard-hi-load-spray","status":"publish","type":"product","link":"https:\/\/izmitrulman.com\/?product=chainguard-hi-load-spray","title":{"rendered":"CHAINGUARD Hi-Load Spray"},"content":{"rendered":"<p>Z\u0130NC\u0130R KORUYUCU Y\u00fcksek Y\u00fckl\u00fc Sprey<br \/>\nMolibden Dis\u00fclfid \u0130\u00e7eren Y\u00fcksek Performansl\u0131 Zincir ve Konvey\u00f6r Ya\u011f\u0131<br \/>\nA\u011f\u0131r hizmet, \u00e7ok ama\u00e7l\u0131 s\u00fcr\u00fcc\u00fc ve konvey\u00f6r ya\u011flay\u0131c\u0131<br \/>\n250 kg kaynak y\u00fck\u00fc ile ola\u011fan\u00fcst\u00fc EP performans\u0131<br \/>\nForklift zincirleri i\u00e7in ideal<br \/>\nOla\u011fan\u00fcst\u00fc y\u00fck ve a\u015f\u0131nma direnci i\u00e7in molibden dis\u00fclf\u00fcr ile g\u00fc\u00e7lendirilmi\u015ftir<br \/>\nM\u00fckemmel korozyon korumas\u0131<br \/>\nIslak ve nemli ko\u015fullar i\u00e7in ideal<br \/>\n\u0130yi su de\u011fi\u015ftirme \u00f6zellikleri<br \/>\nY\u00fcksek oranda su itici<br \/>\nS\u0131cakl\u0131k aral\u0131\u011f\u0131 -30\u00baC ila + 180\u00baC<\/p>\n<p>&#8212;&#8211;<\/p>\n<p>CHAIN GUARD Hi-Load Spray<br \/>\nHigh Performance Chain and Conveyor Lubricant with Molybdenum Disulphide<br \/>\nHeavy duty, multi-purpose drive and conveyor lubricant<br \/>\nOutstanding EP performance with a weld load of 250kg<br \/>\nIdeal for fork lift truck chains<br \/>\nFortified with molybdenum disulphide for exceptional load and wear resistance<br \/>\nExcellent corrosion protection<br \/>\nIdeal for wet and humid conditions<br \/>\nGood water displacing properties<br \/>\nHighly water repellent<br \/>\nTemperature range -30\u00baC to +180\u00baC<\/p>\n","protected":false},"excerpt":{"rendered":"<p><a href=\"https:\/\/www.rocol.com\/datasheets\/download\/tds\/6\/Chainguard%20Hi-Load%20Spray\"><img decoding=\"async\" loading=\"lazy\" src=\"https:\/\/izmitrulman.com\/wp-content\/uploads\/2021\/03\/pdf_icon2-60x60.png\" alt=\"\" width=\"60\" height=\"60\" class=\"alignnone size-full wp-image-16976\" \/><\/a><\/p>\n<p>Z\u0130NC\u0130R KORUYUCU Y\u00fcksek Y\u00fckl\u00fc Sprey<br \/>\nMolibden Dis\u00fclfid \u0130\u00e7eren Y\u00fcksek Performansl\u0131 Zincir ve Konvey\u00f6r Ya\u011f\u0131<br \/>\nA\u011f\u0131r hizmet, \u00e7ok ama\u00e7l\u0131 s\u00fcr\u00fcc\u00fc ve konvey\u00f6r ya\u011flay\u0131c\u0131<br \/>\n250 kg kaynak y\u00fck\u00fc ile ola\u011fan\u00fcst\u00fc EP performans\u0131<br \/>\nForklift zincirleri i\u00e7in ideal<br \/>\nOla\u011fan\u00fcst\u00fc y\u00fck ve a\u015f\u0131nma direnci i\u00e7in molibden dis\u00fclf\u00fcr ile g\u00fc\u00e7lendirilmi\u015ftir<br \/>\nM\u00fckemmel korozyon korumas\u0131<br \/>\nIslak ve nemli ko\u015fullar i\u00e7in ideal<br \/>\n\u0130yi su de\u011fi\u015ftirme \u00f6zellikleri<br \/>\nY\u00fcksek oranda su itici<br \/>\nS\u0131cakl\u0131k aral\u0131\u011f\u0131 -30\u00baC ila + 180\u00baC<\/p>\n","protected":false},"featured_media":17011,"comment_status":"closed","ping_status":"closed","template":"","meta":[],"product_cat":[92],"product_tag":[101,98,100,89,94,88,96,91,90,102,95,87,86],"_links":{"self":[{"href":"https:\/\/izmitrulman.com\/index.php?rest_route=\/wp\/v2\/product\/17010"}],"collection":[{"href":"https:\/\/izmitrulman.com\/index.php?rest_route=\/wp\/v2\/product"}],"about":[{"href":"https:\/\/izmitrulman.com\/index.php?rest_route=\/wp\/v2\/types\/product"}],"replies":[{"embeddable":true,"href":"https:\/\/izmitrulman.com\/index.php?rest_route=%2Fwp%2Fv2%2Fcomments&post=17010"}],"wp:featuredmedia":[{"embeddable":true,"href":"https:\/\/izmitrulman.com\/index.php?rest_route=\/wp\/v2\/media\/17011"}],"wp:attachment":[{"href":"https:\/\/izmitrulman.com\/index.php?rest_route=%2Fwp%2Fv2%2Fmedia&parent=17010"}],"wp:term":[{"taxonomy":"product_cat","embeddable":true,"href":"https:\/\/izmitrulman.com\/index.php?rest_route=%2Fwp%2Fv2%2Fproduct_cat&post=17010"},{"taxonomy":"product_tag","embeddable":true,"href":"https:\/\/izmitrulman.com\/index.php?rest_route=%2Fwp%2Fv2%2Fproduct_tag&post=17010"}],"curies":[{"name":"wp","href":"https:\/\/api.w.org\/{rel}","templated":true}]}}