{"id":17012,"date":"2021-03-28T14:40:02","date_gmt":"2021-03-28T11:40:02","guid":{"rendered":"https:\/\/izmitrulman.com\/?post_type=product&#038;p=17012"},"modified":"2021-03-28T14:40:51","modified_gmt":"2021-03-28T11:40:51","slug":"flo-line-500","status":"publish","type":"product","link":"https:\/\/izmitrulman.com\/?product=flo-line-500","title":{"rendered":"FLO-LINE 500"},"content":{"rendered":"<p>FLO-LINE\u00ae 500<br \/>\nBR\u00dcCKNER Kayar Zincirler ve Zincir Pimleri i\u00e7in Tasarlanm\u0131\u015f Zincir Ya\u011flay\u0131c\u0131<\/p>\n<p>Daha d\u00fc\u015f\u00fck tortu ve vernik olu\u015fumu ile daha uzun ya\u015f film \u00f6mr\u00fc sa\u011flayan \u00f6zel antioksidan kombinasyonu.<br \/>\nOtomatik ya\u011flama sistemlerinde t\u00fcp t\u0131kanmas\u0131 riskini ortadan kald\u0131rarak y\u00fcksek s\u0131cakl\u0131klarda d\u00fc\u015f\u00fck viskozite art\u0131\u015f\u0131 g\u00f6sterir.<br \/>\nBa\u011flant\u0131lara ve pimlere n\u00fcfuz ederek m\u00fckemmel y\u00fck ta\u015f\u0131ma ve kayan elemanlar ve pimler \u00fczerinde a\u015f\u0131nma \u00f6nleyici \u00f6zellikler sa\u011flar.<br \/>\nM\u00fckemmel s\u00fcrt\u00fcnme \u00f6zellikleri, zincir tahrik \u00fcnitelerinde daha az g\u00fc\u00e7 t\u00fcketimi sa\u011flar.<br \/>\nD\u00fc\u015f\u00fck duman potansiyeli sergiler ve b\u00f6ylece daha temiz bir \u00e7al\u0131\u015fma ortam\u0131 sa\u011flar.<\/p>\n<p>&#8212;&#8211;<\/p>\n<p>FLO-LINE\u00ae 500<br \/>\nChain Lubricant Designed for BR\u00dcCKNER Sliding Chains and Chain Pins<\/p>\n<p>Special antioxidant combination that gives a longer wet film life with lower deposit and varnish formation.<br \/>\nDemonstrates a low viscosity increase at elevated temperatures eliminating the risk of tube blockage on automatic lubrication systems.<br \/>\nPenetrates into the links and pins providing excellent load carrying and anti-wear properties on sliding elements &amp; pins.<br \/>\nThe excellent frictional properties give reduced power consumption on chain drive units.<br \/>\nExhibits low fuming potential thereby providing a cleaner working environment.<\/p>\n","protected":false},"excerpt":{"rendered":"<p><a href=\"https:\/\/www.rocol.com\/datasheets\/download\/tds\/6\/FLO-LINE%20500\"><img decoding=\"async\" loading=\"lazy\" src=\"https:\/\/izmitrulman.com\/wp-content\/uploads\/2021\/03\/pdf_icon2-60x60.png\" alt=\"\" width=\"60\" height=\"60\" class=\"alignnone size-full wp-image-16976\" \/><\/a><br \/>\nFLO-LINE\u00ae 500<br \/>\nBR\u00dcCKNER Kayar Zincirler ve Zincir Pimleri i\u00e7in Tasarlanm\u0131\u015f Zincir Ya\u011flay\u0131c\u0131<\/p>\n<p>Daha d\u00fc\u015f\u00fck tortu ve vernik olu\u015fumu ile daha uzun ya\u015f film \u00f6mr\u00fc sa\u011flayan \u00f6zel antioksidan kombinasyonu.<br \/>\nOtomatik ya\u011flama sistemlerinde t\u00fcp t\u0131kanmas\u0131 riskini ortadan kald\u0131rarak y\u00fcksek s\u0131cakl\u0131klarda d\u00fc\u015f\u00fck viskozite art\u0131\u015f\u0131 g\u00f6sterir.<br \/>\nBa\u011flant\u0131lara ve pimlere n\u00fcfuz ederek m\u00fckemmel y\u00fck ta\u015f\u0131ma ve kayan elemanlar ve pimler \u00fczerinde a\u015f\u0131nma \u00f6nleyici \u00f6zellikler sa\u011flar.<br \/>\nM\u00fckemmel s\u00fcrt\u00fcnme \u00f6zellikleri, zincir tahrik \u00fcnitelerinde daha az g\u00fc\u00e7 t\u00fcketimi sa\u011flar.<br \/>\nD\u00fc\u015f\u00fck duman potansiyeli sergiler ve b\u00f6ylece daha temiz bir \u00e7al\u0131\u015fma ortam\u0131 sa\u011flar.<\/p>\n","protected":false},"featured_media":17013,"comment_status":"closed","ping_status":"closed","template":"","meta":[],"product_cat":[92],"product_tag":[101,98,93,100,89,94,88,96,91,90,102,95,87,86],"_links":{"self":[{"href":"https:\/\/izmitrulman.com\/index.php?rest_route=\/wp\/v2\/product\/17012"}],"collection":[{"href":"https:\/\/izmitrulman.com\/index.php?rest_route=\/wp\/v2\/product"}],"about":[{"href":"https:\/\/izmitrulman.com\/index.php?rest_route=\/wp\/v2\/types\/product"}],"replies":[{"embeddable":true,"href":"https:\/\/izmitrulman.com\/index.php?rest_route=%2Fwp%2Fv2%2Fcomments&post=17012"}],"wp:featuredmedia":[{"embeddable":true,"href":"https:\/\/izmitrulman.com\/index.php?rest_route=\/wp\/v2\/media\/17013"}],"wp:attachment":[{"href":"https:\/\/izmitrulman.com\/index.php?rest_route=%2Fwp%2Fv2%2Fmedia&parent=17012"}],"wp:term":[{"taxonomy":"product_cat","embeddable":true,"href":"https:\/\/izmitrulman.com\/index.php?rest_route=%2Fwp%2Fv2%2Fproduct_cat&post=17012"},{"taxonomy":"product_tag","embeddable":true,"href":"https:\/\/izmitrulman.com\/index.php?rest_route=%2Fwp%2Fv2%2Fproduct_tag&post=17012"}],"curies":[{"name":"wp","href":"https:\/\/api.w.org\/{rel}","templated":true}]}}