{"id":17024,"date":"2021-03-28T15:22:29","date_gmt":"2021-03-28T12:22:29","guid":{"rendered":"https:\/\/izmitrulman.com\/?post_type=product&#038;p=17024"},"modified":"2021-03-28T16:09:59","modified_gmt":"2021-03-28T13:09:59","slug":"rtd-liquid","status":"publish","type":"product","link":"https:\/\/izmitrulman.com\/?product=rtd-liquid","title":{"rendered":"RTD Liquid"},"content":{"rendered":"<p><strong>RTD S\u0131v\u0131<\/strong><br \/>\nElde Uygulanan Metal Kesme Ya\u011f\u0131<\/p>\n<p>\u00b7 \u00dcst d\u00fczey kesme performans\u0131<br \/>\n\u00b7 Keskin kenara do\u011fru akar<br \/>\n\u00b7 Ya\u011f ve solvent i\u00e7ermez<br \/>\n\u00b7 CNC tezgahlarda otomatik uygulamaya uygun<br \/>\n\u00b7 Silikon i\u00e7ermez<\/p>\n<p>&#8212;&#8211;<\/p>\n<p><strong>RTD Liquid<\/strong><br \/>\nHand Applied Metal Cutting Lubricant<\/p>\n<p>\u00b7 Ultimate cutting performance<br \/>\n\u00b7 Flows to cutting edge<br \/>\n\u00b7 Oil and solvent free<br \/>\n\u00b7 Suitable for automatic application on CNC machines<br \/>\n\u00b7 Contains no silicones<\/p>\n","protected":false},"excerpt":{"rendered":"<p><a href=\"https:\/\/www.rocol.com\/datasheets\/download\/tds\/6\/RTD%20Liquid\"><img decoding=\"async\" loading=\"lazy\" src=\"https:\/\/izmitrulman.com\/wp-content\/uploads\/2021\/03\/pdf_icon2-60x60.png\" alt=\"\" width=\"60\" height=\"60\" class=\"alignnone size-full wp-image-16976\" \/><\/a><br \/>\n<strong>RTD S\u0131v\u0131<\/strong><br \/>\nElde Uygulanan Metal Kesme Ya\u011f\u0131<\/p>\n<p>\u00b7 \u00dcst d\u00fczey kesme performans\u0131<br \/>\n\u00b7 Keskin kenara do\u011fru akar<br \/>\n\u00b7 Ya\u011f ve solvent i\u00e7ermez<br \/>\n\u00b7 CNC tezgahlarda otomatik uygulamaya uygun<br \/>\n\u00b7 Silikon i\u00e7ermez<\/p>\n","protected":false},"featured_media":17025,"comment_status":"closed","ping_status":"closed","template":"","meta":[],"product_cat":[92],"product_tag":[101,106,98,100,105,107,94,88,96,91,90,102,108,87],"_links":{"self":[{"href":"https:\/\/izmitrulman.com\/index.php?rest_route=\/wp\/v2\/product\/17024"}],"collection":[{"href":"https:\/\/izmitrulman.com\/index.php?rest_route=\/wp\/v2\/product"}],"about":[{"href":"https:\/\/izmitrulman.com\/index.php?rest_route=\/wp\/v2\/types\/product"}],"replies":[{"embeddable":true,"href":"https:\/\/izmitrulman.com\/index.php?rest_route=%2Fwp%2Fv2%2Fcomments&post=17024"}],"wp:featuredmedia":[{"embeddable":true,"href":"https:\/\/izmitrulman.com\/index.php?rest_route=\/wp\/v2\/media\/17025"}],"wp:attachment":[{"href":"https:\/\/izmitrulman.com\/index.php?rest_route=%2Fwp%2Fv2%2Fmedia&parent=17024"}],"wp:term":[{"taxonomy":"product_cat","embeddable":true,"href":"https:\/\/izmitrulman.com\/index.php?rest_route=%2Fwp%2Fv2%2Fproduct_cat&post=17024"},{"taxonomy":"product_tag","embeddable":true,"href":"https:\/\/izmitrulman.com\/index.php?rest_route=%2Fwp%2Fv2%2Fproduct_tag&post=17024"}],"curies":[{"name":"wp","href":"https:\/\/api.w.org\/{rel}","templated":true}]}}