{"id":17032,"date":"2021-03-28T16:04:19","date_gmt":"2021-03-28T13:04:19","guid":{"rendered":"https:\/\/izmitrulman.com\/?post_type=product&#038;p=17032"},"modified":"2021-03-28T16:04:53","modified_gmt":"2021-03-28T13:04:53","slug":"sapphire-aqua-2","status":"publish","type":"product","link":"https:\/\/izmitrulman.com\/?product=sapphire-aqua-2","title":{"rendered":"SAPPHIRE Aqua 2"},"content":{"rendered":"<p><strong>SAPPHIRE Aqua 2<\/strong><br \/>\n\u00c7ok ama\u00e7l\u0131 suya dayan\u0131kl\u0131 EP yatak gresi<\/p>\n<p>\u00c7ok iyi s\u0131cakl\u0131k direnci &#8211; -20 \u00b0 C ile + 150 \u00b0 C aras\u0131nda de\u011fi\u015fir.<br \/>\nTuzlu su da dahil olmak \u00fczere suya kar\u015f\u0131 m\u00fckemmel diren\u00e7, bile\u015fenlerin su alt\u0131ndaki ko\u015fullarda bile korunmas\u0131n\u0131 sa\u011flar.<br \/>\nAl\u00fcminyum kompleks sabun teknolojisi ve EP katk\u0131 maddeleri, standart sabunla koyula\u015ft\u0131r\u0131lm\u0131\u015f ya\u011flay\u0131c\u0131lardan daha \u00fcst\u00fcn ola\u011fan\u00fcst\u00fc y\u00fcksek y\u00fck, a\u015f\u0131r\u0131 bas\u0131n\u00e7 performans\u0131 sa\u011flar.<br \/>\nSAPPHIRE Aqua 2, oksidasyona kar\u015f\u0131 iyi bir dirence sahiptir ve daha uzun ya\u011flama aral\u0131klar\u0131 sa\u011flarken ekipman ar\u0131zas\u0131n\u0131, ar\u0131za s\u00fcresini ve ya\u011flay\u0131c\u0131 kullan\u0131m\u0131n\u0131 azalt\u0131r.<br \/>\nNemli, nemli ve hatta \u0131slak ko\u015fullarda korumak i\u00e7in m\u00fckemmel korozyon direnci.<br \/>\nSAPPHIRE Aqua 2&#8217;nin yap\u0131\u015fkan yap\u0131s\u0131, tuzlu su ortamlar\u0131nda suyla y\u0131kanmaya ve hatta gelgit ak\u0131\u015f\u0131na direnmek i\u00e7in bile\u015fenlere g\u00fc\u00e7l\u00fc bir \u015fekilde yap\u0131\u015fmas\u0131n\u0131 sa\u011flar.<\/p>\n<p>&#8212;&#8211;<\/p>\n<p><strong>SAPPHIRE Aqua 2<\/strong><br \/>\nMulti-purpose water resistant EP bearing grease<\/p>\n<p>Very good temperature resistance \u2013 ranging from -20\u00b0C to +150\u00b0C.<br \/>\nExcellent resistance to water, including salt water ensuring components are protected even in submerged conditions.<br \/>\nAluminium complex soap technology and EP additives provide outstanding high load, extreme pressure performance superior to standard soap thickened lubricants.<br \/>\nSAPPHIRE Aqua 2 has good resistance to oxidation, providing extended lubrication intervals whilst reducing equipment failure, downtime and lubricant usage.<br \/>\nExcellent corrosion resistance to protect in humid, damp and even wet conditions.<br \/>\nThe tacky nature of SAPPHIRE Aqua 2 ensures it adheres strongly to components to resist water wash-off and even tidal flow in salt water environments.<\/p>\n","protected":false},"excerpt":{"rendered":"<p><a href=\"https:\/\/www.rocol.com\/datasheets\/download\/tds\/6\/SAPPHIRE%20Aqua%202\"><img decoding=\"async\" loading=\"lazy\" src=\"https:\/\/izmitrulman.com\/wp-content\/uploads\/2021\/03\/pdf_icon2-60x60.png\" alt=\"\" width=\"60\" height=\"60\" class=\"alignnone size-full wp-image-16976\" \/><\/a><br \/>\n<strong>SAPPHIRE Aqua 2<\/strong><br \/>\n\u00c7ok ama\u00e7l\u0131 suya dayan\u0131kl\u0131 EP yatak gresi<\/p>\n<p>\u00c7ok iyi s\u0131cakl\u0131k direnci &#8211; -20 \u00b0 C ile + 150 \u00b0 C aras\u0131nda de\u011fi\u015fir.<br \/>\nTuzlu su da dahil olmak \u00fczere suya kar\u015f\u0131 m\u00fckemmel diren\u00e7, bile\u015fenlerin su alt\u0131ndaki ko\u015fullarda bile korunmas\u0131n\u0131 sa\u011flar.<br \/>\nAl\u00fcminyum kompleks sabun teknolojisi ve EP katk\u0131 maddeleri, standart sabunla koyula\u015ft\u0131r\u0131lm\u0131\u015f ya\u011flay\u0131c\u0131lardan daha \u00fcst\u00fcn ola\u011fan\u00fcst\u00fc y\u00fcksek y\u00fck, a\u015f\u0131r\u0131 bas\u0131n\u00e7 performans\u0131 sa\u011flar.<br \/>\nSAPPHIRE Aqua 2, oksidasyona kar\u015f\u0131 iyi bir dirence sahiptir ve daha uzun ya\u011flama aral\u0131klar\u0131 sa\u011flarken ekipman ar\u0131zas\u0131n\u0131, ar\u0131za s\u00fcresini ve ya\u011flay\u0131c\u0131 kullan\u0131m\u0131n\u0131 azalt\u0131r.<br \/>\nNemli, nemli ve hatta \u0131slak ko\u015fullarda korumak i\u00e7in m\u00fckemmel korozyon direnci.<br \/>\nSAPPHIRE Aqua 2&#8217;nin yap\u0131\u015fkan yap\u0131s\u0131, tuzlu su ortamlar\u0131nda suyla y\u0131kanmaya ve hatta gelgit ak\u0131\u015f\u0131na direnmek i\u00e7in bile\u015fenlere g\u00fc\u00e7l\u00fc bir \u015fekilde yap\u0131\u015fmas\u0131n\u0131 sa\u011flar.<\/p>\n","protected":false},"featured_media":17033,"comment_status":"closed","ping_status":"closed","template":"","meta":[],"product_cat":[15],"product_tag":[101,106,98,93,100,105,107,89,94,97,88,96,91,104,90,108,87,86],"_links":{"self":[{"href":"https:\/\/izmitrulman.com\/index.php?rest_route=\/wp\/v2\/product\/17032"}],"collection":[{"href":"https:\/\/izmitrulman.com\/index.php?rest_route=\/wp\/v2\/product"}],"about":[{"href":"https:\/\/izmitrulman.com\/index.php?rest_route=\/wp\/v2\/types\/product"}],"replies":[{"embeddable":true,"href":"https:\/\/izmitrulman.com\/index.php?rest_route=%2Fwp%2Fv2%2Fcomments&post=17032"}],"wp:featuredmedia":[{"embeddable":true,"href":"https:\/\/izmitrulman.com\/index.php?rest_route=\/wp\/v2\/media\/17033"}],"wp:attachment":[{"href":"https:\/\/izmitrulman.com\/index.php?rest_route=%2Fwp%2Fv2%2Fmedia&parent=17032"}],"wp:term":[{"taxonomy":"product_cat","embeddable":true,"href":"https:\/\/izmitrulman.com\/index.php?rest_route=%2Fwp%2Fv2%2Fproduct_cat&post=17032"},{"taxonomy":"product_tag","embeddable":true,"href":"https:\/\/izmitrulman.com\/index.php?rest_route=%2Fwp%2Fv2%2Fproduct_tag&post=17032"}],"curies":[{"name":"wp","href":"https:\/\/api.w.org\/{rel}","templated":true}]}}