{"id":17038,"date":"2021-03-28T18:10:06","date_gmt":"2021-03-28T15:10:06","guid":{"rendered":"https:\/\/izmitrulman.com\/?post_type=product&#038;p=17038"},"modified":"2021-03-28T18:10:06","modified_gmt":"2021-03-28T15:10:06","slug":"sapphire-aqua-sil-hi-load","status":"publish","type":"product","link":"https:\/\/izmitrulman.com\/?product=sapphire-aqua-sil-hi-load","title":{"rendered":"SAPPHIRE Aqua-Sil Hi-Load"},"content":{"rendered":"<p><strong>SAPPHIRE Aqua-Sil Y\u00fcksek Y\u00fck<\/strong><br \/>\nUzun s\u00fcreli ya\u011flama i\u00e7in molibden dis\u00fclfit i\u00e7eren y\u00fcksek diren\u00e7li silikon gres<\/p>\n<p>\u2022 M\u00fckemmel geni\u015f s\u0131cakl\u0131k direnci &#8211; -40 \u00b0 C ile + 200 \u00b0 C aras\u0131nda de\u011fi\u015fir ve k\u0131sa s\u00fcreler i\u00e7in + 220 \u00b0 C&#8217;ye kadar koruma sa\u011flayabilir.<br \/>\n\u2022 Standart greslerden \u00e7ok daha \u00fcst\u00fcn kimyasal ya\u011flara ve gazlara kar\u015f\u0131 ola\u011fan\u00fcst\u00fc diren\u00e7.<br \/>\n\u2022 Tuzlu su da dahil olmak \u00fczere suya kar\u015f\u0131 m\u00fckemmel diren\u00e7, bile\u015fenlerin suya dald\u0131r\u0131lm\u0131\u015f ko\u015fullarda bile korunmas\u0131n\u0131 sa\u011flar.<br \/>\n\u2022 SAPPHIRE Aqua-Sil Hi-Load hem s\u0131cak hem de so\u011fuk i\u00e7me (i\u00e7me) suyunda kullan\u0131m i\u00e7in onaylanm\u0131\u015ft\u0131r.<br \/>\n\u2022 \u00c7o\u011fu kau\u00e7uk i\u00e7in kau\u00e7uk ya\u011flay\u0131c\u0131 olarak kullan\u0131ma uygundur (silikon kau\u00e7uk i\u00e7in uygun de\u011fildir).<br \/>\n\u2022 A\u015f\u0131r\u0131 uzun \u0131slak \u00f6m\u00fcr, yeniden ya\u011flama s\u0131kl\u0131klar\u0131n\u0131 azalt\u0131r ve baz\u0131 durumlarda \u00f6m\u00fcr boyu ya\u011flay\u0131c\u0131 olarak kullan\u0131labilir.<br \/>\n\u2022 Y\u00fcksek dielektrik dayan\u0131m\u0131, elektrik dolgu bile\u015fi\u011fi olarak kullan\u0131m i\u00e7in idealdir.<\/p>\n<p>&#8212;&#8211;<\/p>\n<p><strong>SAPPHIRE Aqua-Sil Hi-Load<\/strong><br \/>\nHighly resistant silicone grease, with molybdenum disulphide, for long term lubrication<\/p>\n<p>\u2022 Excellent wide temperature resistance \u2013 ranging from -40\u00b0C to +200\u00b0C and it can protect up to +220\u00b0C for short periods.<br \/>\n\u2022 Outstanding resistance to chemicals oils and gases far superior to standard greases.<br \/>\n\u2022 Excellent resistance to water, including salt water ensuring components are protected even in submerged conditions.<br \/>\n\u2022 SAPPHIRE Aqua-Sil Hi-Load is approved for use in both hot and cold potable (drinking) water.<br \/>\n\u2022 Suitable for use as a rubber lubricant for most rubbers (not suitable for silicone rubber).<br \/>\n\u2022 Extremely long wet life reducing re-lubrication frequencies and in some cases can be used as a lifetime lubricant.<br \/>\n\u2022 High dielectric strength making it ideal for use as an electrical filling compound.<\/p>\n","protected":false},"excerpt":{"rendered":"<p><a href=\"https:\/\/www.rocol.com\/datasheets\/download\/tds\/6\/SAPPHIRE%20Aqua-Sil%20Hi-Load\"><img decoding=\"async\" loading=\"lazy\" src=\"https:\/\/izmitrulman.com\/wp-content\/uploads\/2021\/03\/pdf_icon2-60x60.png\" alt=\"\" width=\"60\" height=\"60\" class=\"alignnone size-full wp-image-16976\" \/><\/a><\/p>\n<p>SAPPHIRE Aqua-Sil Y\u00fcksek Y\u00fck<br \/>\nUzun s\u00fcreli ya\u011flama i\u00e7in molibden dis\u00fclfit i\u00e7eren y\u00fcksek diren\u00e7li silikon gres<\/p>\n<p>\u2022 M\u00fckemmel geni\u015f s\u0131cakl\u0131k direnci &#8211; -40 \u00b0 C ile + 200 \u00b0 C aras\u0131nda de\u011fi\u015fir ve k\u0131sa s\u00fcreler i\u00e7in + 220 \u00b0 C&#8217;ye kadar koruma sa\u011flayabilir.<br \/>\n\u2022 Standart greslerden \u00e7ok daha \u00fcst\u00fcn kimyasal ya\u011flara ve gazlara kar\u015f\u0131 ola\u011fan\u00fcst\u00fc diren\u00e7.<br \/>\n\u2022 Tuzlu su da dahil olmak \u00fczere suya kar\u015f\u0131 m\u00fckemmel diren\u00e7, bile\u015fenlerin suya dald\u0131r\u0131lm\u0131\u015f ko\u015fullarda bile korunmas\u0131n\u0131 sa\u011flar.<br \/>\n\u2022 SAPPHIRE Aqua-Sil Hi-Load hem s\u0131cak hem de so\u011fuk i\u00e7me (i\u00e7me) suyunda kullan\u0131m i\u00e7in onaylanm\u0131\u015ft\u0131r.<br \/>\n\u2022 \u00c7o\u011fu kau\u00e7uk i\u00e7in kau\u00e7uk ya\u011flay\u0131c\u0131 olarak kullan\u0131ma uygundur (silikon kau\u00e7uk i\u00e7in uygun de\u011fildir).<br \/>\n\u2022 A\u015f\u0131r\u0131 uzun \u0131slak \u00f6m\u00fcr, yeniden ya\u011flama s\u0131kl\u0131klar\u0131n\u0131 azalt\u0131r ve baz\u0131 durumlarda \u00f6m\u00fcr boyu ya\u011flay\u0131c\u0131 olarak kullan\u0131labilir.<br \/>\n\u2022 Y\u00fcksek dielektrik dayan\u0131m\u0131, elektrik dolgu bile\u015fi\u011fi olarak kullan\u0131m i\u00e7in idealdir.<\/p>\n","protected":false},"featured_media":17039,"comment_status":"closed","ping_status":"closed","template":"","meta":[],"product_cat":[92],"product_tag":[101,106,98,93,100,110,105,107,89,94,109,88,96,91,104,90,102,95,108,87,86],"_links":{"self":[{"href":"https:\/\/izmitrulman.com\/index.php?rest_route=\/wp\/v2\/product\/17038"}],"collection":[{"href":"https:\/\/izmitrulman.com\/index.php?rest_route=\/wp\/v2\/product"}],"about":[{"href":"https:\/\/izmitrulman.com\/index.php?rest_route=\/wp\/v2\/types\/product"}],"replies":[{"embeddable":true,"href":"https:\/\/izmitrulman.com\/index.php?rest_route=%2Fwp%2Fv2%2Fcomments&post=17038"}],"wp:featuredmedia":[{"embeddable":true,"href":"https:\/\/izmitrulman.com\/index.php?rest_route=\/wp\/v2\/media\/17039"}],"wp:attachment":[{"href":"https:\/\/izmitrulman.com\/index.php?rest_route=%2Fwp%2Fv2%2Fmedia&parent=17038"}],"wp:term":[{"taxonomy":"product_cat","embeddable":true,"href":"https:\/\/izmitrulman.com\/index.php?rest_route=%2Fwp%2Fv2%2Fproduct_cat&post=17038"},{"taxonomy":"product_tag","embeddable":true,"href":"https:\/\/izmitrulman.com\/index.php?rest_route=%2Fwp%2Fv2%2Fproduct_tag&post=17038"}],"curies":[{"name":"wp","href":"https:\/\/api.w.org\/{rel}","templated":true}]}}