{"id":17040,"date":"2021-03-28T18:16:47","date_gmt":"2021-03-28T15:16:47","guid":{"rendered":"https:\/\/izmitrulman.com\/?post_type=product&#038;p=17040"},"modified":"2021-03-28T18:18:02","modified_gmt":"2021-03-28T15:18:02","slug":"sapphire-endure","status":"publish","type":"product","link":"https:\/\/izmitrulman.com\/?product=sapphire-endure","title":{"rendered":"SAPPHIRE ENDURE"},"content":{"rendered":"<p><strong>SAPPHIRE Endure<\/strong><br \/>\nPTFE ile g\u00fc\u00e7lendirilmi\u015f g\u0131da s\u0131n\u0131f\u0131, y\u00fcksek performansl\u0131, a\u015f\u0131r\u0131 bas\u0131n\u00e7 (EP) ya\u011flay\u0131c\u0131<\/p>\n<p>\u2022 -25 \u00b0 C ila + 280 \u00b0 C aras\u0131nda m\u00fckemmel geni\u015f s\u0131cakl\u0131k aral\u0131\u011f\u0131.<br \/>\n\u2022 Oksijene diren\u00e7li, toksik olmayan, son derece y\u00fcksek oksidasyon ve \u0131s\u0131l dirence sahip ya\u011flay\u0131c\u0131.<br \/>\n\u2022 620 kg kaynak y\u00fck\u00fc ile ola\u011fan\u00fcst\u00fc EP performans\u0131.<br \/>\n\u2022 Kimyasal olarak inert, son derece y\u00fcksek oksidasyon ve termal dirence sahip toksik olmayan ya\u011flay\u0131c\u0131.<br \/>\n\u2022 Ola\u011fan\u00fcst\u00fc uzun hizmet \u00f6mr\u00fc, uzun ya\u011flama aral\u0131klar\u0131, azalt\u0131lm\u0131\u015f ar\u0131za s\u00fcresi ve azalt\u0131lm\u0131\u015f i\u015f\u00e7ilik maliyetleri sayesinde m\u00fckemmel maliyet etkinli\u011fi sa\u011flar.<br \/>\n\u2022 Kau\u00e7uklar, plastikler veya metaller \u00fczerinde zararl\u0131 bir etkisi yoktur.<br \/>\n\u2022 Servis s\u0131ras\u0131nda minimum miktar gerektiren &#8220;bula\u015fma teknolojisi&#8221; ile ya\u011flar.<br \/>\n\u2022 700g kartu\u015f, \u00e7o\u011fu metal alg\u0131lama ekipman\u0131 taraf\u0131ndan alg\u0131lanabilen metal alg\u0131layabilir plastik bile\u015fenlere (u\u00e7 kapaklar\u0131) sahiptir.<\/p>\n<p>&#8212;&#8211;<br \/>\n<strong>SAPPHIRE Endure<\/strong><br \/>\nFood grade, high performance, extreme pressure (EP) lubricant fortified with PTFE<\/p>\n<p>\u2022 Excellent wide temperature range from -25\u00b0C to +280\u00b0C.<br \/>\n\u2022 Oxygen resistant, non-toxic lubricant with an extremely high oxidation and thermal resistance.<br \/>\n\u2022 Outstanding EP performance with a weld load of 620kg.<br \/>\n\u2022 Chemically inert, non-toxic lubricant with extremely high oxidation and thermal resistance.<br \/>\n\u2022 Exceptionally long service life providing excellent cost effectiveness from extended lubrication intervals, reduced downtime and reduced labour costs.<br \/>\n\u2022 No detrimental effect on rubbers, plastics or metals.<br \/>\n\u2022 Lubricates by \u2018smear technology\u2019 requiring a minimal amount during service.<br \/>\n\u2022 700g cartridge has metal detectable plastic components (end caps) capable of detection by most metal detection equipment.<\/p>\n","protected":false},"excerpt":{"rendered":"<p><a href=\"https:\/\/www.rocol.com\/datasheets\/download\/tds\/6\/SAPPHIRE%20Endure\"><img decoding=\"async\" loading=\"lazy\" src=\"https:\/\/izmitrulman.com\/wp-content\/uploads\/2021\/03\/pdf_icon2-60x60.png\" alt=\"\" width=\"60\" height=\"60\" class=\"alignnone size-full wp-image-16976\" \/><\/a><br \/>\nSAPPHIRE Endure<br \/>\nFood grade, high performance, extreme pressure (EP) lubricant fortified with PTFE<\/p>\n<p>\u2022 Excellent wide temperature range from -25\u00b0C to +280\u00b0C.<br \/>\n\u2022 Oxygen resistant, non-toxic lubricant with an extremely high oxidation and thermal resistance.<br \/>\n\u2022 Outstanding EP performance with a weld load of 620kg.<br \/>\n\u2022 Chemically inert, non-toxic lubricant with extremely high oxidation and thermal resistance.<br \/>\n\u2022 Exceptionally long service life providing excellent cost effectiveness from extended lubrication intervals, reduced downtime and reduced labour costs.<br \/>\n\u2022 No detrimental effect on rubbers, plastics or metals.<br \/>\n\u2022 Lubricates by \u2018smear technology\u2019 requiring a minimal amount during service.<br \/>\n\u2022 700g cartridge has metal detectable plastic components (end caps) capable of detection by most metal detection equipment.<\/p>\n","protected":false},"featured_media":17043,"comment_status":"closed","ping_status":"closed","template":"","meta":[],"product_cat":[92],"product_tag":[101,106,98,93,100,110,105,107,89,94,97,109,88,96,91,104,90,99,95,108,87,86],"_links":{"self":[{"href":"https:\/\/izmitrulman.com\/index.php?rest_route=\/wp\/v2\/product\/17040"}],"collection":[{"href":"https:\/\/izmitrulman.com\/index.php?rest_route=\/wp\/v2\/product"}],"about":[{"href":"https:\/\/izmitrulman.com\/index.php?rest_route=\/wp\/v2\/types\/product"}],"replies":[{"embeddable":true,"href":"https:\/\/izmitrulman.com\/index.php?rest_route=%2Fwp%2Fv2%2Fcomments&post=17040"}],"wp:featuredmedia":[{"embeddable":true,"href":"https:\/\/izmitrulman.com\/index.php?rest_route=\/wp\/v2\/media\/17043"}],"wp:attachment":[{"href":"https:\/\/izmitrulman.com\/index.php?rest_route=%2Fwp%2Fv2%2Fmedia&parent=17040"}],"wp:term":[{"taxonomy":"product_cat","embeddable":true,"href":"https:\/\/izmitrulman.com\/index.php?rest_route=%2Fwp%2Fv2%2Fproduct_cat&post=17040"},{"taxonomy":"product_tag","embeddable":true,"href":"https:\/\/izmitrulman.com\/index.php?rest_route=%2Fwp%2Fv2%2Fproduct_tag&post=17040"}],"curies":[{"name":"wp","href":"https:\/\/api.w.org\/{rel}","templated":true}]}}