{"id":17044,"date":"2021-03-28T18:22:17","date_gmt":"2021-03-28T15:22:17","guid":{"rendered":"https:\/\/izmitrulman.com\/?post_type=product&#038;p=17044"},"modified":"2021-03-28T18:23:19","modified_gmt":"2021-03-28T15:23:19","slug":"sapphire-extreme","status":"publish","type":"product","link":"https:\/\/izmitrulman.com\/?product=sapphire-extreme","title":{"rendered":"SAPPHIRE Extreme"},"content":{"rendered":"<p><strong>SAPPHIRE Extreme<\/strong><br \/>\nY\u00fcksek y\u00fck, y\u00fcksek s\u0131cakl\u0131k MoS2 rulman gresi<\/p>\n<p>M\u00fckemmel y\u00fcksek s\u0131cakl\u0131k direnci &#8211; -10 \u00b0 C ile + 235 \u00b0 C aras\u0131nda \u00e7al\u0131\u015f\u0131r.<br \/>\nM\u00fckemmel y\u00fcksek s\u0131cakl\u0131k ve su direnci i\u00e7in erimeyen, organik olarak modifiye edilmi\u015f kil (Benton) kal\u0131nla\u015ft\u0131r\u0131lm\u0131\u015f, gres, molibden dis\u00fclf\u00fcr ile g\u00fc\u00e7lendirilmi\u015ftir.<br \/>\nMolibden dis\u00fclf\u00fcr (MoS2), metal y\u00fczeylere afiniteye sahiptir ve d\u00fc\u015f\u00fck bir s\u00fcrt\u00fcnme katsay\u0131s\u0131na sahip sa\u011flam bir y\u00fcksek y\u00fck ta\u015f\u0131ma filmi b\u0131rak\u0131r. Bu film, son derece dayan\u0131kl\u0131 bir katman sa\u011flayarak s\u00fcrt\u00fcnme \u0131s\u0131s\u0131n\u0131 ve a\u015f\u0131nmay\u0131 azalt\u0131r ve bile\u015fen \u00f6mr\u00fcn\u00fc ve ya\u011flama aral\u0131klar\u0131n\u0131 uzat\u0131r.<br \/>\n\u015eok y\u00fcklerinin ve titre\u015fimin meydana gelebilece\u011fi y\u00fcksek y\u00fckl\u00fc uygulamalar i\u00e7in idealdir.<br \/>\nOksidasyona kar\u015f\u0131 son derece diren\u00e7li, geleneksel ya\u011flay\u0131c\u0131lara g\u00f6re daha uzun ya\u011flama aral\u0131klar\u0131 sa\u011flar.<br \/>\nNemli, nemli ve hatta \u0131slak ko\u015fullarda korumak i\u00e7in m\u00fckemmel korozyon direnci.<br \/>\nOla\u011fan\u00fcst\u00fc film mukavemetine sahip son derece sa\u011flam ya\u011flay\u0131c\u0131lar, ya\u011flay\u0131c\u0131lar\u0131n zorlu \u00e7al\u0131\u015fma ko\u015fullar\u0131nda bile yerinde kalmas\u0131n\u0131 sa\u011flar.<br \/>\nEkstrem ko\u015fullarda b\u00fct\u00fcnl\u00fc\u011f\u00fcn\u00fc korur ve uzun ya\u011flama aral\u0131klar\u0131n\u0131 korumaya devam ederek ekipman ar\u0131zalar\u0131n\u0131, ar\u0131za s\u00fcresini ve ya\u011flay\u0131c\u0131 kullan\u0131m\u0131n\u0131 azalt\u0131r.<\/p>\n<p>&#8212;&#8211;<\/p>\n<p><strong>SAPPHIRE Extreme<\/strong><br \/>\nHigh load, high temperature MoS2 bearing grease<\/p>\n<p>Excellent high temperature resistance \u2013 operating from -10\u00b0C to +235\u00b0C.<br \/>\nNon-melting, organically modified clay (Bentone) thickened, grease, fortified with molybdenum disulphide, for excellent high temperature and water resistance.<br \/>\nMolybdenum disulphide (MoS2) has an affinity to metal surfaces leaving a tenacious high load carrying film with a low coefficient of friction. This film provides an extremely durable layer, reducing frictional heat and wear and extending component life and lubrication intervals.<br \/>\nIdeal for highly loaded applications, where shock loads and vibration can occur.<br \/>\nHighly resistant to oxidation, providing extended lubrication intervals over conventional lubricants.<br \/>\nExcellent corrosion resistance to protect in humid, damp and even wet conditions.<br \/>\nHighly tenacious lubricants, with outstanding film strength, ensure the lubricants remain in place even in severe operating conditions.<br \/>\nMaintains its integrity in extreme conditions and continues to protect over extended lubrication intervals, reducing equipment failure, downtime and lubricant usage.<\/p>\n","protected":false},"excerpt":{"rendered":"<p><a href=\"https:\/\/www.rocol.com\/datasheets\/download\/tds\/6\/SAPPHIRE%20Extreme\"><img decoding=\"async\" loading=\"lazy\" src=\"https:\/\/izmitrulman.com\/wp-content\/uploads\/2021\/03\/pdf_icon2-60x60.png\" alt=\"\" width=\"60\" height=\"60\" class=\"alignnone size-full wp-image-16976\" \/><\/a><br \/>\n<strong>SAPPHIRE Extreme<\/strong><br \/>\nY\u00fcksek y\u00fck, y\u00fcksek s\u0131cakl\u0131k MoS2 rulman gresi<\/p>\n<p>M\u00fckemmel y\u00fcksek s\u0131cakl\u0131k direnci &#8211; -10 \u00b0 C ile + 235 \u00b0 C aras\u0131nda \u00e7al\u0131\u015f\u0131r.<br \/>\nM\u00fckemmel y\u00fcksek s\u0131cakl\u0131k ve su direnci i\u00e7in erimeyen, organik olarak modifiye edilmi\u015f kil (Benton) kal\u0131nla\u015ft\u0131r\u0131lm\u0131\u015f, gres, molibden dis\u00fclf\u00fcr ile g\u00fc\u00e7lendirilmi\u015ftir.<br \/>\nMolibden dis\u00fclf\u00fcr (MoS2), metal y\u00fczeylere afiniteye sahiptir ve d\u00fc\u015f\u00fck bir s\u00fcrt\u00fcnme katsay\u0131s\u0131na sahip sa\u011flam bir y\u00fcksek y\u00fck ta\u015f\u0131ma filmi b\u0131rak\u0131r. Bu film, son derece dayan\u0131kl\u0131 bir katman sa\u011flayarak s\u00fcrt\u00fcnme \u0131s\u0131s\u0131n\u0131 ve a\u015f\u0131nmay\u0131 azalt\u0131r ve bile\u015fen \u00f6mr\u00fcn\u00fc ve ya\u011flama aral\u0131klar\u0131n\u0131 uzat\u0131r.<br \/>\n\u015eok y\u00fcklerinin ve titre\u015fimin meydana gelebilece\u011fi y\u00fcksek y\u00fckl\u00fc uygulamalar i\u00e7in idealdir.<br \/>\nOksidasyona kar\u015f\u0131 son derece diren\u00e7li, geleneksel ya\u011flay\u0131c\u0131lara g\u00f6re daha uzun ya\u011flama aral\u0131klar\u0131 sa\u011flar.<br \/>\nNemli, nemli ve hatta \u0131slak ko\u015fullarda korumak i\u00e7in m\u00fckemmel korozyon direnci.<br \/>\nOla\u011fan\u00fcst\u00fc film mukavemetine sahip son derece sa\u011flam ya\u011flay\u0131c\u0131lar, ya\u011flay\u0131c\u0131lar\u0131n zorlu \u00e7al\u0131\u015fma ko\u015fullar\u0131nda bile yerinde kalmas\u0131n\u0131 sa\u011flar.<br \/>\nEkstrem ko\u015fullarda b\u00fct\u00fcnl\u00fc\u011f\u00fcn\u00fc korur ve uzun ya\u011flama aral\u0131klar\u0131n\u0131 korumaya devam ederek ekipman ar\u0131zalar\u0131n\u0131, ar\u0131za s\u00fcresini ve ya\u011flay\u0131c\u0131 kullan\u0131m\u0131n\u0131 azalt\u0131r.<\/p>\n","protected":false},"featured_media":17045,"comment_status":"closed","ping_status":"closed","template":"","meta":[],"product_cat":[15],"product_tag":[101,106,98,93,100,110,105,107,89,94,97,109,88,96,91,104,102,108,87,86],"_links":{"self":[{"href":"https:\/\/izmitrulman.com\/index.php?rest_route=\/wp\/v2\/product\/17044"}],"collection":[{"href":"https:\/\/izmitrulman.com\/index.php?rest_route=\/wp\/v2\/product"}],"about":[{"href":"https:\/\/izmitrulman.com\/index.php?rest_route=\/wp\/v2\/types\/product"}],"replies":[{"embeddable":true,"href":"https:\/\/izmitrulman.com\/index.php?rest_route=%2Fwp%2Fv2%2Fcomments&post=17044"}],"wp:featuredmedia":[{"embeddable":true,"href":"https:\/\/izmitrulman.com\/index.php?rest_route=\/wp\/v2\/media\/17045"}],"wp:attachment":[{"href":"https:\/\/izmitrulman.com\/index.php?rest_route=%2Fwp%2Fv2%2Fmedia&parent=17044"}],"wp:term":[{"taxonomy":"product_cat","embeddable":true,"href":"https:\/\/izmitrulman.com\/index.php?rest_route=%2Fwp%2Fv2%2Fproduct_cat&post=17044"},{"taxonomy":"product_tag","embeddable":true,"href":"https:\/\/izmitrulman.com\/index.php?rest_route=%2Fwp%2Fv2%2Fproduct_tag&post=17044"}],"curies":[{"name":"wp","href":"https:\/\/api.w.org\/{rel}","templated":true}]}}