{"id":17046,"date":"2021-03-28T18:37:56","date_gmt":"2021-03-28T15:37:56","guid":{"rendered":"https:\/\/izmitrulman.com\/?post_type=product&#038;p=17046"},"modified":"2021-03-28T18:37:57","modified_gmt":"2021-03-28T15:37:57","slug":"sapphire-hi-speed-2","status":"publish","type":"product","link":"https:\/\/izmitrulman.com\/?product=sapphire-hi-speed-2","title":{"rendered":"SAPPHIRE Hi-Speed 2"},"content":{"rendered":"<p><strong>SAPPHIRE Hi-Speed 2<\/strong><\/p>\n<p>1.250.000 MN&#8217;ye kadar a\u015f\u0131r\u0131 y\u00fcksek h\u0131z kapasitesi<br \/>\nM\u00fckemmel y\u00fck ta\u015f\u0131ma kapasitesi<br \/>\nCNC tezgahlar\u0131 y\u00fcksek h\u0131zl\u0131 spindle rulmanlar\u0131nda tek kullan\u0131lacak gres.<br \/>\nS\u00fcper y\u00fcksek devirde \u00e7al\u0131\u015fan ve \u00e7al\u0131\u015f\u0131rken sessizlik istenen rulmanlar i\u00e7in \u00f6zel olarak dizayn edilmi\u015f; yap\u0131\u015fkan, sabun bazl\u0131, Tam Sentetik y\u00fcksek h\u0131z gresi olup, DmN Fakt\u00f6r\u00fc 1.250.000\u2019dir. \u00c7ekim sistemlerinde, silindir yataklar\u0131nda, i\u011fneli ve oluklu rulmanlarda kullan\u0131lmas\u0131 tavsiye edilir. \u00c7al\u0131\u015fma s\u0131cakl\u0131\u011f\u0131 : \u201340\u00b0C ile +120\u00b0C\u2019dir. (NLGI  2)<\/p>\n","protected":false},"excerpt":{"rendered":"<p><strong>SAPPHIRE Hi-Speed 2<\/strong><\/p>\n<p>1.250.000 MN&#8217;ye kadar a\u015f\u0131r\u0131 y\u00fcksek h\u0131z kapasitesi<br \/>\nM\u00fckemmel y\u00fck ta\u015f\u0131ma kapasitesi<br \/>\nCNC tezgahlar\u0131 y\u00fcksek h\u0131zl\u0131 spindle rulmanlar\u0131nda tek kullan\u0131lacak gres.<br \/>\nS\u00fcper y\u00fcksek devirde \u00e7al\u0131\u015fan ve \u00e7al\u0131\u015f\u0131rken sessizlik istenen rulmanlar i\u00e7in \u00f6zel olarak dizayn edilmi\u015f; yap\u0131\u015fkan, sabun bazl\u0131, Tam Sentetik y\u00fcksek h\u0131z gresi olup, DmN Fakt\u00f6r\u00fc 1.250.000\u2019dir. \u00c7ekim sistemlerinde, silindir yataklar\u0131nda, i\u011fneli ve oluklu rulmanlarda kullan\u0131lmas\u0131 tavsiye edilir. \u00c7al\u0131\u015fma s\u0131cakl\u0131\u011f\u0131 : \u201340\u00b0C ile +120\u00b0C\u2019dir. (NLGI  2)<\/p>\n","protected":false},"featured_media":17047,"comment_status":"closed","ping_status":"closed","template":"","meta":[],"product_cat":[15],"product_tag":[101,106,98,93,100,110,105,107,89,94,97,109,88,96,91,104,90,102,95,108,87,86],"_links":{"self":[{"href":"https:\/\/izmitrulman.com\/index.php?rest_route=\/wp\/v2\/product\/17046"}],"collection":[{"href":"https:\/\/izmitrulman.com\/index.php?rest_route=\/wp\/v2\/product"}],"about":[{"href":"https:\/\/izmitrulman.com\/index.php?rest_route=\/wp\/v2\/types\/product"}],"replies":[{"embeddable":true,"href":"https:\/\/izmitrulman.com\/index.php?rest_route=%2Fwp%2Fv2%2Fcomments&post=17046"}],"wp:featuredmedia":[{"embeddable":true,"href":"https:\/\/izmitrulman.com\/index.php?rest_route=\/wp\/v2\/media\/17047"}],"wp:attachment":[{"href":"https:\/\/izmitrulman.com\/index.php?rest_route=%2Fwp%2Fv2%2Fmedia&parent=17046"}],"wp:term":[{"taxonomy":"product_cat","embeddable":true,"href":"https:\/\/izmitrulman.com\/index.php?rest_route=%2Fwp%2Fv2%2Fproduct_cat&post=17046"},{"taxonomy":"product_tag","embeddable":true,"href":"https:\/\/izmitrulman.com\/index.php?rest_route=%2Fwp%2Fv2%2Fproduct_tag&post=17046"}],"curies":[{"name":"wp","href":"https:\/\/api.w.org\/{rel}","templated":true}]}}