{"id":17050,"date":"2021-03-28T18:48:09","date_gmt":"2021-03-28T15:48:09","guid":{"rendered":"https:\/\/izmitrulman.com\/?post_type=product&#038;p=17050"},"modified":"2021-03-28T18:49:35","modified_gmt":"2021-03-28T15:49:35","slug":"sapphire-lo-temp-2","status":"publish","type":"product","link":"https:\/\/izmitrulman.com\/?product=sapphire-lo-temp-2","title":{"rendered":"SAPPHIRE Lo-Temp 2"},"content":{"rendered":"<p><strong>SAPPHIRE Lo-Temp 2<\/strong><br \/>\nYar\u0131 sentetik, multi kompleks, sabun ile kal\u0131nla\u015ft\u0131r\u0131lm\u0131\u015f d\u00fc\u015f\u00fck \u0131s\u0131 gresidir. \u201350 \u00b0C \u2019deki \u00e7ok d\u00fc\u015f\u00fck \u00e7al\u0131\u015fma ortamlar\u0131ndaki ilk \u00e7al\u0131\u015fma hareketlerini kolayla\u015ft\u0131r\u0131r. D\u00fcz ve rulmanl\u0131 yataklarda y\u00fcke ve a\u015f\u0131nmaya kar\u015f\u0131 y\u00fcksek dayan\u0131m sa\u011flar. \u00c7al\u0131\u015fma s\u0131cakl\u0131\u011f\u0131 : \u201350\u00b0C ile +120\u00b0C\u2019dir. (NLGI 2)<\/p>\n","protected":false},"excerpt":{"rendered":"<p><a href=\"https:\/\/www.rocol.com\/datasheets\/download\/tds\/6\/SAPPHIRE%20LO-TEMP%202\"><img decoding=\"async\" loading=\"lazy\" src=\"https:\/\/izmitrulman.com\/wp-content\/uploads\/2021\/03\/pdf_icon2-60x60.png\" alt=\"\" width=\"60\" height=\"60\" class=\"alignnone size-full wp-image-16976\" \/><\/a><br \/>\n<strong>SAPPHIRE Lo-Temp 2<\/strong><br \/>\nYar\u0131 sentetik, multi kompleks, sabun ile kal\u0131nla\u015ft\u0131r\u0131lm\u0131\u015f d\u00fc\u015f\u00fck \u0131s\u0131 gresidir. \u201350 \u00b0C \u2019deki \u00e7ok d\u00fc\u015f\u00fck \u00e7al\u0131\u015fma ortamlar\u0131ndaki ilk \u00e7al\u0131\u015fma hareketlerini kolayla\u015ft\u0131r\u0131r. D\u00fcz ve rulmanl\u0131 yataklarda y\u00fcke ve a\u015f\u0131nmaya kar\u015f\u0131 y\u00fcksek dayan\u0131m sa\u011flar. \u00c7al\u0131\u015fma s\u0131cakl\u0131\u011f\u0131 : \u201350\u00b0C ile +120\u00b0C\u2019dir. (NLGI 2)<\/p>\n","protected":false},"featured_media":17051,"comment_status":"closed","ping_status":"closed","template":"","meta":[],"product_cat":[92],"product_tag":[101,106,98,100,94,88,96,91,104,90,102,95,108,87,86],"_links":{"self":[{"href":"https:\/\/izmitrulman.com\/index.php?rest_route=\/wp\/v2\/product\/17050"}],"collection":[{"href":"https:\/\/izmitrulman.com\/index.php?rest_route=\/wp\/v2\/product"}],"about":[{"href":"https:\/\/izmitrulman.com\/index.php?rest_route=\/wp\/v2\/types\/product"}],"replies":[{"embeddable":true,"href":"https:\/\/izmitrulman.com\/index.php?rest_route=%2Fwp%2Fv2%2Fcomments&post=17050"}],"wp:featuredmedia":[{"embeddable":true,"href":"https:\/\/izmitrulman.com\/index.php?rest_route=\/wp\/v2\/media\/17051"}],"wp:attachment":[{"href":"https:\/\/izmitrulman.com\/index.php?rest_route=%2Fwp%2Fv2%2Fmedia&parent=17050"}],"wp:term":[{"taxonomy":"product_cat","embeddable":true,"href":"https:\/\/izmitrulman.com\/index.php?rest_route=%2Fwp%2Fv2%2Fproduct_cat&post=17050"},{"taxonomy":"product_tag","embeddable":true,"href":"https:\/\/izmitrulman.com\/index.php?rest_route=%2Fwp%2Fv2%2Fproduct_tag&post=17050"}],"curies":[{"name":"wp","href":"https:\/\/api.w.org\/{rel}","templated":true}]}}