{"id":17055,"date":"2021-03-28T18:55:39","date_gmt":"2021-03-28T15:55:39","guid":{"rendered":"https:\/\/izmitrulman.com\/?post_type=product&#038;p=17055"},"modified":"2021-03-28T18:55:40","modified_gmt":"2021-03-28T15:55:40","slug":"tufgear-universal","status":"publish","type":"product","link":"https:\/\/izmitrulman.com\/?product=tufgear-universal","title":{"rendered":"TUFGEAR Universal"},"content":{"rendered":"<p><strong>TUFGEAR Evrensel<\/strong><br \/>\nZorlu uygulamalar i\u00e7in a\u011f\u0131r hizmet tipi a\u00e7\u0131k di\u015fli ya\u011f\u0131<\/p>\n<p>\u2022 Geni\u015f s\u0131cakl\u0131k aral\u0131\u011f\u0131 -40 \u00b0 C ila + 120 \u00b0 C.<br \/>\n\u2022 Y\u00fcksek y\u00fck ta\u015f\u0131yan kat\u0131lar\u0131n bir kar\u0131\u015f\u0131m\u0131n\u0131 i\u00e7eren erimeyen gres.<br \/>\n\u2022 Y\u00fcksek y\u00fck ta\u015f\u0131yan kat\u0131lar\u0131n kombinasyonu, \u00f6zellikle \u00e7ok y\u00fckl\u00fc uygulamalarda a\u011f\u0131r hizmet performans\u0131n\u0131 art\u0131r\u0131r.<br \/>\n\u2022 800 kg kaynak y\u00fck\u00fc ile ola\u011fan\u00fcst\u00fc EP performans\u0131 g\u00f6sterir.<br \/>\n\u2022 Nemli, nemli ve hatta \u0131slak ko\u015fullarda korumak i\u00e7in m\u00fckemmel korozyon direnci.<br \/>\n\u2022 Ya\u011flay\u0131c\u0131n\u0131n di\u015fli di\u015flerine yap\u0131\u015fmas\u0131n\u0131 ve f\u0131rlamas\u0131n\u0131 sa\u011flamak son derece dayan\u0131kl\u0131d\u0131r.<br \/>\n\u2022 Ekstrem ko\u015fullarda b\u00fct\u00fcnl\u00fc\u011f\u00fc korur ve uzun ya\u011flama aral\u0131klar\u0131n\u0131 korumaya devam ederek ekipman ar\u0131zalar\u0131n\u0131, ar\u0131za s\u00fcresini ve ya\u011flay\u0131c\u0131 kullan\u0131m\u0131n\u0131 azalt\u0131r.<\/p>\n<p>&#8212;&#8211;<\/p>\n<p><strong>TUFGEAR Universal<\/strong><br \/>\nHeavy-duty open gear lubricant for demanding applications<\/p>\n<p>\u2022 Wide temperature range -40\u00b0C to +120\u00b0C.<br \/>\n\u2022 Non-melting grease containing a blend of high load carrying solids.<br \/>\n\u2022 Combination of high load carrying solids boosts the heavy duty performance particularly in highly loaded applications.<br \/>\n\u2022 Demonstrates outstanding EP performance with a weld load of 800 kg.<br \/>\n\u2022 Excellent corrosion resistance to protect in humid, damp and even wet conditions.<br \/>\n\u2022 It is highly tenacious ensuring that the lubricant adheres to the gear teeth and does not fling off.<br \/>\n\u2022 Maintains integrity in extreme conditions and continues to protect over extended lubrication intervals, reducing equipment failure, downtime and lubricant usage.<\/p>\n","protected":false},"excerpt":{"rendered":"<p><a href=\"https:\/\/www.rocol.com\/datasheets\/download\/tds\/6\/TUFGEAR%20Universal\"><img decoding=\"async\" loading=\"lazy\" src=\"https:\/\/izmitrulman.com\/wp-content\/uploads\/2021\/03\/pdf_icon2-60x60.png\" alt=\"\" width=\"60\" height=\"60\" class=\"alignnone size-full wp-image-16976\" \/><\/a><br \/>\n<strong>TUFGEAR Evrensel<\/strong><br \/>\nZorlu uygulamalar i\u00e7in a\u011f\u0131r hizmet tipi a\u00e7\u0131k di\u015fli ya\u011f\u0131<\/p>\n<p>\u2022 Geni\u015f s\u0131cakl\u0131k aral\u0131\u011f\u0131 -40 \u00b0 C ila + 120 \u00b0 C.<br \/>\n\u2022 Y\u00fcksek y\u00fck ta\u015f\u0131yan kat\u0131lar\u0131n bir kar\u0131\u015f\u0131m\u0131n\u0131 i\u00e7eren erimeyen gres.<br \/>\n\u2022 Y\u00fcksek y\u00fck ta\u015f\u0131yan kat\u0131lar\u0131n kombinasyonu, \u00f6zellikle \u00e7ok y\u00fckl\u00fc uygulamalarda a\u011f\u0131r hizmet performans\u0131n\u0131 art\u0131r\u0131r.<br \/>\n\u2022 800 kg kaynak y\u00fck\u00fc ile ola\u011fan\u00fcst\u00fc EP performans\u0131 g\u00f6sterir.<br \/>\n\u2022 Nemli, nemli ve hatta \u0131slak ko\u015fullarda korumak i\u00e7in m\u00fckemmel korozyon direnci.<br \/>\n\u2022 Ya\u011flay\u0131c\u0131n\u0131n di\u015fli di\u015flerine yap\u0131\u015fmas\u0131n\u0131 ve f\u0131rlamas\u0131n\u0131 sa\u011flamak son derece dayan\u0131kl\u0131d\u0131r.<br \/>\n\u2022 Ekstrem ko\u015fullarda b\u00fct\u00fcnl\u00fc\u011f\u00fc korur ve uzun ya\u011flama aral\u0131klar\u0131n\u0131 korumaya devam ederek ekipman ar\u0131zalar\u0131n\u0131, ar\u0131za s\u00fcresini ve ya\u011flay\u0131c\u0131 kullan\u0131m\u0131n\u0131 azalt\u0131r.<\/p>\n","protected":false},"featured_media":17056,"comment_status":"closed","ping_status":"closed","template":"","meta":[],"product_cat":[92],"product_tag":[101,106,98,100,110,105,107,89,94,97,109,88,96,91,104,90,102,95,108,87,86],"_links":{"self":[{"href":"https:\/\/izmitrulman.com\/index.php?rest_route=\/wp\/v2\/product\/17055"}],"collection":[{"href":"https:\/\/izmitrulman.com\/index.php?rest_route=\/wp\/v2\/product"}],"about":[{"href":"https:\/\/izmitrulman.com\/index.php?rest_route=\/wp\/v2\/types\/product"}],"replies":[{"embeddable":true,"href":"https:\/\/izmitrulman.com\/index.php?rest_route=%2Fwp%2Fv2%2Fcomments&post=17055"}],"wp:featuredmedia":[{"embeddable":true,"href":"https:\/\/izmitrulman.com\/index.php?rest_route=\/wp\/v2\/media\/17056"}],"wp:attachment":[{"href":"https:\/\/izmitrulman.com\/index.php?rest_route=%2Fwp%2Fv2%2Fmedia&parent=17055"}],"wp:term":[{"taxonomy":"product_cat","embeddable":true,"href":"https:\/\/izmitrulman.com\/index.php?rest_route=%2Fwp%2Fv2%2Fproduct_cat&post=17055"},{"taxonomy":"product_tag","embeddable":true,"href":"https:\/\/izmitrulman.com\/index.php?rest_route=%2Fwp%2Fv2%2Fproduct_tag&post=17055"}],"curies":[{"name":"wp","href":"https:\/\/api.w.org\/{rel}","templated":true}]}}