{"id":17057,"date":"2021-03-28T18:58:42","date_gmt":"2021-03-28T15:58:42","guid":{"rendered":"https:\/\/izmitrulman.com\/?post_type=product&#038;p=17057"},"modified":"2021-03-28T18:59:20","modified_gmt":"2021-03-28T15:59:20","slug":"ultracut-390h","status":"publish","type":"product","link":"https:\/\/izmitrulman.com\/?product=ultracut-390h","title":{"rendered":"ULTRACUT 390H"},"content":{"rendered":"<p><strong>ULTRACUT 390H<\/strong><br \/>\nGenel Ama\u00e7l\u0131 Yar\u0131 Sentetik Kesme S\u0131v\u0131s\u0131<\/p>\n<p>Uzun ve \u00f6ng\u00f6r\u00fclebilir karter \u00f6mr\u00fc.<br \/>\n\u00b7 Sert ve yumu\u015fak suyla uyumludur.<br \/>\n\u00b7 Tak\u0131m \u00f6mr\u00fcn\u00fc uzat\u0131r.<br \/>\n\u00b7 Bozulmaya kar\u015f\u0131 do\u011fas\u0131 gere\u011fi diren\u00e7lidir.<br \/>\n\u00b7 \u00c7ok \u00e7e\u015fitli malzemeler i\u00e7in uygundur.<br \/>\n\u00b7 S\u00fcrt\u00fck ya\u011f\u0131 em\u00fclsifiye eder.<br \/>\n\u00b7 D\u00fc\u015f\u00fck k\u00f6p\u00fcklenme.<br \/>\n\u00b7 Keyifli ve kullan\u0131m\u0131 g\u00fcvenlidir.<\/p>\n<p>&#8212;&#8211;<\/p>\n<p><strong>ULTRACUT 390H<\/strong><br \/>\nGeneral Purpose Semi-Synthetic Cutting Fluid<\/p>\n<p>\u00b7 Long and predictable sump life.<br \/>\n\u00b7 Compatible with hard and soft water.<br \/>\n\u00b7 Extends tool life.<br \/>\n\u00b7 Inherently resistant to degradation.<br \/>\n\u00b7 Suitable for a wide range of materials.<br \/>\n\u00b7 Emulsifies tramp oil.<br \/>\n\u00b7 Low foaming.<br \/>\n\u00b7 Pleasant and safe to use.<\/p>\n","protected":false},"excerpt":{"rendered":"<p><a href=\"https:\/\/www.rocol.com\/datasheets\/download\/tds\/6\/Ultracut%20390H\"><img decoding=\"async\" loading=\"lazy\" src=\"https:\/\/izmitrulman.com\/wp-content\/uploads\/2021\/03\/pdf_icon2-60x60.png\" alt=\"\" width=\"60\" height=\"60\" class=\"alignnone size-full wp-image-16976\" \/><\/a><br \/>\n<strong>ULTRACUT 390H<\/strong><br \/>\nGenel Ama\u00e7l\u0131 Yar\u0131 Sentetik Kesme S\u0131v\u0131s\u0131<br \/>\nUzun ve \u00f6ng\u00f6r\u00fclebilir karter \u00f6mr\u00fc.<br \/>\n\u00b7 Sert ve yumu\u015fak suyla uyumludur.<br \/>\n\u00b7 Tak\u0131m \u00f6mr\u00fcn\u00fc uzat\u0131r.<br \/>\n\u00b7 Bozulmaya kar\u015f\u0131 do\u011fas\u0131 gere\u011fi diren\u00e7lidir.<br \/>\n\u00b7 \u00c7ok \u00e7e\u015fitli malzemeler i\u00e7in uygundur.<br \/>\n\u00b7 S\u00fcrt\u00fck ya\u011f\u0131 em\u00fclsifiye eder.<br \/>\n\u00b7 D\u00fc\u015f\u00fck k\u00f6p\u00fcklenme.<br \/>\n\u00b7 Keyifli ve kullan\u0131m\u0131 g\u00fcvenlidir.<\/p>\n","protected":false},"featured_media":17058,"comment_status":"closed","ping_status":"closed","template":"","meta":[],"product_cat":[92],"product_tag":[101,106,98,93,100,110,105,107,89,94,97,109,88,96,91,104,90,102,95,108,87,86],"_links":{"self":[{"href":"https:\/\/izmitrulman.com\/index.php?rest_route=\/wp\/v2\/product\/17057"}],"collection":[{"href":"https:\/\/izmitrulman.com\/index.php?rest_route=\/wp\/v2\/product"}],"about":[{"href":"https:\/\/izmitrulman.com\/index.php?rest_route=\/wp\/v2\/types\/product"}],"replies":[{"embeddable":true,"href":"https:\/\/izmitrulman.com\/index.php?rest_route=%2Fwp%2Fv2%2Fcomments&post=17057"}],"wp:featuredmedia":[{"embeddable":true,"href":"https:\/\/izmitrulman.com\/index.php?rest_route=\/wp\/v2\/media\/17058"}],"wp:attachment":[{"href":"https:\/\/izmitrulman.com\/index.php?rest_route=%2Fwp%2Fv2%2Fmedia&parent=17057"}],"wp:term":[{"taxonomy":"product_cat","embeddable":true,"href":"https:\/\/izmitrulman.com\/index.php?rest_route=%2Fwp%2Fv2%2Fproduct_cat&post=17057"},{"taxonomy":"product_tag","embeddable":true,"href":"https:\/\/izmitrulman.com\/index.php?rest_route=%2Fwp%2Fv2%2Fproduct_tag&post=17057"}],"curies":[{"name":"wp","href":"https:\/\/api.w.org\/{rel}","templated":true}]}}