{"id":17120,"date":"2021-04-03T19:46:50","date_gmt":"2021-04-03T16:46:50","guid":{"rendered":"https:\/\/izmitrulman.com\/?post_type=product&#038;p=17120"},"modified":"2021-04-03T19:46:50","modified_gmt":"2021-04-03T16:46:50","slug":"foodlube-spray-15710","status":"publish","type":"product","link":"https:\/\/izmitrulman.com\/?product=foodlube-spray-15710","title":{"rendered":"FOODLUBE\u00ae Spray &#8211; 15710"},"content":{"rendered":"<p><strong>FOODLUBE\u00ae Sprey<\/strong><br \/>\nG\u0131da S\u0131n\u0131f\u0131, \u00c7ok Ama\u00e7l\u0131, Ya\u011flay\u0131c\u0131 Sprey<br \/>\nUzun \u00f6m\u00fcrl\u00fc koruyucu film<br \/>\n\u0130yi korozyon korumas\u0131<br \/>\nS\u0131cakl\u0131k aral\u0131\u011f\u0131 -20\u00baC ila + 110\u00baC<br \/>\nDETEX teknolojisi &#8211; r\u00f6ntgen ve metal alg\u0131lanabilir plastik aerosol kapaklar\u0131 ve akt\u00fcat\u00f6rler, plastik kontaminasyon riskini azalt\u0131r<br \/>\nTam denetim uyumlulu\u011fu i\u00e7in NSF H1 tescilli ve ISO 21469 sertifikal\u0131<br \/>\nHELAL Sertifikal\u0131<br \/>\nKosher Sertifikal\u0131<br \/>\nG\u0131daya uygun k\u0131lavuz \u00e7ekme veya kesme s\u0131v\u0131s\u0131 olarak kullan\u0131labilir<\/p>\n<p>&#8212;&#8211;<\/p>\n<p><strong>FOODLUBE\u00ae Spray<\/strong><br \/>\nFood Grade, Multi-Purpose, Lubricant Spray<br \/>\nLong lasting protective film<br \/>\nGood corrosion protection<br \/>\nTemperature range -20\u00baC to +110\u00baC<br \/>\nDETEX technology \u2013 x-ray and metal detectable plastic aerosol caps and actuators reduces risk of plastic contamination<br \/>\nNSF H1 registered &amp; ISO 21469 certified for full audit compliance<br \/>\nHALAL Certified<br \/>\nKosher Certified<br \/>\nMay be used as a food safe tapping or cutting fluid<\/p>\n","protected":false},"excerpt":{"rendered":"<p><a href=\"https:\/\/www.rocol.com\/datasheets\/download\/tds\/6\/FOODLUBE%20Spray\"><img decoding=\"async\" loading=\"lazy\" src=\"https:\/\/izmitrulman.com\/wp-content\/uploads\/2021\/03\/pdf_icon2-60x60.png\" alt=\"\" width=\"60\" height=\"60\" class=\"alignnone size-full wp-image-16976\" \/><\/a><br \/>\n<strong>FOODLUBE\u00ae Sprey<\/strong><br \/>\nG\u0131da S\u0131n\u0131f\u0131, \u00c7ok Ama\u00e7l\u0131, Ya\u011flay\u0131c\u0131 Sprey<br \/>\nUzun \u00f6m\u00fcrl\u00fc koruyucu film<br \/>\n\u0130yi korozyon korumas\u0131<br \/>\nS\u0131cakl\u0131k aral\u0131\u011f\u0131 -20\u00baC ila + 110\u00baC<br \/>\nDETEX teknolojisi &#8211; r\u00f6ntgen ve metal alg\u0131lanabilir plastik aerosol kapaklar\u0131 ve akt\u00fcat\u00f6rler, plastik kontaminasyon riskini azalt\u0131r<br \/>\nTam denetim uyumlulu\u011fu i\u00e7in NSF H1 tescilli ve ISO 21469 sertifikal\u0131<br \/>\nHELAL Sertifikal\u0131<br \/>\nKosher Sertifikal\u0131<br \/>\nG\u0131daya uygun k\u0131lavuz \u00e7ekme veya kesme s\u0131v\u0131s\u0131 olarak kullan\u0131labilir<\/p>\n","protected":false},"featured_media":17121,"comment_status":"closed","ping_status":"closed","template":"","meta":[],"product_cat":[15],"product_tag":[101,106,98,93,100,110,105,88,102,87],"_links":{"self":[{"href":"https:\/\/izmitrulman.com\/index.php?rest_route=\/wp\/v2\/product\/17120"}],"collection":[{"href":"https:\/\/izmitrulman.com\/index.php?rest_route=\/wp\/v2\/product"}],"about":[{"href":"https:\/\/izmitrulman.com\/index.php?rest_route=\/wp\/v2\/types\/product"}],"replies":[{"embeddable":true,"href":"https:\/\/izmitrulman.com\/index.php?rest_route=%2Fwp%2Fv2%2Fcomments&post=17120"}],"wp:featuredmedia":[{"embeddable":true,"href":"https:\/\/izmitrulman.com\/index.php?rest_route=\/wp\/v2\/media\/17121"}],"wp:attachment":[{"href":"https:\/\/izmitrulman.com\/index.php?rest_route=%2Fwp%2Fv2%2Fmedia&parent=17120"}],"wp:term":[{"taxonomy":"product_cat","embeddable":true,"href":"https:\/\/izmitrulman.com\/index.php?rest_route=%2Fwp%2Fv2%2Fproduct_cat&post=17120"},{"taxonomy":"product_tag","embeddable":true,"href":"https:\/\/izmitrulman.com\/index.php?rest_route=%2Fwp%2Fv2%2Fproduct_tag&post=17120"}],"curies":[{"name":"wp","href":"https:\/\/api.w.org\/{rel}","templated":true}]}}