{"id":17122,"date":"2021-04-03T19:51:12","date_gmt":"2021-04-03T16:51:12","guid":{"rendered":"https:\/\/izmitrulman.com\/?post_type=product&#038;p=17122"},"modified":"2021-04-03T19:51:13","modified_gmt":"2021-04-03T16:51:13","slug":"leak-detector-spray-32030","status":"publish","type":"product","link":"https:\/\/izmitrulman.com\/?product=leak-detector-spray-32030","title":{"rendered":"LEAK DETECTOR Spray &#8211; 32030"},"content":{"rendered":"<p><strong>KA\u00c7AK DEDEKT\u00d6R\u00dc Sprey<\/strong><br \/>\nAerosol Formunda Gaz Ka\u00e7a\u011f\u0131 Tespit Sistemi<\/p>\n<p>\u00c7o\u011fu pozitif bas\u0131n\u00e7l\u0131 gaz sistemiyle kullan\u0131ma uygundur<br \/>\nDo\u011fal gaz ve LPG ta\u015f\u0131yan borularda kullan\u0131m i\u00e7in<br \/>\nSo\u011futucu gazlarla kullan\u0131m i\u00e7in g\u00fcvenli<br \/>\nA\u015f\u0131nd\u0131r\u0131c\u0131 Olmayan<br \/>\nD\u00fc\u015f\u00fck Klor i\u00e7eri\u011fi<br \/>\nUla\u015f\u0131lmas\u0131 zor alanlarda kullan\u0131m i\u00e7in derece a\u00e7\u0131<\/p>\n<p>&#8212;&#8211;<\/p>\n<p><strong>LEAK DETECTOR Spray<\/strong><br \/>\nGas Leak Detection System in Aerosol Form<\/p>\n<p>Suitable for use with most positive pressure gas systems<br \/>\nFor use on pipework carrying natural gas and LPG<br \/>\nSafe for use with refrigerant gases<br \/>\nNon Corrosive<br \/>\nLow Chlorine content<br \/>\ndegree angle for use in difficult to reach areas<\/p>\n","protected":false},"excerpt":{"rendered":"<p><a href=\"https:\/\/www.rocol.com\/datasheets\/download\/tds\/6\/LEAK%20DETECTOR%20Spray\"><img decoding=\"async\" loading=\"lazy\" src=\"https:\/\/izmitrulman.com\/wp-content\/uploads\/2021\/03\/pdf_icon2-60x60.png\" alt=\"\" width=\"60\" height=\"60\" class=\"alignnone size-full wp-image-16976\" \/><\/a><br \/>\n<strong>KA\u00c7AK DEDEKT\u00d6R\u00dc Sprey<\/strong><br \/>\nAerosol Formunda Gaz Ka\u00e7a\u011f\u0131 Tespit Sistemi<\/p>\n<p>\u00c7o\u011fu pozitif bas\u0131n\u00e7l\u0131 gaz sistemiyle kullan\u0131ma uygundur<br \/>\nDo\u011fal gaz ve LPG ta\u015f\u0131yan borularda kullan\u0131m i\u00e7in<br \/>\nSo\u011futucu gazlarla kullan\u0131m i\u00e7in g\u00fcvenli<br \/>\nA\u015f\u0131nd\u0131r\u0131c\u0131 Olmayan<br \/>\nD\u00fc\u015f\u00fck Klor i\u00e7eri\u011fi<br \/>\nUla\u015f\u0131lmas\u0131 zor alanlarda kullan\u0131m i\u00e7in derece a\u00e7\u0131<\/p>\n","protected":false},"featured_media":17123,"comment_status":"closed","ping_status":"closed","template":"","meta":[],"product_cat":[15],"product_tag":[96,91,104],"_links":{"self":[{"href":"https:\/\/izmitrulman.com\/index.php?rest_route=\/wp\/v2\/product\/17122"}],"collection":[{"href":"https:\/\/izmitrulman.com\/index.php?rest_route=\/wp\/v2\/product"}],"about":[{"href":"https:\/\/izmitrulman.com\/index.php?rest_route=\/wp\/v2\/types\/product"}],"replies":[{"embeddable":true,"href":"https:\/\/izmitrulman.com\/index.php?rest_route=%2Fwp%2Fv2%2Fcomments&post=17122"}],"wp:featuredmedia":[{"embeddable":true,"href":"https:\/\/izmitrulman.com\/index.php?rest_route=\/wp\/v2\/media\/17123"}],"wp:attachment":[{"href":"https:\/\/izmitrulman.com\/index.php?rest_route=%2Fwp%2Fv2%2Fmedia&parent=17122"}],"wp:term":[{"taxonomy":"product_cat","embeddable":true,"href":"https:\/\/izmitrulman.com\/index.php?rest_route=%2Fwp%2Fv2%2Fproduct_cat&post=17122"},{"taxonomy":"product_tag","embeddable":true,"href":"https:\/\/izmitrulman.com\/index.php?rest_route=%2Fwp%2Fv2%2Fproduct_tag&post=17122"}],"curies":[{"name":"wp","href":"https:\/\/api.w.org\/{rel}","templated":true}]}}