{"id":17169,"date":"2023-09-16T16:32:11","date_gmt":"2023-09-16T13:32:11","guid":{"rendered":"https:\/\/izmitrulman.com\/?post_type=product&#038;p=17169"},"modified":"2023-09-16T17:10:49","modified_gmt":"2023-09-16T14:10:49","slug":"pmi-msr-serisi-ultra-agir-yuk-masurali-linear-arabalar","status":"publish","type":"product","link":"https:\/\/izmitrulman.com\/?product=pmi-msr-serisi-ultra-agir-yuk-masurali-linear-arabalar","title":{"rendered":"PMI &#8211; MSR Serisi Ultra A\u011f\u0131r Y\u00fck &#8211;  Masural\u0131 Linear Arabalar"},"content":{"rendered":"<p>[vc_row][vc_column width=&#8221;1\/3&#8243;][vc_single_image image=&#8221;17172&#8243;][\/vc_column][vc_column width=&#8221;2\/3&#8243;][vc_column_text]MSR serisi, bilye yerine makaralarla donat\u0131l\u0131r ve bu nedenle MSR serisi, ayn\u0131 boyuttaki normal tipten daha y\u00fcksek rijitlik ve y\u00fckleme sa\u011flayabilir.\u00a0\u00d6zellikle y\u00fcksek do\u011fruluk, a\u011f\u0131r y\u00fck ve y\u00fcksek sertlik talepleri i\u00e7in uygundur.[\/vc_column_text][\/vc_column][\/vc_row][vc_row][vc_column][vc_tta_accordion][vc_tta_section title=&#8221;Araba Geni\u015f Model (MSR-E)&#8221; tab_id=&#8221;1694866390464-bb17b6d1-dd89&#8243;][vc_row_inner][vc_column_inner width=&#8221;1\/3&#8243;][vc_single_image image=&#8221;17173&#8243;][\/vc_column_inner][vc_column_inner width=&#8221;2\/3&#8243;][vc_column_text]<\/p>\n<h2>Araba Geni\u015f Model (MSR-E)<\/h2>\n<p>Bu tip, ta\u015f\u0131y\u0131c\u0131n\u0131n \u00fcst veya alt taraf\u0131ndan kurulum imkan\u0131 sunar.[\/vc_column_text][\/vc_column_inner][\/vc_row_inner][vc_row_inner][vc_column_inner][vc_column_text]<\/p>\n<table class=\"table table-hover productList\">\n<thead>\n<tr>\n<th>\u00dcr\u00fcn Kodu<\/th>\n<th>Ray Dahil Y\u00fckseklik<\/th>\n<th>Delik Merkezleri<\/th>\n<th>Araba En Boy<\/th>\n<th>Araba Stok<\/th>\n<th>Ray Stok<\/th>\n<\/tr>\n<\/thead>\n<tbody>\n<tr>\n<td>MSR 25 E<\/td>\n<td>36<\/td>\n<td>57-45<\/td>\n<td>70-97,5<\/td>\n<td>9999<\/td>\n<td>9999<\/td>\n<\/tr>\n<tr>\n<td>MSR 30 E<\/td>\n<td>42<\/td>\n<td>72-52<\/td>\n<td>90-112,4<\/td>\n<td>9999<\/td>\n<td>9999<\/td>\n<\/tr>\n<tr>\n<td>MSR 35 E<\/td>\n<td>48<\/td>\n<td>82-62<\/td>\n<td>100-125,3<\/td>\n<td>9999<\/td>\n<td>9999<\/td>\n<\/tr>\n<tr>\n<td>MSR 45 E<\/td>\n<td>60<\/td>\n<td>100-80<\/td>\n<td>120-154,2<\/td>\n<td>9999<\/td>\n<td>9999<\/td>\n<\/tr>\n<tr>\n<td>MSR 55 E<\/td>\n<td>70<\/td>\n<td>116-95<\/td>\n<td>140-185,4<\/td>\n<td>9999<\/td>\n<td>9999<\/td>\n<\/tr>\n<\/tbody>\n<\/table>\n<p>[\/vc_column_text][\/vc_column_inner][\/vc_row_inner][\/vc_tta_section][vc_tta_section title=&#8221;Araba Geni\u015f Uzun Model (MSR-LE)&#8221; tab_id=&#8221;1694866390483-c009b8dd-8c82&#8243;][vc_row_inner][vc_column_inner width=&#8221;1\/3&#8243;][vc_single_image image=&#8221;17174&#8243;][\/vc_column_inner][vc_column_inner width=&#8221;2\/3&#8243;][vc_column_text]<\/p>\n<h2>Araba Geni\u015f Uzun Model (MSR-LE)<\/h2>\n<p>Uzunlu\u011fun daha uzun olmas\u0131 d\u0131\u015f\u0131nda t\u00fcm boyutlar MSR-E ile ayn\u0131d\u0131r, bu da onu daha sert yapar.[\/vc_column_text][\/vc_column_inner][\/vc_row_inner][vc_row_inner][vc_column_inner][vc_column_text]<\/p>\n<table class=\"table table-hover productList\">\n<thead>\n<tr>\n<th>\u00dcr\u00fcn Kodu<\/th>\n<th>Ray Dahil Y\u00fckseklik<\/th>\n<th>Delik Merkezleri<\/th>\n<th>Araba En Boy<\/th>\n<th>Araba Stok<\/th>\n<th>Ray Stok<\/th>\n<\/tr>\n<\/thead>\n<tbody>\n<tr>\n<td>MSR 25 LE<\/td>\n<td>36<\/td>\n<td>57-45<\/td>\n<td>70-115,5<\/td>\n<td>9999<\/td>\n<td>9999<\/td>\n<\/tr>\n<tr>\n<td>MSR 30 LE<\/td>\n<td>42<\/td>\n<td>72-52<\/td>\n<td>90-135,2<\/td>\n<td>9999<\/td>\n<td>9999<\/td>\n<\/tr>\n<tr>\n<td>MSR 35 LE<\/td>\n<td>48<\/td>\n<td>82-62<\/td>\n<td>100-153,5<\/td>\n<td>9999<\/td>\n<td>9999<\/td>\n<\/tr>\n<tr>\n<td>MSR 45 LE<\/td>\n<td>60<\/td>\n<td>100-80<\/td>\n<td>120-189,4<\/td>\n<td>9999<\/td>\n<td>9999<\/td>\n<\/tr>\n<tr>\n<td>MSR 55 LE<\/td>\n<td>70<\/td>\n<td>116-95<\/td>\n<td>140-235,4<\/td>\n<td>9999<\/td>\n<td>9999<\/td>\n<\/tr>\n<tr>\n<td>MSR 65 LE<\/td>\n<td>90<\/td>\n<td>142-110<\/td>\n<td>170-302<\/td>\n<td>9999<\/td>\n<td>9999<\/td>\n<\/tr>\n<\/tbody>\n<\/table>\n<p>[\/vc_column_text][\/vc_column_inner][\/vc_row_inner][\/vc_tta_section][vc_tta_section title=&#8221;Araba Dar Model (MSR-S)&#8221; tab_id=&#8221;1694870509332-cf6ba656-8ed6&#8243;][vc_row_inner][vc_column_inner width=&#8221;1\/3&#8243;][vc_single_image image=&#8221;17175&#8243;][\/vc_column_inner][vc_column_inner width=&#8221;2\/3&#8243;][vc_column_text]<\/p>\n<h2>Araba Dar Model (MSR-S)<\/h2>\n<p>Daha k\u00fc\u00e7\u00fck geni\u015flikte kare tip ve araban\u0131n \u00fcst taraf\u0131ndan monte edilebilir.[\/vc_column_text][\/vc_column_inner][\/vc_row_inner][vc_row_inner][vc_column_inner][vc_column_text]<\/p>\n<table class=\"table table-hover productList\">\n<thead>\n<tr>\n<th>\u00dcr\u00fcn Kodu<\/th>\n<th>Ray Dahil Y\u00fckseklik<\/th>\n<th>Delik Merkezleri<\/th>\n<th>Araba En Boy<\/th>\n<th>Araba Stok<\/th>\n<th>Ray Stok<\/th>\n<\/tr>\n<\/thead>\n<tbody>\n<tr>\n<td>MSR 25 S<\/td>\n<td>40<\/td>\n<td>35-35<\/td>\n<td>48-97,5<\/td>\n<td>9999<\/td>\n<td>9999<\/td>\n<\/tr>\n<tr>\n<td>MSR 30 S<\/td>\n<td>45<\/td>\n<td>40-40<\/td>\n<td>60-112,4<\/td>\n<td>9999<\/td>\n<td>9999<\/td>\n<\/tr>\n<tr>\n<td>MSR 35 S<\/td>\n<td>55<\/td>\n<td>50-50<\/td>\n<td>70-125,3<\/td>\n<td>9999<\/td>\n<td>9999<\/td>\n<\/tr>\n<tr>\n<td>MSR 45 S<\/td>\n<td>70<\/td>\n<td>60-60<\/td>\n<td>86-154,2<\/td>\n<td>9999<\/td>\n<td>9999<\/td>\n<\/tr>\n<tr>\n<td>MSR 55 S<\/td>\n<td>80<\/td>\n<td>75-75<\/td>\n<td>100-185,4<\/td>\n<td>9999<\/td>\n<td>9999<\/td>\n<\/tr>\n<\/tbody>\n<\/table>\n<p>[\/vc_column_text][\/vc_column_inner][\/vc_row_inner][\/vc_tta_section][vc_tta_section title=&#8221;Araba Dar Uzun Model (MSR-LS)&#8221; tab_id=&#8221;1694870667480-1df606be-d038&#8243;][vc_row_inner][vc_column_inner width=&#8221;1\/3&#8243;][vc_single_image image=&#8221;17176&#8243;][\/vc_column_inner][vc_column_inner width=&#8221;2\/3&#8243;][vc_column_text]<\/p>\n<h2>Araba Dar Uzun Model (MSR-LS)<\/h2>\n<p>Uzunlu\u011fun daha uzun olmas\u0131 d\u0131\u015f\u0131nda t\u00fcm boyutlar MSR-S ile ayn\u0131d\u0131r, bu da onu daha sert yapar.[\/vc_column_text][\/vc_column_inner][\/vc_row_inner][vc_row_inner][vc_column_inner][vc_column_text]<\/p>\n<table class=\"table table-hover productList\">\n<thead>\n<tr>\n<th>\u00dcr\u00fcn Kodu<\/th>\n<th>Ray Dahil Y\u00fckseklik<\/th>\n<th>Delik Merkezleri<\/th>\n<th>Araba En Boy<\/th>\n<th>Araba Stok<\/th>\n<th>Ray Stok<\/th>\n<\/tr>\n<\/thead>\n<tbody>\n<tr>\n<td>MSR 25 LS<\/td>\n<td>40<\/td>\n<td>35-50<\/td>\n<td>48-115,5<\/td>\n<td>9999<\/td>\n<td>9999<\/td>\n<\/tr>\n<tr>\n<td>MSR 30 LS<\/td>\n<td>45<\/td>\n<td>40-60<\/td>\n<td>60-135,2<\/td>\n<td>9999<\/td>\n<td>9999<\/td>\n<\/tr>\n<tr>\n<td>MSR 35 LS<\/td>\n<td>55<\/td>\n<td>50-72<\/td>\n<td>70-153,5<\/td>\n<td>9999<\/td>\n<td>9999<\/td>\n<\/tr>\n<tr>\n<td>MSR 45 LS<\/td>\n<td>70<\/td>\n<td>60-80<\/td>\n<td>86-189,4<\/td>\n<td>9999<\/td>\n<td>9999<\/td>\n<\/tr>\n<tr>\n<td>MSR 55 LS<\/td>\n<td>80<\/td>\n<td>75-95<\/td>\n<td>100-235,4<\/td>\n<td>9999<\/td>\n<td>9999<\/td>\n<\/tr>\n<tr>\n<td>MSR 65 LS<\/td>\n<td>90<\/td>\n<td>76-120<\/td>\n<td>126-302<\/td>\n<td>9999<\/td>\n<td>9999<\/td>\n<\/tr>\n<\/tbody>\n<\/table>\n<p>[\/vc_column_text][\/vc_column_inner][\/vc_row_inner][\/vc_tta_section][\/vc_tta_accordion][\/vc_column][\/vc_row][vc_row][vc_column][vc_column_text]<\/p>\n<p>[\/vc_column_text][\/vc_column][\/vc_row][vc_row][vc_column][vc_column_text]<\/p>\n<p>[\/vc_column_text][\/vc_column][\/vc_row]<\/p>\n","protected":false},"excerpt":{"rendered":"<p>Tam makaral\u0131 tip lineer k\u0131zak<\/p>\n","protected":false},"featured_media":17170,"comment_status":"closed","ping_status":"closed","template":"","meta":[],"product_cat":[15,132,131],"product_tag":[],"_links":{"self":[{"href":"https:\/\/izmitrulman.com\/index.php?rest_route=\/wp\/v2\/product\/17169"}],"collection":[{"href":"https:\/\/izmitrulman.com\/index.php?rest_route=\/wp\/v2\/product"}],"about":[{"href":"https:\/\/izmitrulman.com\/index.php?rest_route=\/wp\/v2\/types\/product"}],"replies":[{"embeddable":true,"href":"https:\/\/izmitrulman.com\/index.php?rest_route=%2Fwp%2Fv2%2Fcomments&post=17169"}],"wp:featuredmedia":[{"embeddable":true,"href":"https:\/\/izmitrulman.com\/index.php?rest_route=\/wp\/v2\/media\/17170"}],"wp:attachment":[{"href":"https:\/\/izmitrulman.com\/index.php?rest_route=%2Fwp%2Fv2%2Fmedia&parent=17169"}],"wp:term":[{"taxonomy":"product_cat","embeddable":true,"href":"https:\/\/izmitrulman.com\/index.php?rest_route=%2Fwp%2Fv2%2Fproduct_cat&post=17169"},{"taxonomy":"product_tag","embeddable":true,"href":"https:\/\/izmitrulman.com\/index.php?rest_route=%2Fwp%2Fv2%2Fproduct_tag&post=17169"}],"curies":[{"name":"wp","href":"https:\/\/api.w.org\/{rel}","templated":true}]}}