{"id":17186,"date":"2023-09-16T17:44:41","date_gmt":"2023-09-16T14:44:41","guid":{"rendered":"https:\/\/izmitrulman.com\/?post_type=product&#038;p=17186"},"modified":"2023-09-16T17:51:55","modified_gmt":"2023-09-16T14:51:55","slug":"pmi-msc-msd-serisi-minyatur-tip-lineer-arabalar","status":"publish","type":"product","link":"https:\/\/izmitrulman.com\/?product=pmi-msc-msd-serisi-minyatur-tip-lineer-arabalar","title":{"rendered":"PMI &#8211; MSC.MSD Serisi Minyat\u00fcr Tip &#8211; Lineer Arabalar"},"content":{"rendered":"<p>[vc_row][vc_column width=&#8221;1\/3&#8243;][vc_single_image image=&#8221;17187&#8243;][\/vc_column][vc_column width=&#8221;2\/3&#8243;][vc_column_text]Ultra kompakt ve d\u00fc\u015f\u00fck s\u00fcrt\u00fcnme diren\u00e7li tasar\u0131m, kompakt ekipmana uygundur. Ya\u011flama yolu, ya\u011flay\u0131c\u0131n\u0131n her bir sirk\u00fclasyon d\u00f6ng\u00fcs\u00fcnde e\u015fit olarak da\u011f\u0131lmas\u0131n\u0131 sa\u011flar.<br \/>\nBu nedenle, herhangi bir kurulum y\u00f6n\u00fcnde optimum ya\u011flama elde edilebilir ve bu, \u00e7al\u0131\u015fma do\u011frulu\u011fu, hizmet \u00f6mr\u00fc ve g\u00fcvenilirlikteki performans\u0131 art\u0131r\u0131r.<\/p>\n<p><strong>\u00d6zellikler<\/strong><\/p>\n<ul>\n<li>D\u00f6rt Y\u00f6nl\u00fc E\u015fit Y\u00fck<\/li>\n<li>D\u00fc\u015f\u00fck G\u00fcr\u00fclt\u00fcl\u00fc Sorunsuz Hareket<\/li>\n<li>De\u011fi\u015ftirilebilirlik<\/li>\n<li>Ultra Kompakt<\/li>\n<li>Bilya Tutucu<\/li>\n<\/ul>\n<p>[\/vc_column_text][\/vc_column][\/vc_row][vc_row][vc_column][vc_tta_accordion][vc_tta_section title=&#8221;Araba K\u0131sa Model (MSC-M)&#8221; tab_id=&#8221;1694866390464-bb17b6d1-dd89&#8243;][vc_row_inner][vc_column_inner width=&#8221;1\/3&#8243;][vc_single_image image=&#8221;17190&#8243;][\/vc_column_inner][vc_column_inner width=&#8221;2\/3&#8243;][vc_column_text]<\/p>\n<h2>Araba K\u0131sa Model (MSC-M)<\/h2>\n<p>[\/vc_column_text][\/vc_column_inner][\/vc_row_inner][vc_row_inner][vc_column_inner][vc_column_text]<\/p>\n<table class=\"table table-hover productList\">\n<thead>\n<tr>\n<th>\u00dcr\u00fcn Kodu<\/th>\n<th>Ray Dahil Y\u00fckseklik<\/th>\n<th>Delik Merkezleri<\/th>\n<th>Araba En Boy<\/th>\n<th>Araba Stok<\/th>\n<th>Ray Stok<\/th>\n<\/tr>\n<\/thead>\n<tbody>\n<tr>\n<td>MSC 7 M<\/td>\n<td>8<\/td>\n<td>12&#8211;8<\/td>\n<td>17-23,6<\/td>\n<td>9999<\/td>\n<td>9999<\/td>\n<\/tr>\n<tr>\n<td>MSC 9 M<\/td>\n<td>10<\/td>\n<td>15&#8211;10<\/td>\n<td>20-31,1<\/td>\n<td>9999<\/td>\n<td>9999<\/td>\n<\/tr>\n<tr>\n<td>MSC 12 M<\/td>\n<td>13<\/td>\n<td>20-15<\/td>\n<td>27-34,6<\/td>\n<td>9999<\/td>\n<td>9999<\/td>\n<\/tr>\n<tr>\n<td>MSC 15 M<\/td>\n<td>16<\/td>\n<td>25-20<\/td>\n<td>32-43,5<\/td>\n<td>9999<\/td>\n<td>9999<\/td>\n<\/tr>\n<\/tbody>\n<\/table>\n<p>[\/vc_column_text][\/vc_column_inner][\/vc_row_inner][\/vc_tta_section][vc_tta_section title=&#8221;Araba Uzun Model (MSC-LM)&#8221; tab_id=&#8221;1694866390483-c009b8dd-8c82&#8243;][vc_row_inner][vc_column_inner width=&#8221;1\/3&#8243;][vc_single_image image=&#8221;17191&#8243;][\/vc_column_inner][vc_column_inner width=&#8221;2\/3&#8243;][vc_column_text]<\/p>\n<h2>Araba Uzun Model (MSC-LM)<\/h2>\n<p>[\/vc_column_text][\/vc_column_inner][\/vc_row_inner][vc_row_inner][vc_column_inner][vc_column_text]<\/p>\n<table class=\"table table-hover productList\">\n<thead>\n<tr>\n<th>\u00dcr\u00fcn Kodu<\/th>\n<th>Ray Dahil Y\u00fckseklik<\/th>\n<th>Delik Merkezleri<\/th>\n<th>Araba En Boy<\/th>\n<th>Araba Stok<\/th>\n<th>Ray Stok<\/th>\n<\/tr>\n<\/thead>\n<tbody>\n<tr>\n<td>MSC 7 LM<\/td>\n<td>8<\/td>\n<td>12&#8211;13<\/td>\n<td>17-33,1<\/td>\n<td>9999<\/td>\n<td>9999<\/td>\n<\/tr>\n<tr>\n<td>MSC 9 LM<\/td>\n<td>10<\/td>\n<td>15-16<\/td>\n<td>20-41,3<\/td>\n<td>9999<\/td>\n<td>9999<\/td>\n<\/tr>\n<tr>\n<td>MSC 12 LM<\/td>\n<td>13<\/td>\n<td>20-20<\/td>\n<td>27-47,6<\/td>\n<td>9999<\/td>\n<td>9999<\/td>\n<\/tr>\n<tr>\n<td>MSC 15 LM<\/td>\n<td>16<\/td>\n<td>25-25<\/td>\n<td>32-60,5<\/td>\n<td>9999<\/td>\n<td>9999<\/td>\n<\/tr>\n<\/tbody>\n<\/table>\n<p>[\/vc_column_text][\/vc_column_inner][\/vc_row_inner][\/vc_tta_section][\/vc_tta_accordion][\/vc_column][\/vc_row]<\/p>\n","protected":false},"excerpt":{"rendered":"<p>MSC, Gotik kemer olu\u011funa sahiptir ve radyal, ters radyal ve yanal y\u00f6nlerde e\u015fit bir y\u00fck ta\u015f\u0131mas\u0131n\u0131 sa\u011flayan 45\u00b0 temas a\u00e7\u0131s\u0131na g\u00f6re tasarlanm\u0131\u015ft\u0131r.<\/p>\n","protected":false},"featured_media":17189,"comment_status":"closed","ping_status":"closed","template":"","meta":[],"product_cat":[15,132,131],"product_tag":[],"_links":{"self":[{"href":"https:\/\/izmitrulman.com\/index.php?rest_route=\/wp\/v2\/product\/17186"}],"collection":[{"href":"https:\/\/izmitrulman.com\/index.php?rest_route=\/wp\/v2\/product"}],"about":[{"href":"https:\/\/izmitrulman.com\/index.php?rest_route=\/wp\/v2\/types\/product"}],"replies":[{"embeddable":true,"href":"https:\/\/izmitrulman.com\/index.php?rest_route=%2Fwp%2Fv2%2Fcomments&post=17186"}],"wp:featuredmedia":[{"embeddable":true,"href":"https:\/\/izmitrulman.com\/index.php?rest_route=\/wp\/v2\/media\/17189"}],"wp:attachment":[{"href":"https:\/\/izmitrulman.com\/index.php?rest_route=%2Fwp%2Fv2%2Fmedia&parent=17186"}],"wp:term":[{"taxonomy":"product_cat","embeddable":true,"href":"https:\/\/izmitrulman.com\/index.php?rest_route=%2Fwp%2Fv2%2Fproduct_cat&post=17186"},{"taxonomy":"product_tag","embeddable":true,"href":"https:\/\/izmitrulman.com\/index.php?rest_route=%2Fwp%2Fv2%2Fproduct_tag&post=17186"}],"curies":[{"name":"wp","href":"https:\/\/api.w.org\/{rel}","templated":true}]}}