{"id":17192,"date":"2023-09-16T17:53:33","date_gmt":"2023-09-16T14:53:33","guid":{"rendered":"https:\/\/izmitrulman.com\/?post_type=product&#038;p=17192"},"modified":"2023-09-16T18:03:18","modified_gmt":"2023-09-16T15:03:18","slug":"pmi-msg-serisi-genis-ray-tipi-lineer-arabalar","status":"publish","type":"product","link":"https:\/\/izmitrulman.com\/?product=pmi-msg-serisi-genis-ray-tipi-lineer-arabalar","title":{"rendered":"PMI &#8211; MSG Serisi Geni\u015f Ray Tipi &#8211; Lineer Arabalar"},"content":{"rendered":"<p>[vc_row][vc_column width=&#8221;1\/3&#8243;][vc_single_image image=&#8221;17194&#8243;][\/vc_column][vc_column width=&#8221;2\/3&#8243;][vc_column_text]MSG serisi, d\u00fc\u015f\u00fck s\u00fcrt\u00fcnme direncini korurken d\u00f6rt y\u00f6nde rijitli\u011fi art\u0131rmak i\u00e7in iyi dengelenmi\u015f bir \u00f6n y\u00fck sa\u011flayabilir.\u00a0Bu, \u00f6zellikle y\u00fcksek hassasiyet ve y\u00fcksek sertlik gerektiren harekete uygundur.\u00a0Tasar\u0131m gere\u011fi, tek ray kullanma ve d\u00fc\u015f\u00fck a\u011f\u0131rl\u0131k merkezi ile d\u00fc\u015f\u00fck profile sahip olma yetene\u011fi, alan\u0131n s\u0131n\u0131rl\u0131 oldu\u011fu ve y\u00fcksek momentlerin gerekli oldu\u011fu yerlerde idealdir.<\/p>\n<p><strong>\u00d6zellikler<\/strong><\/p>\n<ul>\n<li>Kompakt, D\u00f6rt Y\u00f6nl\u00fc E\u015fit Y\u00fck<\/li>\n<li>Kendinden Hizalama Yetene\u011fi<\/li>\n<li>D\u00fc\u015f\u00fck G\u00fcr\u00fclt\u00fcl\u00fc Sorunsuz Hareket<\/li>\n<li>De\u011fi\u015ftirilebilirlik<\/li>\n<\/ul>\n<p>[\/vc_column_text][\/vc_column][\/vc_row][vc_row][vc_column][vc_tta_accordion][vc_tta_section title=&#8221;Araba Geni\u015f Model (MSG-E)&#8221; tab_id=&#8221;1694866390464-bb17b6d1-dd89&#8243;][vc_row_inner][vc_column_inner width=&#8221;1\/3&#8243;][vc_single_image image=&#8221;17198&#8243;][\/vc_column_inner][vc_column_inner width=&#8221;2\/3&#8243;][vc_column_text]<\/p>\n<h2>Araba Geni\u015f Model (MSG-E)<\/h2>\n<p>Bu tip, ta\u015f\u0131y\u0131c\u0131n\u0131n \u00fcst veya alt taraf\u0131ndan kurulum imkan\u0131 sunar.[\/vc_column_text][\/vc_column_inner][\/vc_row_inner][vc_row_inner][vc_column_inner][vc_single_image image=&#8221;17197&#8243; img_size=&#8221;full&#8221;][\/vc_column_inner][\/vc_row_inner][\/vc_tta_section][vc_tta_section title=&#8221;Araba Dar Model (MSG-S)&#8221; tab_id=&#8221;1694866390483-c009b8dd-8c82&#8243;][vc_row_inner][vc_column_inner width=&#8221;1\/3&#8243;][vc_single_image image=&#8221;17199&#8243;][\/vc_column_inner][vc_column_inner width=&#8221;2\/3&#8243;][vc_column_text]<\/p>\n<h2>Araba Dar Model (MSG-S)<\/h2>\n<p>[\/vc_column_text][\/vc_column_inner][\/vc_row_inner][vc_row_inner][vc_column_inner][vc_single_image image=&#8221;17196&#8243; img_size=&#8221;full&#8221;][\/vc_column_inner][\/vc_row_inner][\/vc_tta_section][\/vc_tta_accordion][\/vc_column][\/vc_row]<\/p>\n","protected":false},"excerpt":{"rendered":"<p>Bilya dizileri, radyal, ters radyal ve yanal y\u00f6nlerde e\u015fit bir y\u00fck ta\u015f\u0131mas\u0131n\u0131 sa\u011flayan 45\u00b0&#8217;lik bir temas a\u00e7\u0131s\u0131na g\u00f6re tasarlanm\u0131\u015ft\u0131r. Bu nedenle herhangi bir montaj y\u00f6n\u00fcnde uygulanabilir.<\/p>\n","protected":false},"featured_media":17193,"comment_status":"closed","ping_status":"closed","template":"","meta":[],"product_cat":[15,132,131],"product_tag":[],"_links":{"self":[{"href":"https:\/\/izmitrulman.com\/index.php?rest_route=\/wp\/v2\/product\/17192"}],"collection":[{"href":"https:\/\/izmitrulman.com\/index.php?rest_route=\/wp\/v2\/product"}],"about":[{"href":"https:\/\/izmitrulman.com\/index.php?rest_route=\/wp\/v2\/types\/product"}],"replies":[{"embeddable":true,"href":"https:\/\/izmitrulman.com\/index.php?rest_route=%2Fwp%2Fv2%2Fcomments&post=17192"}],"wp:featuredmedia":[{"embeddable":true,"href":"https:\/\/izmitrulman.com\/index.php?rest_route=\/wp\/v2\/media\/17193"}],"wp:attachment":[{"href":"https:\/\/izmitrulman.com\/index.php?rest_route=%2Fwp%2Fv2%2Fmedia&parent=17192"}],"wp:term":[{"taxonomy":"product_cat","embeddable":true,"href":"https:\/\/izmitrulman.com\/index.php?rest_route=%2Fwp%2Fv2%2Fproduct_cat&post=17192"},{"taxonomy":"product_tag","embeddable":true,"href":"https:\/\/izmitrulman.com\/index.php?rest_route=%2Fwp%2Fv2%2Fproduct_tag&post=17192"}],"curies":[{"name":"wp","href":"https:\/\/api.w.org\/{rel}","templated":true}]}}