{"id":17201,"date":"2023-09-16T18:14:50","date_gmt":"2023-09-16T15:14:50","guid":{"rendered":"https:\/\/izmitrulman.com\/?post_type=product&#038;p=17201"},"modified":"2023-09-16T18:51:42","modified_gmt":"2023-09-16T15:51:42","slug":"pmi-somun-ve-vidali-miller-pmi-taiwan","status":"publish","type":"product","link":"https:\/\/izmitrulman.com\/?product=pmi-somun-ve-vidali-miller-pmi-taiwan","title":{"rendered":"PMI &#8211; Somun ve Vidal\u0131 Miller"},"content":{"rendered":"<p>[vc_row][vc_column width=&#8221;1\/3&#8243;][vc_single_image image=&#8221;17204&#8243;][\/vc_column][vc_column width=&#8221;2\/3&#8243;][vc_column_text]<\/p>\n<h2>Somun ve Vidal\u0131 Miller (PMI-Taiwan)<\/h2>\n<p>[\/vc_column_text][\/vc_column][\/vc_row][vc_row][vc_column][vc_tta_accordion][vc_tta_section title=&#8221; Somun&#8221; tab_id=&#8221;1694866390464-bb17b6d1-dd89&#8243;][vc_row_inner][vc_column_inner width=&#8221;1\/3&#8243;][vc_single_image image=&#8221;17203&#8243;][\/vc_column_inner][vc_column_inner width=&#8221;2\/3&#8243;][vc_column_text]<\/p>\n<h2>Somun<\/h2>\n<p>[\/vc_column_text][\/vc_column_inner][\/vc_row_inner][vc_row_inner][vc_column_inner][vc_column_text]<\/p>\n<table class=\"table table-hover productList\">\n<thead>\n<tr>\n<th>\u00dcr\u00fcn Kodu<\/th>\n<th>D<\/th>\n<th>Boy<\/th>\n<th>Flan\u015f \u00c7ap\u0131<\/th>\n<th>Stok<\/th>\n<\/tr>\n<\/thead>\n<tbody>\n<tr>\n<td>16-05 FSIN<\/td>\n<td>28<\/td>\n<td>42<\/td>\n<td>48<\/td>\n<td>9999<\/td>\n<\/tr>\n<tr class=\"seperator\">\n<td>20-05 FSIN<\/td>\n<td>36<\/td>\n<td>50<\/td>\n<td>58<\/td>\n<td>9999<\/td>\n<\/tr>\n<tr class=\"seperator\">\n<td>25-05 FSIN<\/td>\n<td>40<\/td>\n<td>50<\/td>\n<td>62<\/td>\n<td>9999<\/td>\n<\/tr>\n<tr>\n<td>25-10 FSIN<\/td>\n<td>40<\/td>\n<td>85<\/td>\n<td>62<\/td>\n<td>9999<\/td>\n<\/tr>\n<tr class=\"seperator\">\n<td>32-05 FSIN<\/td>\n<td>50<\/td>\n<td>50<\/td>\n<td>80<\/td>\n<td>9999<\/td>\n<\/tr>\n<tr>\n<td>32-10 FSIN<\/td>\n<td>50<\/td>\n<td>80<\/td>\n<td>80<\/td>\n<td>9999<\/td>\n<\/tr>\n<tr class=\"seperator\">\n<td>40-05 FSIN<\/td>\n<td>63<\/td>\n<td>54<\/td>\n<td>93<\/td>\n<td>9999<\/td>\n<\/tr>\n<tr>\n<td>40-10 FSIN<\/td>\n<td>63<\/td>\n<td>82<\/td>\n<td>93<\/td>\n<td>9999<\/td>\n<\/tr>\n<tr class=\"seperator\">\n<td>50-10 FSIN<\/td>\n<td>75<\/td>\n<td>88<\/td>\n<td>110<\/td>\n<td>9999<\/td>\n<\/tr>\n<\/tbody>\n<\/table>\n<p>[\/vc_column_text][\/vc_column_inner][\/vc_row_inner][\/vc_tta_section][vc_tta_section title=&#8221;Vidal\u0131 Mil&#8221; tab_id=&#8221;1694866390483-c009b8dd-8c82&#8243;][vc_row_inner][vc_column_inner width=&#8221;1\/3&#8243;][vc_single_image image=&#8221;17203&#8243;][\/vc_column_inner][vc_column_inner width=&#8221;2\/3&#8243;][vc_column_text]<\/p>\n<h2>Vidal\u0131 Mil<\/h2>\n<p>[\/vc_column_text][\/vc_column_inner][\/vc_row_inner][vc_row_inner][vc_column_inner][vc_column_text]<\/p>\n<table class=\"table table-hover productList\">\n<thead>\n<tr>\n<th>\u00dcr\u00fcn Kodu<\/th>\n<th>D<\/th>\n<th>Boy<\/th>\n<th>Flan\u015f \u00c7ap\u0131<\/th>\n<th>Stok<\/th>\n<\/tr>\n<\/thead>\n<tbody>\n<tr>\n<td>16-05 FSIN<\/td>\n<td>28<\/td>\n<td>42<\/td>\n<td>48<\/td>\n<td>9999<\/td>\n<\/tr>\n<tr class=\"seperator\">\n<td>20-05 FSIN<\/td>\n<td>36<\/td>\n<td>50<\/td>\n<td>58<\/td>\n<td>9999<\/td>\n<\/tr>\n<tr class=\"seperator\">\n<td>25-05 FSIN<\/td>\n<td>40<\/td>\n<td>50<\/td>\n<td>62<\/td>\n<td>9999<\/td>\n<\/tr>\n<tr>\n<td>25-10 FSIN<\/td>\n<td>40<\/td>\n<td>85<\/td>\n<td>62<\/td>\n<td>9999<\/td>\n<\/tr>\n<tr class=\"seperator\">\n<td>32-05 FSIN<\/td>\n<td>50<\/td>\n<td>50<\/td>\n<td>80<\/td>\n<td>9999<\/td>\n<\/tr>\n<tr>\n<td>32-10 FSIN<\/td>\n<td>50<\/td>\n<td>80<\/td>\n<td>80<\/td>\n<td>9999<\/td>\n<\/tr>\n<tr class=\"seperator\">\n<td>40-05 FSIN<\/td>\n<td>63<\/td>\n<td>54<\/td>\n<td>93<\/td>\n<td>9999<\/td>\n<\/tr>\n<tr>\n<td>40-10 FSIN<\/td>\n<td>63<\/td>\n<td>82<\/td>\n<td>93<\/td>\n<td>9999<\/td>\n<\/tr>\n<tr class=\"seperator\">\n<td>50-10 FSIN<\/td>\n<td>75<\/td>\n<td>88<\/td>\n<td>110<\/td>\n<td>9999<\/td>\n<\/tr>\n<\/tbody>\n<\/table>\n<p>[\/vc_column_text][\/vc_column_inner][\/vc_row_inner][\/vc_tta_section][\/vc_tta_accordion][\/vc_column][\/vc_row]<\/p>\n","protected":false},"excerpt":{"rendered":"<p>Bilya dizileri, radyal, ters radyal ve yanal y\u00f6nlerde e\u015fit bir y\u00fck ta\u015f\u0131mas\u0131n\u0131 sa\u011flayan 45\u00b0&#8217;lik bir temas a\u00e7\u0131s\u0131na g\u00f6re tasarlanm\u0131\u015ft\u0131r. Bu nedenle herhangi bir montaj y\u00f6n\u00fcnde uygulanabilir.<\/p>\n","protected":false},"featured_media":17203,"comment_status":"closed","ping_status":"closed","template":"","meta":[],"product_cat":[15,135],"product_tag":[],"_links":{"self":[{"href":"https:\/\/izmitrulman.com\/index.php?rest_route=\/wp\/v2\/product\/17201"}],"collection":[{"href":"https:\/\/izmitrulman.com\/index.php?rest_route=\/wp\/v2\/product"}],"about":[{"href":"https:\/\/izmitrulman.com\/index.php?rest_route=\/wp\/v2\/types\/product"}],"replies":[{"embeddable":true,"href":"https:\/\/izmitrulman.com\/index.php?rest_route=%2Fwp%2Fv2%2Fcomments&post=17201"}],"wp:featuredmedia":[{"embeddable":true,"href":"https:\/\/izmitrulman.com\/index.php?rest_route=\/wp\/v2\/media\/17203"}],"wp:attachment":[{"href":"https:\/\/izmitrulman.com\/index.php?rest_route=%2Fwp%2Fv2%2Fmedia&parent=17201"}],"wp:term":[{"taxonomy":"product_cat","embeddable":true,"href":"https:\/\/izmitrulman.com\/index.php?rest_route=%2Fwp%2Fv2%2Fproduct_cat&post=17201"},{"taxonomy":"product_tag","embeddable":true,"href":"https:\/\/izmitrulman.com\/index.php?rest_route=%2Fwp%2Fv2%2Fproduct_tag&post=17201"}],"curies":[{"name":"wp","href":"https:\/\/api.w.org\/{rel}","templated":true}]}}