{"id":17237,"date":"2023-10-09T17:16:00","date_gmt":"2023-10-09T14:16:00","guid":{"rendered":"https:\/\/izmitrulman.com\/?post_type=product&#038;p=17237"},"modified":"2023-10-09T17:23:54","modified_gmt":"2023-10-09T14:23:54","slug":"deltaplus-pacaya-clear-strap","status":"publish","type":"product","link":"https:\/\/izmitrulman.com\/?product=deltaplus-pacaya-clear-strap","title":{"rendered":"DELTAPLUS &#8211; PACAYA CLEAR STRAP"},"content":{"rendered":"<p>[vc_row][vc_column][vc_tta_accordion][vc_tta_section title=&#8221;\u00dcR\u00dcN KULLANIMLARI &#8211; R\u0130SKLER&#8221; tab_id=&#8221;1696341970998-08a729dc-7304&#8243;][vc_row_inner][vc_column_inner width=&#8221;1\/3&#8243;][vc_column_text]<img decoding=\"async\" loading=\"lazy\" class=\"pictosST70 pictosStruct alignleft\" title=\"Tar\u0131m \/ Ormanc\u0131l\u0131k \/ Bal\u0131k\u00e7\u0131l\u0131k\" src=\"https:\/\/www.deltaplus.eu\/documents\/10194\/11466796\/Picto+jobs.jpg\/128234e7-7b4a-4fa4-a0d9-d331be61cb14?version=1.0&amp;t=1668767694159&amp;imageThumbnail=1\" alt=\"Tar\u0131m \/ Ormanc\u0131l\u0131k \/ Bal\u0131k\u00e7\u0131l\u0131k\" width=\"79\" height=\"79\" \/><span id=\"picto_8575992\">Tar\u0131m \/ Ormanc\u0131l\u0131k \/ Bal\u0131k\u00e7\u0131l\u0131k<\/span>[\/vc_column_text][\/vc_column_inner][vc_column_inner width=&#8221;1\/3&#8243;][vc_column_text]<img decoding=\"async\" class=\"pictosST70 pictosStruct alignleft\" title=\"\u0130n\u015faat\" src=\"https:\/\/www.deltaplus.eu\/documents\/10194\/11466796\/Picto+jobs.jpg\/128234e7-7b4a-4fa4-a0d9-d331be61cb14?version=1.0&amp;t=1668767694159&amp;imageThumbnail=1\" alt=\"\u0130n\u015faat\" \/><span id=\"picto_8575994\">\u0130n\u015faat<\/span>[\/vc_column_text][\/vc_column_inner][vc_column_inner width=&#8221;1\/3&#8243;][vc_column_text]<img decoding=\"async\" loading=\"lazy\" class=\"pictosST70 pictosStruct alignleft\" title=\"At\u0131k y\u00f6netimi\" src=\"https:\/\/www.deltaplus.eu\/documents\/10194\/11466796\/Picto+jobs.jpg\/128234e7-7b4a-4fa4-a0d9-d331be61cb14?version=1.0&amp;t=1668767694159&amp;imageThumbnail=1\" alt=\"At\u0131k y\u00f6netimi\" width=\"80\" height=\"80\" \/><span id=\"picto_8575998\">At\u0131k y\u00f6netimi<\/span>[\/vc_column_text][\/vc_column_inner][\/vc_row_inner][vc_row_inner][vc_column_inner width=&#8221;1\/3&#8243;][vc_column_text]<img decoding=\"async\" class=\"pictosST70 pictosStruct alignleft\" title=\"Bak\u0131m\" src=\"https:\/\/www.deltaplus.eu\/documents\/10194\/11466796\/Picto+jobs.jpg\/128234e7-7b4a-4fa4-a0d9-d331be61cb14?version=1.0&amp;t=1668767694159&amp;imageThumbnail=1\" alt=\"Bak\u0131m\" \/><span id=\"picto_8576005\">Bak\u0131m<\/span>[\/vc_column_text][\/vc_column_inner][vc_column_inner width=&#8221;1\/3&#8243;][vc_column_text]<img decoding=\"async\" loading=\"lazy\" class=\"pictosST70 pictosStruct alignleft\" title=\"Petrol ve Gaz (\u00e7\u0131karma)\" src=\"https:\/\/www.deltaplus.eu\/documents\/10194\/11466796\/Picto+jobs.jpg\/128234e7-7b4a-4fa4-a0d9-d331be61cb14?version=1.0&amp;t=1668767694159&amp;imageThumbnail=1\" alt=\"Petrol ve Gaz (\u00e7\u0131karma)\" width=\"79\" height=\"79\" \/><span id=\"picto_8576006\">Petrol ve Gaz (\u00e7\u0131karma)<\/span>[\/vc_column_text][\/vc_column_inner][vc_column_inner width=&#8221;1\/3&#8243;][vc_column_text]<img decoding=\"async\" loading=\"lazy\" class=\"pictosST60 pictosStruct alignleft\" title=\"UV \/ IR\" src=\"https:\/\/www.deltaplus.eu\/documents\/10194\/11466796\/UV-IR.jpg\/2b6f0e5e-2164-4bf1-b918-122ebb3ab453?version=1.0&amp;t=1668767662065&amp;imageThumbnail=1\" alt=\"UV \/ IR\" width=\"74\" height=\"74\" \/> UV \/ IR[\/vc_column_text][\/vc_column_inner][\/vc_row_inner][vc_row_inner][vc_column_inner width=&#8221;1\/3&#8243;][vc_column_text]<img decoding=\"async\" loading=\"lazy\" class=\"pictosST60 pictosStruct alignleft\" title=\"\u015eok\" src=\"https:\/\/www.deltaplus.eu\/documents\/10194\/11466796\/Shock.jpg\/96f03f72-b6f5-469d-b0ca-96d6fd4ac890?version=1.0&amp;t=1668767772508&amp;imageThumbnail=1\" alt=\"\u015eok\" width=\"80\" height=\"80\" \/> \u015eok[\/vc_column_text][\/vc_column_inner][vc_column_inner width=&#8221;1\/3&#8243;][\/vc_column_inner][vc_column_inner width=&#8221;1\/3&#8243;][\/vc_column_inner][\/vc_row_inner][\/vc_tta_section][vc_tta_section title=&#8221;\u00dcR\u00dcNLER &#8211; KULLANICI FAYDALARI&#8221; tab_id=&#8221;1696342260472-aa56b82e-b60c&#8221;][vc_row_inner][vc_column_inner width=&#8221;1\/2&#8243;][vc_column_text]<\/p>\n<div class=\"span2 image\">\n<div class=\"row-fluid\">\n<div class=\"span10 offset1\">\n<div class=\"span2 image\">\n<div class=\"row-fluid\">\n<div class=\"span10 offset1\"><img decoding=\"async\" class=\"alignleft\" title=\"\" src=\"https:\/\/www.deltaplus.eu\/documents\/10194\/11530246\/PACAYA+LYVIZ+arms.jpg\/957ccf37-b825-4fb0-bb65-f83ce907ecf5?version=1.0&amp;t=1668772925841&amp;imageThumbnail=1\" alt=\"\" data-src=\"\" \/><\/div>\n<\/div>\n<\/div>\n<div class=\"span5\">\n<p style=\"text-align: left;\">Kademeli saplar<\/p>\n<\/div>\n<\/div>\n<\/div>\n<\/div>\n<p>[\/vc_column_text][\/vc_column_inner][vc_column_inner width=&#8221;1\/2&#8243;][vc_column_text]Y\u00fcze m\u00fckemmel uyum[\/vc_column_text][\/vc_column_inner][\/vc_row_inner][vc_row_inner][vc_column_inner width=&#8221;1\/2&#8243;][vc_column_text]<\/p>\n<div class=\"span2 image\">\n<div class=\"row-fluid\">\n<div class=\"span10 offset1\">\n<div class=\"span2 image\">\n<div class=\"row-fluid\">\n<div class=\"span10 offset1\">\n<div class=\"span2 image\">\n<div class=\"row-fluid\">\n<div class=\"span10 offset1\"><img decoding=\"async\" class=\"alignleft\" title=\"\" src=\"https:\/\/www.deltaplus.eu\/documents\/10194\/11530246\/PACAYA+LYVIZ+shock+foam.jpg\/234086d2-5f18-40da-b781-90d6fee213a2?version=1.1&amp;t=1572019514634&amp;imageThumbnail=1\" alt=\"\" data-src=\"\" \/><\/div>\n<\/div>\n<\/div>\n<div class=\"span5\">\n<p style=\"text-align: left;\">\u00c7\u0131kar\u0131labilir k\u00f6p\u00fck koruma<\/p>\n<\/div>\n<\/div>\n<\/div>\n<\/div>\n<\/div>\n<\/div>\n<\/div>\n<p>[\/vc_column_text][\/vc_column_inner][vc_column_inner width=&#8221;1\/2&#8243;][vc_column_text]Tozlu ortamlarda \u00e7ok iyi kapatma<br \/>\n\u015eok h\u00e2linde art\u0131r\u0131lm\u0131\u015f konfor[\/vc_column_text][\/vc_column_inner][\/vc_row_inner][vc_row_inner][vc_column_inner width=&#8221;1\/2&#8243;][vc_column_text]<\/p>\n<div class=\"span2 image\">\n<div class=\"row-fluid\">\n<div class=\"span10 offset1\">\n<div class=\"span2 image\">\n<div class=\"row-fluid\">\n<div class=\"span10 offset1\">\n<div class=\"span2 image\">\n<div class=\"row-fluid\">\n<div class=\"span10 offset1\">\n<div class=\"span2 image\">\n<div class=\"row-fluid\">\n<div class=\"span10 offset1\">Geni\u015f elastik kay\u0131\u015f<\/div>\n<\/div>\n<\/div>\n<\/div>\n<\/div>\n<\/div>\n<\/div>\n<\/div>\n<\/div>\n<\/div>\n<\/div>\n<\/div>\n<p>[\/vc_column_text][\/vc_column_inner][vc_column_inner width=&#8221;1\/2&#8243;][vc_column_text]Hassas ayarlama[\/vc_column_text][\/vc_column_inner][\/vc_row_inner][vc_empty_space][\/vc_tta_section][vc_tta_section title=&#8221;REFERANSLAR&#8221; tab_id=&#8221;1696342517208-c56ac583-8696&#8243;][vc_row_inner][vc_column_inner][vc_column_text]REFERANS: PACAYSTIN-PACAYA<br \/>\nBARKOD: 3295249200749<br \/>\n<i class=\"fa fa-cube\" aria-hidden=\"true\"><\/i>: 100<br \/>\n<i class=\"fa fa-cloud\" aria-hidden=\"true\"><\/i>: 10<br \/>\nRENK: Renksiz<br \/>\nBEDEN: Ayarlanabilir[\/vc_column_text][\/vc_column_inner][\/vc_row_inner][\/vc_tta_section][vc_tta_section title=&#8221;SERT\u0130F\u0130KALAR &#8211; NORMLAR&#8221; tab_id=&#8221;1696343220121-591f538c-0967&#8243;][vc_column_text]<\/p>\n<div class=\"row-fluid legislation\">\n<div class=\"span12\">\n<p class=\"headerLegislation\" style=\"text-align: center;\"><span class=\"pictoLegislation LEG011\"><img decoding=\"async\" loading=\"lazy\" class=\"aligncenter\" title=\"2016\/425 D\u00dcZENLEMES\u0130 (AB)\" src=\"https:\/\/www.deltaplus.eu\/documents\/10194\/11466796\/Picto+CE.jpg\/d8dafaa5-8c2b-4094-b6a5-907872154b9f?version=1.0&amp;t=1668767732612&amp;imageThumbnail=1\" alt=\"2016\/425 D\u00dcZENLEMES\u0130 (AB)\" width=\"61\" height=\"61\" \/>\u00a0<\/span><span class=\"libLegislation\">2016\/425 D\u00dcZENLEMES\u0130 (AB)<\/span><\/p>\n<\/div>\n<\/div>\n<div class=\"row-fluid norme\">\n<div class=\"span1 pictoNorme\"><\/div>\n<div class=\"span11 libNorme\">\n<p>EN166:2001\u00a0Ki\u015fisel g\u00f6z korumas\u0131 &#8211; Spesifikasyonlar<\/p>\n<table class=\"performanceNorme\">\n<tbody>\n<tr>\n<td class=\"shortLabelPerf\"><\/td>\n<td class=\"valeurPerf\">1 FT<\/td>\n<td class=\"libPerf\">Cam<\/td>\n<\/tr>\n<tr>\n<td class=\"shortLabelPerf\"><\/td>\n<td class=\"valeurPerf\">FT<\/td>\n<td class=\"libPerf\">\u00c7er\u00e7eve<\/td>\n<\/tr>\n<\/tbody>\n<\/table>\n<\/div>\n<\/div>\n<div class=\"row-fluid norme\">\n<div class=\"span1 pictoNorme\"><\/div>\n<div class=\"span11 libNorme\">\n<p>EN170:2002\u00a0Ultraviyole filtreler<\/p>\n<table class=\"performanceNorme\">\n<tbody>\n<tr>\n<td class=\"shortLabelPerf\"><\/td>\n<td class=\"valeurPerf\">UV 2C-1.2<\/td>\n<td class=\"libPerf\">Dizili\u015f<\/td>\n<\/tr>\n<\/tbody>\n<\/table>\n<\/div>\n<\/div>\n<div class=\"row-fluid norme\">\n<div class=\"span1 pictoNorme\"><\/div>\n<div class=\"span11 libNorme\">\n<p>EN172:1994\/A1:2000\/A2:2001\u00a0End\u00fcstriyel kullan\u0131m ama\u00e7l\u0131 g\u00fcne\u015f filtreleri<\/p>\n<table class=\"performanceNorme\">\n<tbody>\n<tr>\n<td class=\"shortLabelPerf\"><\/td>\n<td class=\"valeurPerf\">UV 2C-1.2<\/td>\n<td class=\"libPerf\">Dizili\u015f<\/td>\n<\/tr>\n<\/tbody>\n<\/table>\n<\/div>\n<\/div>\n<div class=\"row-fluid legislation\">\n<div class=\"span12\">\n<p class=\"headerLegislation\" style=\"text-align: center;\"><strong><span class=\"libLegislation\">USA STANDARDS<\/span><\/strong><\/p>\n<\/div>\n<\/div>\n<div class=\"row-fluid norme\">\n<div class=\"span1 pictoNorme\"><img decoding=\"async\" class=\"alignleft\" title=\"Amerikan Ulusal Standartlar Enstit\u00fcs\u00fc - Mesleki ve E\u011fitimsel Ki\u015fisel G\u00f6z ve Y\u00fcz Koruma Cihazlar\u0131.\" src=\"https:\/\/www.deltaplus.eu\/documents\/10194\/11466796\/ANSI.jpg\/2fb255aa-64ff-4d30-9a92-5012ee710762?version=1.0&amp;t=1668767745648&amp;imageThumbnail=1\" alt=\"Amerikan Ulusal Standartlar Enstit\u00fcs\u00fc - Mesleki ve E\u011fitimsel Ki\u015fisel G\u00f6z ve Y\u00fcz Koruma Cihazlar\u0131.\" \/><\/div>\n<div class=\"span11 libNorme\">\n<p>ANSI Z87.1-2003\u00a0Amerikan Ulusal Standartlar Enstit\u00fcs\u00fc &#8211; Mesleki ve E\u011fitimsel Ki\u015fisel G\u00f6z ve Y\u00fcz Koruma Cihazlar\u0131.<\/p>\n<table class=\"performanceNorme\">\n<tbody>\n<tr>\n<td class=\"shortLabelPerf\"><\/td>\n<td class=\"valeurPerf\">Z87+<\/td>\n<td class=\"libPerf\">Darbeye dayan\u0131kl\u0131l\u0131k<\/td>\n<\/tr>\n<\/tbody>\n<\/table>\n<\/div>\n<\/div>\n<p>[\/vc_column_text][\/vc_tta_section][vc_tta_section title=&#8221;BELGELER&#8221; tab_id=&#8221;1696343526814-39c790eb-b3cf&#8221;][vc_row_inner][vc_column_inner width=&#8221;1\/3&#8243;][vc_custom_heading text=&#8221;\u00dcr\u00fcn f\u00f6y\u00fc&#8221; font_container=&#8221;tag:h6|text_align:left&#8221; google_fonts=&#8221;font_family:Basic%3Aregular|font_style:400%20regular%3A400%3Anormal&#8221; link=&#8221;|||&#8221;][vc_icon icon_fontawesome=&#8221;fa fa-file-pdf-o&#8221; link=&#8221;url:https%3A%2F%2Fizmitrulman.com%2Fwp-content%2Fuploads%2F2015%2F12%2FDELTA-PRODUCT-PACAYSTIN.pdf|title:%C3%9Cr%C3%BCn%20f%C3%B6y%C3%BC||&#8221;][\/vc_column_inner][vc_column_inner width=&#8221;1\/3&#8243;][vc_custom_heading text=&#8221;Uygunluk bildirimi&#8221; font_container=&#8221;tag:h6|text_align:left&#8221; google_fonts=&#8221;font_family:Basic%3Aregular|font_style:400%20regular%3A400%3Anormal&#8221; link=&#8221;|||&#8221;][vc_icon icon_fontawesome=&#8221;fa fa-file-pdf-o&#8221; link=&#8221;url:https%3A%2F%2Fizmitrulman.com%2Fwp-content%2Fuploads%2F2015%2F12%2FDELTA-PLUS-GROUP-Uygunluk-bildirimi-PACAYSTIN.pdf|title:Uygunluk%20bildirimi||&#8221;][\/vc_column_inner][vc_column_inner width=&#8221;1\/3&#8243;][vc_custom_heading text=&#8221;User instructions&#8221; font_container=&#8221;tag:h6|text_align:left&#8221; google_fonts=&#8221;font_family:Basic%3Aregular|font_style:400%20regular%3A400%3Anormal&#8221; link=&#8221;|||&#8221;][vc_icon icon_fontawesome=&#8221;fa fa-file-pdf-o&#8221; link=&#8221;url:https%3A%2F%2Fwww.deltaplus.eu%2Fdocuments%2F10194%2F11481848%2FSAFETY%2BEYEWEAR%2BA3%2B25%2BLANGUAGES%2BUPDATE%2B04%2B08%2B2015.pdf%2F1f33a36c-5bfc-4dea-85aa-ac3fcfdcd935%3Fversion%3D1.0|title:Uygunluk%20bildirimi||&#8221;][\/vc_column_inner][\/vc_row_inner][\/vc_tta_section][\/vc_tta_accordion][\/vc_column][\/vc_row]<\/p>\n","protected":false},"excerpt":{"rendered":"<section class=\"blocContenu blocContenu-first\">\n<section class=\"blocContenu blocContenu-first\">\n<section class=\"blocContenu blocContenu-first\">\n<div>Polikarbonat tek caml\u0131 g\u00f6zl\u00fck. Entegre polikarbonat burun pedi. Ayarlanabilir naylon saplar. Yan koruma.<\/div>\n<\/section>\n<section class=\"blocContenu\">\n<div>\n\u00c7er\u00e7eve: naylon.<br \/>\nCamlar: polikarbonat.<\/p>\n<\/div>\n<\/section>\n<section class=\"blocContenu\"><img decoding=\"async\" loading=\"lazy\" class=\"pictosST50 pictosStruct\" title=\"Premium\" src=\"https:\/\/www.deltaplus.eu\/documents\/10194\/11468382\/logo+premium.jpg\/c2d3a0a0-b346-4ab5-8142-87d0380240f2?version=1.0&amp;t=1668767799887&amp;imageThumbnail=1\" alt=\"Premium\" width=\"80\" height=\"79\" \/>\u00a0<img decoding=\"async\" loading=\"lazy\" class=\"pictosST90 pictosStruct\" title=\"Anti-mist\" src=\"https:\/\/www.deltaplus.eu\/documents\/10194\/11466796\/Picto+Antimist.jpg\/012d3968-8a47-43ce-9fb9-faf175fce71b?version=1.0&amp;t=1668767752291&amp;imageThumbnail=1\" alt=\"Anti-mist\" width=\"79\" height=\"79\" \/>\u00a0<img decoding=\"async\" loading=\"lazy\" class=\"pictosST90 pictosStruct\" title=\"Anti-scratch\" src=\"https:\/\/www.deltaplus.eu\/documents\/10194\/11466796\/Picto+Antiscratch.jpg\/30ed917e-4d73-4a87-9a07-067b6c8e1fa9?version=1.1&amp;t=1625767220362&amp;imageThumbnail=1\" alt=\"Anti-scratch\" width=\"80\" height=\"80\" \/>\u00a0<img decoding=\"async\" loading=\"lazy\" class=\"pictosST90 pictosStruct\" title=\"UV400\" src=\"https:\/\/www.deltaplus.eu\/documents\/10194\/11466796\/picto+UV400.jpg\/bfd9934c-96c3-42b9-95b3-e0bcc2403a13?version=1.0&amp;t=1668767621750&amp;imageThumbnail=1\" alt=\"UV400\" width=\"80\" height=\"80\" \/><\/section>\n<section class=\"blocContenu\">\n<div>\n<div class=\"titleh1\"><span class=\"titre\"><br \/>\nRef. :\u00a0<\/span><span class=\"lib\">PACAYSTIN<\/span><\/div>\n<\/div>\n<\/section>\n<\/section>\n<\/section>\n<section><\/section>\n","protected":false},"featured_media":17238,"comment_status":"closed","ping_status":"closed","template":"","meta":[],"product_cat":[138,137,136],"product_tag":[],"_links":{"self":[{"href":"https:\/\/izmitrulman.com\/index.php?rest_route=\/wp\/v2\/product\/17237"}],"collection":[{"href":"https:\/\/izmitrulman.com\/index.php?rest_route=\/wp\/v2\/product"}],"about":[{"href":"https:\/\/izmitrulman.com\/index.php?rest_route=\/wp\/v2\/types\/product"}],"replies":[{"embeddable":true,"href":"https:\/\/izmitrulman.com\/index.php?rest_route=%2Fwp%2Fv2%2Fcomments&post=17237"}],"wp:featuredmedia":[{"embeddable":true,"href":"https:\/\/izmitrulman.com\/index.php?rest_route=\/wp\/v2\/media\/17238"}],"wp:attachment":[{"href":"https:\/\/izmitrulman.com\/index.php?rest_route=%2Fwp%2Fv2%2Fmedia&parent=17237"}],"wp:term":[{"taxonomy":"product_cat","embeddable":true,"href":"https:\/\/izmitrulman.com\/index.php?rest_route=%2Fwp%2Fv2%2Fproduct_cat&post=17237"},{"taxonomy":"product_tag","embeddable":true,"href":"https:\/\/izmitrulman.com\/index.php?rest_route=%2Fwp%2Fv2%2Fproduct_tag&post=17237"}],"curies":[{"name":"wp","href":"https:\/\/api.w.org\/{rel}","templated":true}]}}