{"id":17312,"date":"2023-10-25T20:32:18","date_gmt":"2023-10-25T17:32:18","guid":{"rendered":"https:\/\/izmitrulman.com\/?post_type=product&#038;p=17312"},"modified":"2023-10-25T20:48:27","modified_gmt":"2023-10-25T17:48:27","slug":"deltaplus-visonyxpr-kopya","status":"publish","type":"product","link":"https:\/\/izmitrulman.com\/?product=deltaplus-visonyxpr-kopya","title":{"rendered":"DELTAPLUS &#8211; ONYX"},"content":{"rendered":"<p>[vc_row][vc_column][vc_tta_accordion][vc_tta_section title=&#8221;A\u00e7\u0131klama&#8221; tab_id=&#8221;1698249356909-fe99ada5-bfd8&#8243;][vc_row_inner][vc_column_inner width=&#8221;1\/2&#8243;][\/vc_column_inner][vc_column_inner width=&#8221;1\/2&#8243;][\/vc_column_inner][\/vc_row_inner][\/vc_tta_section][vc_tta_section title=&#8221;\u00dcr\u00fcn Kullan\u0131mlar\u0131&#8221; tab_id=&#8221;1696341970998-08a729dc-7304&#8243;][vc_row_inner][vc_column_inner width=&#8221;1\/2&#8243;][vc_column_text]<strong>Sekt\u00f6rler<\/strong><\/p>\n<ul>\n<li data-index=\"0\">Kamu i\u015fleri<\/li>\n<li data-index=\"1\">Yap\u0131<\/li>\n<li data-index=\"2\">\u0130kinci i\u015f \/ Zanaatkarlar<\/li>\n<li data-index=\"3\">\u00dcretim \/ I\u015fleme<\/li>\n<li data-index=\"4\">Bak\u0131m<\/li>\n<li data-index=\"5\">Petrol ve Gaz (\u00e7\u0131karma)<\/li>\n<li data-index=\"6\">Enerjiler<\/li>\n<li data-index=\"7\">Depolama<\/li>\n<\/ul>\n<p>[\/vc_column_text][\/vc_column_inner][vc_column_inner width=&#8221;1\/2&#8243;][vc_column_text]<strong>Riskler<\/strong><\/p>\n<ul>\n<li data-index=\"0\">Is\u0131<\/li>\n<li data-index=\"1\">\u015eok<\/li>\n<li data-index=\"2\">UV \/ IR<\/li>\n<li data-index=\"3\">Elektrik<\/li>\n<\/ul>\n<p>[\/vc_column_text][\/vc_column_inner][\/vc_row_inner][\/vc_tta_section][vc_tta_section title=&#8221;Lojistik Bilgileri&#8221; tab_id=&#8221;1698251224059-c9c18686-dc03&#8243;][vc_column_text]<\/p>\n<table class=\"logistic-table table-column-text-left\" style=\"height: 71px;\" width=\"100%\">\n<thead>\n<tr bgcolor=\"#EBECEC\">\n<th style=\"width: 15%; text-align: center;\">Referans<\/th>\n<th style=\"width: 10%; text-align: center;\">Renk<\/th>\n<th style=\"width: 8%; text-align: center;\">Boyut<\/th>\n<th style=\"width: 15%; text-align: center;\">D\u00e9signation<\/th>\n<th style=\"width: 17%; text-align: center;\">EAN 13<\/th>\n<th style=\"width: 15%; text-align: center;\">Kod karton<\/th>\n<th style=\"width: 6%; text-align: center;\">PCB<\/th>\n<th style=\"width: 6%; text-align: center;\">SPCB<\/th>\n<th style=\"width: 8%; text-align: center;\">Poids<\/th>\n<\/tr>\n<\/thead>\n<tbody>\n<tr>\n<td style=\"text-align: center;\">ONYXBJ<\/td>\n<td style=\"text-align: center;\">Beyaz<\/td>\n<td style=\"text-align: center;\"><\/td>\n<td style=\"text-align: center;\">ONYX<\/td>\n<td style=\"text-align: center;\">3295249228842<\/td>\n<td style=\"text-align: center;\">13295249228849<\/td>\n<td style=\"text-align: center;\">6<\/td>\n<td style=\"text-align: center;\">1<\/td>\n<td style=\"text-align: center;\">8\u00a0kg<\/td>\n<\/tr>\n<\/tbody>\n<\/table>\n<p>[\/vc_column_text][\/vc_tta_section][vc_tta_section title=&#8221;Dok\u00fcmanlar&#8221; tab_id=&#8221;1696343526814-39c790eb-b3cf&#8221;][vc_row_inner][vc_column_inner width=&#8221;1\/4&#8243;][vc_custom_heading text=&#8221;dceuepi-certificate&#8221; font_container=&#8221;tag:h6|text_align:left&#8221; google_fonts=&#8221;font_family:Basic%3Aregular|font_style:400%20regular%3A400%3Anormal&#8221; link=&#8221;url:https%3A%2F%2Fizmitrulman.com%2Fwp-content%2Fuploads%2F2015%2F12%2FDELTA-PRODUCT-FUJI2NOIN.pdf|||&#8221;][vc_icon icon_fontawesome=&#8221;fa fa-file-pdf-o&#8221; size=&#8221;lg&#8221; link=&#8221;url:https%3A%2F%2Fizmitrulman.com%2Fwp-content%2Fuploads%2F2015%2F12%2Fonyx-dceuepi-certificate.pdf|title:%C3%9Cr%C3%BCn%20f%C3%B6y%C3%BC||&#8221;][\/vc_column_inner][vc_column_inner width=&#8221;1\/4&#8243;][vc_custom_heading text=&#8221;technical-sheet&#8221; font_container=&#8221;tag:h6|text_align:left&#8221; google_fonts=&#8221;font_family:Basic%3Aregular|font_style:400%20regular%3A400%3Anormal&#8221; link=&#8221;url:https%3A%2F%2Fizmitrulman.com%2Fwp-content%2Fuploads%2F2015%2F12%2FDELTA-PLUS-GROUP-Uygunluk-bildirimi-FUJI2NOIN.pdf|||&#8221;][vc_icon icon_fontawesome=&#8221;fa fa-file-pdf-o&#8221; size=&#8221;lg&#8221; link=&#8221;url:https%3A%2F%2Fizmitrulman.com%2Fwp-content%2Fuploads%2F2015%2F12%2Fonyx-technical-sheet-1.pdf|title:Uygunluk%20bildirimi||&#8221;][\/vc_column_inner][vc_column_inner width=&#8221;1\/4&#8243;][vc_custom_heading text=&#8221;usa-certificate&#8221; font_container=&#8221;tag:h6|text_align:left&#8221; google_fonts=&#8221;font_family:Basic%3Aregular|font_style:400%20regular%3A400%3Anormal&#8221; link=&#8221;url:https%3A%2F%2Fizmitrulman.com%2Fwp-content%2Fuploads%2F2015%2F12%2FSAFETY-EYEWEAR-UI-A3-26-LANGUAGES-02-05-2021-1.pdf|||&#8221;][vc_icon icon_fontawesome=&#8221;fa fa-file-pdf-o&#8221; size=&#8221;lg&#8221; link=&#8221;url:https%3A%2F%2Fizmitrulman.com%2Fwp-content%2Fuploads%2F2015%2F12%2Fonyx-usa-certificate.pdf|title:Uygunluk%20bildirimi||&#8221;][\/vc_column_inner][vc_column_inner width=&#8221;1\/4&#8243;][vc_custom_heading text=&#8221;ONYX VISONYX UI A3 27 LANGUAGES&#8221; font_container=&#8221;tag:h6|text_align:left&#8221; google_fonts=&#8221;font_family:Basic%3Aregular|font_style:400%20regular%3A400%3Anormal&#8221; link=&#8221;url:https%3A%2F%2Fizmitrulman.com%2Fwp-content%2Fuploads%2F2015%2F12%2FSAFETY-EYEWEAR-UI-A3-26-LANGUAGES-02-05-2021-1.pdf|||&#8221;][vc_icon icon_fontawesome=&#8221;fa fa-file-pdf-o&#8221; size=&#8221;lg&#8221; link=&#8221;url:https%3A%2F%2Fizmitrulman.com%2Fwp-content%2Fuploads%2F2015%2F12%2FONYX-VISONYX-UI-A3-27-LANGUAGES-1.pdf|title:Uygunluk%20bildirimi||&#8221;][\/vc_column_inner][\/vc_row_inner][\/vc_tta_section][\/vc_tta_accordion][\/vc_column][\/vc_row]<\/p>\n","protected":false},"excerpt":{"rendered":"<h3 class=\"product-description__category\">Baretler<\/h3>\n<h2 class=\"product-description__name\">ONYX<\/h2>\n<p class=\"product-description__category\"><span class=\"product-description__ref\">Referans\u00a0:\u00a0<span class=\"uppercase\">ONYX<\/span><\/span><\/p>\n<p><a href=\"https:\/\/izmitrulman.com\/wp-content\/uploads\/2015\/12\/onyx-technical-sheet-1.pdf\"><img decoding=\"async\" loading=\"lazy\" class=\"alignnone wp-image-17311 size-full\" src=\"https:\/\/izmitrulman.com\/wp-content\/uploads\/2023\/10\/Untitled-1.png\" alt=\"\" width=\"200\" height=\"48\" \/><\/a><\/p>\n","protected":false},"featured_media":17313,"comment_status":"closed","ping_status":"closed","template":"","meta":[],"product_cat":[138,137,139,136],"product_tag":[],"_links":{"self":[{"href":"https:\/\/izmitrulman.com\/index.php?rest_route=\/wp\/v2\/product\/17312"}],"collection":[{"href":"https:\/\/izmitrulman.com\/index.php?rest_route=\/wp\/v2\/product"}],"about":[{"href":"https:\/\/izmitrulman.com\/index.php?rest_route=\/wp\/v2\/types\/product"}],"replies":[{"embeddable":true,"href":"https:\/\/izmitrulman.com\/index.php?rest_route=%2Fwp%2Fv2%2Fcomments&post=17312"}],"wp:featuredmedia":[{"embeddable":true,"href":"https:\/\/izmitrulman.com\/index.php?rest_route=\/wp\/v2\/media\/17313"}],"wp:attachment":[{"href":"https:\/\/izmitrulman.com\/index.php?rest_route=%2Fwp%2Fv2%2Fmedia&parent=17312"}],"wp:term":[{"taxonomy":"product_cat","embeddable":true,"href":"https:\/\/izmitrulman.com\/index.php?rest_route=%2Fwp%2Fv2%2Fproduct_cat&post=17312"},{"taxonomy":"product_tag","embeddable":true,"href":"https:\/\/izmitrulman.com\/index.php?rest_route=%2Fwp%2Fv2%2Fproduct_tag&post=17312"}],"curies":[{"name":"wp","href":"https:\/\/api.w.org\/{rel}","templated":true}]}}