{"id":17334,"date":"2023-11-09T20:35:00","date_gmt":"2023-11-09T17:35:00","guid":{"rendered":"https:\/\/izmitrulman.com\/?post_type=product&#038;p=17334"},"modified":"2023-11-09T21:31:41","modified_gmt":"2023-11-09T18:31:41","slug":"diamond-vi-wind","status":"publish","type":"product","link":"https:\/\/izmitrulman.com\/?product=diamond-vi-wind","title":{"rendered":"DIAMOND VI WIND"},"content":{"rendered":"<p>[vc_row][vc_column][vc_tta_accordion][vc_tta_section title=&#8221;\u00dcr\u00fcn Kullan\u0131mlar\u0131&#8221; tab_id=&#8221;1696341970998-08a729dc-7304&#8243;][vc_row_inner][vc_column_inner width=&#8221;1\/2&#8243;][vc_column_text]<strong>Sekt\u00f6rler<\/strong><\/p>\n<ul>\n<li data-index=\"0\">Kamu i\u015fleri<\/li>\n<li data-index=\"1\">Yap\u0131<\/li>\n<li data-index=\"2\">\u0130kinci i\u015f \/ Zanaatkarlar<\/li>\n<li data-index=\"3\">Hafif sanayi<\/li>\n<li data-index=\"4\">Bak\u0131m<\/li>\n<li data-index=\"5\">Kimya end\u00fcstrisi<\/li>\n<li data-index=\"6\">Otomotiv<\/li>\n<li data-index=\"7\">Petrol ve Gaz (\u00e7\u0131karma)<\/li>\n<li data-index=\"8\">Petrokimya<\/li>\n<li data-index=\"0\"><\/li>\n<\/ul>\n<p>[\/vc_column_text][\/vc_column_inner][vc_column_inner width=&#8221;1\/2&#8243;][vc_column_text]<strong>Riskler<\/strong><\/p>\n<ul>\n<li data-index=\"0\">\u015eok<\/li>\n<\/ul>\n<p>[\/vc_column_text][\/vc_column_inner][\/vc_row_inner][\/vc_tta_section][vc_tta_section title=&#8221;A\u00e7\u0131klama&#8221; tab_id=&#8221;1699554498292-46df05b2-7b99&#8243;][vc_row_inner][vc_column_inner width=&#8221;1\/2&#8243;][vc_column_text]Shell material : ABS &#8211; Havaland\u0131rmal\u0131 | Ba\u015f \u00f6l\u00e7\u00fcs\u00fc : 53-64 cm | S\u0131kma d\u00fc\u011fmesi &#8211; Rotor s\u0131k\u0131\u015ft\u0131rma sistemi | Tekstil ba\u015fl\u0131k : PA (Poliamid) &#8211; 8 nokta | Rahat kafa band\u0131 : K\u00f6p\u00fck | A\u011f\u0131rl\u0131k : 374 g[\/vc_column_text][\/vc_column_inner][vc_column_inner width=&#8221;1\/2&#8243;][vc_column_text]<\/p>\n<div>\n<div class=\"labels\">\n<p><strong>Teknolojiler ve etiketler\u00a0:<\/strong><\/p>\n<div class=\"labels__container\"><\/div>\n<\/div>\n<\/div>\n<div>\n<p><strong>Shape\u00a0:\u00a0<\/strong>Helmet<\/p>\n<p><strong>Weight (g)\u00a0:\u00a0<\/strong>374<\/p>\n<p><strong>Size\u00a0:\u00a0<\/strong>53-64 cm<\/p>\n<p><strong>\u00dcretimden itibaren raf \u00f6mr\u00fc\u00a0:\u00a0<\/strong>84 ay<\/p>\n<p><strong>\u0130lk kullan\u0131mdan itibaren kullan\u0131m \u00f6mr\u00fc\u00a0:\u00a0<\/strong>48 ay<\/p>\n<p><strong>G\u00f6vde malzemesi (kap)\u00a0:\u00a0<\/strong>ABS<\/p>\n<p><strong>Havaland\u0131rma\u00a0:\u00a0<\/strong>Havaland\u0131rmal\u0131<\/p>\n<p><strong>Mounting notch (for earmuffs fixation)\u00a0:\u00a0<\/strong>Evet<\/p>\n<p><strong>Tekstil ba\u015fl\u0131k\u00a0:\u00a0<\/strong>PA (Poliamid)<\/p>\n<p><strong>Destek noktalar\u0131\u00a0:\u00a0<\/strong>8 nokta<\/p>\n<p><strong>Rahat kafa band\u0131\u00a0:\u00a0<\/strong>K\u00f6p\u00fck<\/p>\n<p><strong>Kafa Band\u0131 Malzemeleri\u00a0:\u00a0<\/strong>Polietilen<\/p>\n<p><strong>Ayarlama\u00a0:\u00a0<\/strong>S\u0131kma d\u00fc\u011fmesi<\/p>\n<p><strong>Kask viz\u00f6r\u00fc\u00a0:\u00a0<\/strong>Standartlar<\/p>\n<p><strong>Accessories type\u00a0:\u00a0<\/strong>Kimlik kart\u0131 ta\u015f\u0131y\u0131c\u0131s\u0131,Yans\u0131t\u0131c\u0131 bant,Ter \u00f6nleyici bant,Y\u00fcz kalkan\u0131,G\u00f6zl\u00fckler,\u00c7ene kay\u0131\u015f\u0131,Deri,\u0130\u015fitme korumas\u0131,Telle kaplama viz\u00f6r,Boyun koruyucu,\u00d6zelle\u015ftirilmi\u015f logo,Ayarlama tekerle\u011fi olan ba\u015fl\u0131k,Ba\u015fl\u0131k<\/p>\n<p><strong>Custom logo\u00a0:\u00a0<\/strong>Unavailable<\/p>\n<p><strong>Compatible product\u00a0:\u00a0<\/strong>Lens,Shield,Earmuffs<\/p>\n<p><strong>Low temperature resistance\u00a0:\u00a0<\/strong>-30\u00b0C<\/p>\n<p><strong>High temperature resistance\u00a0:\u00a0<\/strong>+50\u00b0C<\/p>\n<\/div>\n<p>[\/vc_column_text][\/vc_column_inner][\/vc_row_inner][\/vc_tta_section][vc_tta_section title=&#8221;Standards\/certifications&#8221; tab_id=&#8221;1699553729241-db2c19bd-46a8&#8243;][vc_row_inner][vc_column_inner][vc_column_text]<\/p>\n<div class=\"norm-item-card\">\n<table class=\"norms-table\">\n<tbody>\n<tr>\n<td width=\"40%\"><img decoding=\"async\" loading=\"lazy\" class=\"\" src=\"https:\/\/assets.ppe-analytics.com\/delta-plus\/a3\/26\/a326cfaa-0f45-497d-b78c-76419253cd12\/a326cfaa-0f45-497d-b78c-76419253cd12-0-300.png\" alt=\"\" width=\"67\" height=\"67\" \/><\/p>\n<h5 class=\"norms-header\"><\/h5>\n<\/td>\n<td width=\"&quot;60%\"><\/td>\n<\/tr>\n<\/tbody>\n<\/table>\n<p>&nbsp;<\/p>\n<\/div>\n<div class=\"norm-item-card\">\n<table class=\"norms-table\">\n<tbody>\n<tr>\n<td width=\"40%\">\n<h2 class=\"norms-header\">EN 397<\/h2>\n<\/td>\n<td width=\"60%\">\n<div>MM<br \/>\nLD<br \/>\n-30\u00b0C +50\u00b0C<\/div>\n<\/td>\n<\/tr>\n<\/tbody>\n<\/table>\n<p>&nbsp;<\/p>\n<\/div>\n<div class=\"norm-item-card\">\n<table class=\"norms-table\">\n<tbody>\n<tr>\n<td width=\"40%\"><img decoding=\"async\" loading=\"lazy\" class=\"alignleft\" src=\"https:\/\/assets.ppe-analytics.com\/delta-plus\/e8\/67\/e8672b15-3a8b-4fef-b867-a8c8da363179\/e8672b15-3a8b-4fef-b867-a8c8da363179-0-300.png\" alt=\"ANSI-ISEA Z89.1\" width=\"85\" height=\"85\" \/><\/p>\n<h2 class=\"norms-header\" style=\"text-align: left;\">ANSI-ISEA Z89.1<\/h2>\n<\/td>\n<td width=\"60%\">\n<div>Tip 1<br \/>\nSINIF C<\/div>\n<\/td>\n<\/tr>\n<\/tbody>\n<\/table>\n<\/div>\n<p>[\/vc_column_text][\/vc_column_inner][\/vc_row_inner][\/vc_tta_section][vc_tta_section title=&#8221;Lojistik Bilgileri&#8221; tab_id=&#8221;1698251224059-c9c18686-dc03&#8243;][vc_column_text]<\/p>\n<table class=\"logistic-table table-column-text-left\" style=\"height: 71px;\" width=\"100%\">\n<thead>\n<tr bgcolor=\"#EBECEC\">\n<th style=\"width: 15%; text-align: center;\">Referans<\/th>\n<th style=\"width: 10%; text-align: center;\">Renk<\/th>\n<th style=\"width: 8%; text-align: center;\">Boyut<\/th>\n<th style=\"width: 15%; text-align: center;\">D\u00e9signation<\/th>\n<th style=\"width: 17%; text-align: center;\">EAN 13<\/th>\n<th style=\"width: 15%; text-align: center;\">Kod karton<\/th>\n<th style=\"width: 6%; text-align: center;\">PCB<\/th>\n<th style=\"width: 6%; text-align: center;\">SPCB<\/th>\n<th style=\"width: 8%; text-align: center;\">Poids<\/th>\n<\/tr>\n<\/thead>\n<tbody>\n<tr>\n<td style=\"text-align: center;\">DIAM6WTRNO<\/td>\n<td style=\"text-align: center;\">Black<\/td>\n<td style=\"text-align: center;\">Ayarlanabilir<\/td>\n<td style=\"text-align: center;\">DIAMOND VI WIND<\/td>\n<td style=\"text-align: center;\">3295249256197<\/td>\n<td style=\"text-align: center;\">13295249256194<\/td>\n<td style=\"text-align: center;\">20<\/td>\n<td style=\"text-align: center;\">1<\/td>\n<td style=\"text-align: center;\">9 kg<\/td>\n<\/tr>\n<tr>\n<td style=\"text-align: center;\">DIAM6WTRBL<\/td>\n<td style=\"text-align: center;\">Blue<\/td>\n<td style=\"text-align: center;\">Ayarlanabilir<\/td>\n<td style=\"text-align: center;\">DIAMOND VI WIND<\/td>\n<td style=\"text-align: center;\">3295249256241<\/td>\n<td style=\"text-align: center;\">13295249256248<\/td>\n<td style=\"text-align: center;\">20<\/td>\n<td style=\"text-align: center;\">1<\/td>\n<td style=\"text-align: center;\">9 kg<\/td>\n<\/tr>\n<tr>\n<td style=\"text-align: center;\">DIAM6WTRNOCA<\/td>\n<td style=\"text-align: center;\">Colorless<\/td>\n<td style=\"text-align: center;\">Ayarlanabilir<\/td>\n<td style=\"text-align: center;\">DIAMOND VI WIND<\/td>\n<td style=\"text-align: center;\">3295249286972<\/td>\n<td style=\"text-align: center;\">13295249286979<\/td>\n<td style=\"text-align: center;\">20<\/td>\n<td style=\"text-align: center;\">1<\/td>\n<td style=\"text-align: center;\">8.9\u00a0kg<\/td>\n<\/tr>\n<tr>\n<td style=\"text-align: center;\">DIAM6WTRVEFL<\/td>\n<td style=\"text-align: center;\">Green<\/td>\n<td style=\"text-align: center;\">Ayarlanabilir<\/td>\n<td style=\"text-align: center;\">DIAMOND VI WIND<\/td>\n<td style=\"text-align: center;\">3295249256227<\/td>\n<td style=\"text-align: center;\">13295249256224<\/td>\n<td style=\"text-align: center;\">20<\/td>\n<td style=\"text-align: center;\">1<\/td>\n<td style=\"text-align: center;\">9 kg<\/td>\n<\/tr>\n<tr>\n<td style=\"text-align: center;\">DIAM6WTRORFL<\/td>\n<td style=\"text-align: center;\">Orange<\/td>\n<td style=\"text-align: center;\">Ayarlanabilir<\/td>\n<td style=\"text-align: center;\">DIAMOND VI WIND<\/td>\n<td style=\"text-align: center;\">3295249256203<\/td>\n<td style=\"text-align: center;\">13295249256200<\/td>\n<td style=\"text-align: center;\">20<\/td>\n<td style=\"text-align: center;\">1<\/td>\n<td style=\"text-align: center;\">9.2 kg<\/td>\n<\/tr>\n<tr>\n<td style=\"text-align: center;\">DIAM6WTRROFL<\/td>\n<td style=\"text-align: center;\">Red<\/td>\n<td style=\"text-align: center;\">Ayarlanabilir<\/td>\n<td style=\"text-align: center;\">DIAMOND VI WIND<\/td>\n<td style=\"text-align: center;\">3295249256210<\/td>\n<td style=\"text-align: center;\">13295249256217<\/td>\n<td style=\"text-align: center;\">20<\/td>\n<td style=\"text-align: center;\">1<\/td>\n<td style=\"text-align: center;\">9.3 kg<\/td>\n<\/tr>\n<tr>\n<td style=\"text-align: center;\">DIAM6WTRBC<\/td>\n<td style=\"text-align: center;\">White<\/td>\n<td style=\"text-align: center;\">Ayarlanabilir<\/td>\n<td style=\"text-align: center;\">DIAMOND VI WIND<\/td>\n<td style=\"text-align: center;\">3295249256234<\/td>\n<td style=\"text-align: center;\">13295249256231<\/td>\n<td style=\"text-align: center;\">20<\/td>\n<td style=\"text-align: center;\">1<\/td>\n<td style=\"text-align: center;\">9.1\u00a0kg<\/td>\n<\/tr>\n<tr>\n<td style=\"text-align: center;\">DIAM6WTRJAFL<\/td>\n<td style=\"text-align: center;\">Yellow<\/td>\n<td style=\"text-align: center;\">Ayarlanabilir<\/td>\n<td style=\"text-align: center;\">DIAMOND VI WIND<\/td>\n<td style=\"text-align: center;\">3295249256258<\/td>\n<td style=\"text-align: center;\">13295249256255<\/td>\n<td style=\"text-align: center;\">20<\/td>\n<td style=\"text-align: center;\">1<\/td>\n<td style=\"text-align: center;\">9.2 kg<\/td>\n<\/tr>\n<\/tbody>\n<\/table>\n<p>[\/vc_column_text][\/vc_tta_section][vc_tta_section title=&#8221;\u00dcr\u00fcn Avantajlar\u0131&#8221; tab_id=&#8221;1698249471760-2024e4cf-b102&#8243;][vc_row_inner][vc_column_inner width=&#8221;1\/3&#8243;][vc_column_text]<img decoding=\"async\" loading=\"lazy\" class=\"product-advantage__image alignleft\" src=\"https:\/\/assets.ppe-analytics.com\/delta-plus\/bd\/ed\/bded819f-7bd3-4af0-a1bb-0e340925e386\/bded819f-7bd3-4af0-a1bb-0e340925e386-0-300.png\" alt=\"\" width=\"90\" height=\"90\" \/><\/p>\n<div>\n<h5 style=\"text-align: left;\">S\u00fcrd\u00fcr\u00fclebilirlik<\/h5>\n<p style=\"text-align: left;\">Yedek me\u015fin<\/p>\n<\/div>\n<p>&nbsp;<\/p>\n<p>&nbsp;<\/p>\n<p><img decoding=\"async\" loading=\"lazy\" class=\"product-advantage__image alignleft\" src=\"https:\/\/assets.ppe-analytics.com\/delta-plus\/c2\/9b\/c29b832b-3c15-4a5e-986d-e741d9712318\/c29b832b-3c15-4a5e-986d-e741d9712318-0-300.png\" alt=\"\" width=\"90\" height=\"90\" \/><\/p>\n<div>\n<h5 style=\"text-align: left;\">Rahatl\u0131k<\/h5>\n<p style=\"text-align: left;\">Konforlu uzun s\u00fcreli kullan\u0131m i\u00e7in nefes alabilir kask<\/p>\n<p style=\"text-align: left;\">Daha hafif ve daha konforlu ABS malzeme<\/p>\n<p style=\"text-align: left;\">Optimum a\u011f\u0131rl\u0131k da\u011f\u0131l\u0131m\u0131 i\u00e7in 8 ba\u011flant\u0131 noktal\u0131 3 dokuma kay\u0131\u015f i\u00e7erir<\/p>\n<p style=\"text-align: left;\">Daha iyi \u00fcst g\u00f6r\u00fc\u015f i\u00e7in kavisli viz\u00f6r<\/p>\n<\/div>\n<p>[\/vc_column_text][\/vc_column_inner][vc_column_inner width=&#8221;1\/3&#8243;][vc_column_text]<img decoding=\"async\" loading=\"lazy\" class=\"product-advantage__image alignleft\" src=\"https:\/\/assets.ppe-analytics.com\/delta-plus\/52\/6a\/526a4d4f-ee13-4492-917f-d8f1c8707a98\/526a4d4f-ee13-4492-917f-d8f1c8707a98-0-300.png\" alt=\"\" width=\"91\" height=\"91\" \/><\/p>\n<div>\n<h5>Kullan\u0131m kolayl\u0131\u011f\u0131<\/h5>\n<p>Viz\u00f6rs\u00fcz maksimum g\u00f6r\u00fc\u015f alan\u0131 i\u00e7in ters ba\u011flant\u0131 noktas\u0131<\/p>\n<\/div>\n<p>&nbsp;<\/p>\n<p>&nbsp;<\/p>\n<p><img decoding=\"async\" loading=\"lazy\" class=\"product-advantage__image alignleft\" src=\"https:\/\/assets.ppe-analytics.com\/delta-plus\/5c\/5d\/5c5ddb00-8a65-491c-8ace-be8f5509800d\/5c5ddb00-8a65-491c-8ace-be8f5509800d-0-300.png\" alt=\"\" width=\"90\" height=\"90\" \/><\/p>\n<div>\n<h5 style=\"text-align: left;\">Hijyen<\/h5>\n<p style=\"text-align: left;\">Daha iyi hijyen i\u00e7in de\u011fi\u015ftirilebilir kafa band\u0131<\/p>\n<p style=\"text-align: left;\">M\u00fckemmel hijyen \u00e7\u00f6z\u00fcm\u00fc i\u00e7in \u00e7\u0131kar\u0131labilir y\u0131kanabilir \u00f6n bant<\/p>\n<\/div>\n<p>[\/vc_column_text][\/vc_column_inner][vc_column_inner width=&#8221;1\/3&#8243;][vc_column_text]<img decoding=\"async\" loading=\"lazy\" class=\"product-advantage__image alignleft\" src=\"https:\/\/assets.ppe-analytics.com\/delta-plus\/66\/08\/6608656d-9e12-48e8-99f6-e0c703947110\/6608656d-9e12-48e8-99f6-e0c703947110-0-300.png\" alt=\"\" width=\"91\" height=\"91\" \/><\/p>\n<div>\n<h5 style=\"text-align: left;\">Ekonomik<\/h5>\n<p style=\"text-align: left;\">Uzun s\u00fcreli kask kullan\u0131m\u0131 i\u00e7in de\u011fi\u015ftirilebilir emniyet kemeri, kask\u0131n tamam\u0131n\u0131 de\u011fi\u015ftirmekle kar\u015f\u0131la\u015ft\u0131r\u0131ld\u0131\u011f\u0131nda a\u015f\u0131nm\u0131\u015f emniyet kemerini de\u011fi\u015ftirerek tasarruf sa\u011flar<\/p>\n<\/div>\n<p>&nbsp;<\/p>\n<p><img decoding=\"async\" loading=\"lazy\" class=\"product-advantage__image alignleft\" src=\"https:\/\/assets.ppe-analytics.com\/delta-plus\/39\/c9\/39c93beb-c954-4549-8350-31eca172ec31\/39c93beb-c954-4549-8350-31eca172ec31-0-300.png\" alt=\"\" width=\"91\" height=\"91\" \/><\/p>\n<div>\n<h5 style=\"text-align: left;\">Performans<\/h5>\n<p style=\"text-align: left;\">Daha g\u00fcvenli oturmas\u0131 ve ba\u015f\u0131 hareket ettirirken kask\u0131 yerinde tutmas\u0131 i\u00e7in al\u00e7ak veya y\u00fcksek ayarlanabilir kafa band\u0131<\/p>\n<\/div>\n<p>[\/vc_column_text][\/vc_column_inner][\/vc_row_inner][\/vc_tta_section][vc_tta_section title=&#8221;Dok\u00fcmanlar&#8221; tab_id=&#8221;1696343526814-39c790eb-b3cf&#8221;][vc_row_inner][vc_column_inner width=&#8221;1\/4&#8243;][vc_custom_heading text=&#8221;diamond6wtr-dceuepi-certificate&#8221; font_container=&#8221;tag:h6|text_align:left&#8221; google_fonts=&#8221;font_family:Basic%3Aregular|font_style:400%20regular%3A400%3Anormal&#8221; link=&#8221;url:https%3A%2F%2Fizmitrulman.com%2Fwp-content%2Fuploads%2F2015%2F12%2Fdiamond6wtr-dceuepi-certificate.pdf|||&#8221;][vc_icon icon_fontawesome=&#8221;fa fa-file-pdf-o&#8221; size=&#8221;lg&#8221; link=&#8221;url:https%3A%2F%2Fizmitrulman.com%2Fwp-content%2Fuploads%2F2015%2F12%2Fonyx-dceuepi-certificate.pdf|title:%C3%9Cr%C3%BCn%20f%C3%B6y%C3%BC||&#8221;][\/vc_column_inner][vc_column_inner width=&#8221;1\/4&#8243;][vc_custom_heading text=&#8221;diamond6wtr-c084-ukca-certificate&#8221; font_container=&#8221;tag:h6|text_align:left&#8221; google_fonts=&#8221;font_family:Basic%3Aregular|font_style:400%20regular%3A400%3Anormal&#8221; link=&#8221;url:https%3A%2F%2Fizmitrulman.com%2Fwp-content%2Fuploads%2F2015%2F12%2Fdiamond6wtr-c084-ukca-certificate.pdf|||&#8221;][vc_icon icon_fontawesome=&#8221;fa fa-file-pdf-o&#8221; size=&#8221;lg&#8221; link=&#8221;url:https%3A%2F%2Fizmitrulman.com%2Fwp-content%2Fuploads%2F2015%2F12%2Fonyx-technical-sheet-1.pdf|title:Uygunluk%20bildirimi||&#8221;][\/vc_column_inner][vc_column_inner width=&#8221;1\/4&#8243;][vc_custom_heading text=&#8221;DIAMOND VI WIND UI A3 26 LANGUAGES&#8221; font_container=&#8221;tag:h6|text_align:left&#8221; google_fonts=&#8221;font_family:Basic%3Aregular|font_style:400%20regular%3A400%3Anormal&#8221; link=&#8221;url:https%3A%2F%2Fizmitrulman.com%2Fwp-content%2Fuploads%2F2015%2F12%2FDIAMOND-VI-WIND-UI-A3-26-LANGUAGES.pdf|||&#8221;][vc_icon icon_fontawesome=&#8221;fa fa-file-pdf-o&#8221; size=&#8221;lg&#8221; link=&#8221;url:https%3A%2F%2Fizmitrulman.com%2Fwp-content%2Fuploads%2F2015%2F12%2Fonyx-usa-certificate.pdf|title:Uygunluk%20bildirimi||&#8221;][\/vc_column_inner][vc_column_inner width=&#8221;1\/4&#8243;][vc_custom_heading text=&#8221;diamond6wtr-c084-technical-sheet&#8221; font_container=&#8221;tag:h6|text_align:left&#8221; google_fonts=&#8221;font_family:Basic%3Aregular|font_style:400%20regular%3A400%3Anormal&#8221; link=&#8221;url:https%3A%2F%2Fizmitrulman.com%2Fwp-content%2Fuploads%2F2015%2F12%2FSAFETY-EYEWEAR-UI-A3-26-LANGUAGES-02-05-2021-1.pdf|||&#8221;][vc_icon icon_fontawesome=&#8221;fa fa-file-pdf-o&#8221; size=&#8221;lg&#8221; link=&#8221;url:https%3A%2F%2Fizmitrulman.com%2Fwp-content%2Fuploads%2F2015%2F12%2Fdiamond6wtr-c084-technical-sheet.pdf|title:Uygunluk%20bildirimi||&#8221;][\/vc_column_inner][\/vc_row_inner][vc_row_inner][vc_column_inner width=&#8221;1\/4&#8243;][vc_custom_heading text=&#8221;diamond6wtr-usa-certificate&#8221; font_container=&#8221;tag:h6|text_align:left&#8221; google_fonts=&#8221;font_family:Basic%3Aregular|font_style:400%20regular%3A400%3Anormal&#8221; link=&#8221;url:https%3A%2F%2Fizmitrulman.com%2Fwp-content%2Fuploads%2F2015%2F12%2Fdiamond6wtr-usa-certificate.pdf|||&#8221;][vc_icon icon_fontawesome=&#8221;fa fa-file-pdf-o&#8221; size=&#8221;lg&#8221; link=&#8221;url:https%3A%2F%2Fizmitrulman.com%2Fwp-content%2Fuploads%2F2015%2F12%2Fonyx-dceuepi-certificate.pdf|title:%C3%9Cr%C3%BCn%20f%C3%B6y%C3%BC||&#8221;][\/vc_column_inner][vc_column_inner width=&#8221;1\/4&#8243;][vc_custom_heading text=&#8221;diamond6wtr-ukca-certificate&#8221; font_container=&#8221;tag:h6|text_align:left&#8221; google_fonts=&#8221;font_family:Basic%3Aregular|font_style:400%20regular%3A400%3Anormal&#8221; link=&#8221;url:https%3A%2F%2Fizmitrulman.com%2Fwp-content%2Fuploads%2F2015%2F12%2Fdiamond6wtr-ukca-certificate.pdf|||&#8221;][vc_icon icon_fontawesome=&#8221;fa fa-file-pdf-o&#8221; size=&#8221;lg&#8221; link=&#8221;url:https%3A%2F%2Fizmitrulman.com%2Fwp-content%2Fuploads%2F2015%2F12%2Fonyx-technical-sheet-1.pdf|title:Uygunluk%20bildirimi||&#8221;][\/vc_column_inner][vc_column_inner width=&#8221;1\/4&#8243;][vc_custom_heading text=&#8221;diamond6wtr-c084-usa-certificate&#8221; font_container=&#8221;tag:h6|text_align:left&#8221; google_fonts=&#8221;font_family:Basic%3Aregular|font_style:400%20regular%3A400%3Anormal&#8221; link=&#8221;url:https%3A%2F%2Fizmitrulman.com%2Fwp-content%2Fuploads%2F2015%2F12%2Fdiamond6wtr-c084-usa-certificate.pdf|||&#8221;][vc_icon icon_fontawesome=&#8221;fa fa-file-pdf-o&#8221; size=&#8221;lg&#8221; link=&#8221;url:https%3A%2F%2Fizmitrulman.com%2Fwp-content%2Fuploads%2F2015%2F12%2Fonyx-usa-certificate.pdf|title:Uygunluk%20bildirimi||&#8221;][\/vc_column_inner][vc_column_inner width=&#8221;1\/4&#8243;][vc_custom_heading text=&#8221;diamond6wtr-c084-dceuepi-certificate&#8221; font_container=&#8221;tag:h6|text_align:left&#8221; google_fonts=&#8221;font_family:Basic%3Aregular|font_style:400%20regular%3A400%3Anormal&#8221; link=&#8221;url:https%3A%2F%2Fizmitrulman.com%2Fwp-content%2Fuploads%2F2015%2F12%2Fdiamond6wtr-c084-dceuepi-certificate.pdf|||&#8221;][vc_icon icon_fontawesome=&#8221;fa fa-file-pdf-o&#8221; size=&#8221;lg&#8221; link=&#8221;url:https%3A%2F%2Fizmitrulman.com%2Fwp-content%2Fuploads%2F2015%2F12%2FONYX-VISONYX-UI-A3-27-LANGUAGES-1.pdf|title:Uygunluk%20bildirimi||&#8221;][\/vc_column_inner][\/vc_row_inner][\/vc_tta_section][\/vc_tta_accordion][\/vc_column][\/vc_row]<\/p>\n","protected":false},"excerpt":{"rendered":"<h3 class=\"product-description__category\">Baretler<\/h3>\n<h2 class=\"product-description__name\">DIAMOND VI WIND<\/h2>\n<p>Maksimum \u00e7ok y\u00f6nl\u00fcl\u00fck i\u00e7in ba\u015f a\u015fa\u011f\u0131 veya ters takmak i\u00e7in sportif tasar\u0131ma sahip baret<\/p>\n<p class=\"product-description__category\">Referans\u00a0:\u00a0<span class=\"uppercase\">DIAMOND6WTR<\/span><\/p>\n<p><a href=\"https:\/\/izmitrulman.com\/wp-content\/uploads\/2015\/12\/diamond6wtr-c084-technical-sheet.pdf\"><img decoding=\"async\" loading=\"lazy\" class=\"alignnone wp-image-17311 size-full\" src=\"https:\/\/izmitrulman.com\/wp-content\/uploads\/2023\/10\/Untitled-1.png\" alt=\"\" width=\"200\" height=\"48\" \/><\/a><\/p>\n","protected":false},"featured_media":17338,"comment_status":"closed","ping_status":"closed","template":"","meta":[],"product_cat":[137,139,136],"product_tag":[],"_links":{"self":[{"href":"https:\/\/izmitrulman.com\/index.php?rest_route=\/wp\/v2\/product\/17334"}],"collection":[{"href":"https:\/\/izmitrulman.com\/index.php?rest_route=\/wp\/v2\/product"}],"about":[{"href":"https:\/\/izmitrulman.com\/index.php?rest_route=\/wp\/v2\/types\/product"}],"replies":[{"embeddable":true,"href":"https:\/\/izmitrulman.com\/index.php?rest_route=%2Fwp%2Fv2%2Fcomments&post=17334"}],"wp:featuredmedia":[{"embeddable":true,"href":"https:\/\/izmitrulman.com\/index.php?rest_route=\/wp\/v2\/media\/17338"}],"wp:attachment":[{"href":"https:\/\/izmitrulman.com\/index.php?rest_route=%2Fwp%2Fv2%2Fmedia&parent=17334"}],"wp:term":[{"taxonomy":"product_cat","embeddable":true,"href":"https:\/\/izmitrulman.com\/index.php?rest_route=%2Fwp%2Fv2%2Fproduct_cat&post=17334"},{"taxonomy":"product_tag","embeddable":true,"href":"https:\/\/izmitrulman.com\/index.php?rest_route=%2Fwp%2Fv2%2Fproduct_tag&post=17334"}],"curies":[{"name":"wp","href":"https:\/\/api.w.org\/{rel}","templated":true}]}}