{"id":17356,"date":"2023-11-13T21:33:36","date_gmt":"2023-11-13T18:33:36","guid":{"rendered":"https:\/\/izmitrulman.com\/?post_type=product&#038;p=17356"},"modified":"2023-11-13T21:42:19","modified_gmt":"2023-11-13T18:42:19","slug":"magny-helmet-2","status":"publish","type":"product","link":"https:\/\/izmitrulman.com\/?product=magny-helmet-2","title":{"rendered":"MAGNY HELMET 2"},"content":{"rendered":"<p>[vc_row][vc_column][vc_tta_accordion][vc_tta_section title=&#8221;\u00dcr\u00fcn Kullan\u0131mlar\u0131&#8221; tab_id=&#8221;1696341970998-08a729dc-7304&#8243;][vc_row_inner][vc_column_inner width=&#8221;1\/2&#8243;][vc_column_text]<strong>Sekt\u00f6rler<\/strong><\/p>\n<ul>\n<li data-index=\"0\">Kamu i\u015fleri<\/li>\n<li data-index=\"1\">Yap\u0131<\/li>\n<li data-index=\"2\">\u0130kinci i\u015f \/ Zanaatkarlar<\/li>\n<li data-index=\"3\">Hafif sanayi<\/li>\n<li data-index=\"4\">Bak\u0131m<\/li>\n<li data-index=\"5\">Kimya end\u00fcstrisi<\/li>\n<li data-index=\"6\">Otomotiv<\/li>\n<li data-index=\"7\">Petrokimya<\/li>\n<li data-index=\"8\">Ge\u00e7ici istihdam<\/li>\n<li data-index=\"9\">Ta\u015f\u0131mac\u0131l\u0131k<\/li>\n<\/ul>\n<p>[\/vc_column_text][\/vc_column_inner][vc_column_inner width=&#8221;1\/2&#8243;][vc_column_text]<strong>Riskler<\/strong><\/p>\n<ul>\n<li data-index=\"0\">G\u00fcr\u00fclt\u00fc<\/li>\n<\/ul>\n<p>[\/vc_column_text][\/vc_column_inner][\/vc_row_inner][\/vc_tta_section][vc_tta_section title=&#8221;A\u00e7\u0131klama&#8221; tab_id=&#8221;1699554498292-46df05b2-7b99&#8243;][vc_row_inner][vc_column_inner width=&#8221;1\/2&#8243;][vc_column_text]Kabuk : ABS | K\u00fc\u00e7\u00fck yast\u0131klar : PU k\u00f6p\u00fck | Destek tipi : Kask i\u00e7in korumal\u0131klar &#8211; ABS | A\u011f\u0131rl\u0131k : 286 g[\/vc_column_text][\/vc_column_inner][vc_column_inner width=&#8221;1\/2&#8243;][vc_column_text]<\/p>\n<div class=\"labels\">\n<p><strong>Quantity \/ Maximum sales\u00a0:\u00a0<\/strong>20<\/p>\n<p><strong>Shape\u00a0:\u00a0<\/strong>G\u00fcr\u00fclt\u00fc \u00f6nleyici kask<\/p>\n<p><strong>Weight\u00a0:\u00a0<\/strong>286<\/p>\n<p><strong>Size\u00a0:\u00a0<\/strong>S,M,L<\/p>\n<p><strong>SNR\u00a0:\u00a0<\/strong>30<\/p>\n<p><strong>Noise reduction dB (HML)\u00a0:\u00a0<\/strong>H,M,L<\/p>\n<p><strong>H\u00a0:\u00a0<\/strong>32<\/p>\n<p><strong>M\u00a0:\u00a0<\/strong>28<\/p>\n<p><strong>L\u00a0:\u00a0<\/strong>22<\/p>\n<p><strong>NNR\u00a0:\u00a0<\/strong>25<\/p>\n<p><strong>Kabuk\u00a0:\u00a0<\/strong>ABS<\/p>\n<p><strong>K\u00fc\u00e7\u00fck yast\u0131klar\u00a0:\u00a0<\/strong>PU k\u00f6p\u00fck<\/p>\n<p><strong>Foam\u00a0:\u00a0<\/strong>PU<\/p>\n<p><strong>Destek tipi\u00a0:\u00a0<\/strong>Kask i\u00e7in korumal\u0131klar<\/p>\n<p><strong>Destek malzemeleri\u00a0:\u00a0<\/strong>ABS<\/p>\n<p><strong>Support benefits\u00a0:\u00a0<\/strong>Adjustable height,Left\/right position<\/p>\n<p><strong>Benefits element\u00a0:\u00a0<\/strong>PVC free<\/p>\n<p><strong>CSR\u00a0:\u00a0<\/strong>Eco-packaging<\/p>\n<\/div>\n<p>[\/vc_column_text][\/vc_column_inner][\/vc_row_inner][\/vc_tta_section][vc_tta_section title=&#8221;Standards\/certifications&#8221; tab_id=&#8221;1699553729241-db2c19bd-46a8&#8243;][vc_row_inner][vc_column_inner][vc_column_text]<\/p>\n<div class=\"norm-item-card\">\n<table class=\"norms-table\">\n<tbody>\n<tr>\n<td width=\"40%\"><img decoding=\"async\" loading=\"lazy\" class=\"\" src=\"https:\/\/assets.ppe-analytics.com\/delta-plus\/a3\/26\/a326cfaa-0f45-497d-b78c-76419253cd12\/a326cfaa-0f45-497d-b78c-76419253cd12-0-300.png\" alt=\"\" width=\"67\" height=\"67\" \/><\/p>\n<h5 class=\"norms-header\"><\/h5>\n<\/td>\n<td width=\"&quot;60%\"><\/td>\n<\/tr>\n<\/tbody>\n<\/table>\n<p>&nbsp;<\/p>\n<\/div>\n<div class=\"norm-item-card\">\n<table class=\"norms-table\">\n<tbody>\n<tr>\n<td width=\"40%\">\n<h2 class=\"norms-header\">EN 352-3<\/h2>\n<\/td>\n<td width=\"60%\">SNR 30 dB<br \/>\nH 32<br \/>\nM 28<br \/>\nL 22<\/td>\n<\/tr>\n<\/tbody>\n<\/table>\n<p>&nbsp;<\/p>\n<\/div>\n<div class=\"norm-item-card\">\n<table class=\"norms-table\">\n<tbody>\n<tr>\n<td width=\"40%\"><img decoding=\"async\" loading=\"lazy\" class=\"alignleft\" src=\"https:\/\/assets.ppe-analytics.com\/delta-plus\/e8\/67\/e8672b15-3a8b-4fef-b867-a8c8da363179\/e8672b15-3a8b-4fef-b867-a8c8da363179-0-300.png\" alt=\"ANSI-ISEA Z89.1\" width=\"85\" height=\"85\" \/><\/p>\n<h2 class=\"norms-header\" style=\"text-align: left;\">ANSI S3.19<\/h2>\n<\/td>\n<td width=\"60%\">NNR 25 dB<\/td>\n<\/tr>\n<\/tbody>\n<\/table>\n<\/div>\n<p>[\/vc_column_text][\/vc_column_inner][\/vc_row_inner][\/vc_tta_section][vc_tta_section title=&#8221;Lojistik Bilgileri&#8221; tab_id=&#8221;1698251224059-c9c18686-dc03&#8243;][vc_column_text]<\/p>\n<table class=\"logistic-table table-column-text-left\" style=\"height: 71px;\" width=\"100%\">\n<thead>\n<tr bgcolor=\"#EBECEC\">\n<th style=\"width: 15%; text-align: center;\">Referans<\/th>\n<th style=\"width: 10%; text-align: center;\">Renk<\/th>\n<th style=\"width: 8%; text-align: center;\">Boyut<\/th>\n<th style=\"width: 15%; text-align: center;\">D\u00e9signation<\/th>\n<th style=\"width: 17%; text-align: center;\">EAN 13<\/th>\n<th style=\"width: 15%; text-align: center;\">Kod karton<\/th>\n<th style=\"width: 6%; text-align: center;\">PCB<\/th>\n<th style=\"width: 6%; text-align: center;\">SPCB<\/th>\n<th style=\"width: 8%; text-align: center;\">Poids<\/th>\n<\/tr>\n<\/thead>\n<tbody>\n<tr>\n<td style=\"text-align: center;\">MAGN2HENO<\/td>\n<td style=\"text-align: center;\">Black<\/td>\n<td style=\"text-align: center;\">Ayarlanabilir<\/td>\n<td style=\"text-align: center;\">MAGNY HELMET 2<\/td>\n<td style=\"text-align: center;\">3295249236571<\/td>\n<td style=\"text-align: center;\">13295249236578<\/td>\n<td style=\"text-align: center;\">20<\/td>\n<td style=\"text-align: center;\">1<\/td>\n<td style=\"text-align: center;\">7.9 kg<\/td>\n<\/tr>\n<tr>\n<td style=\"text-align: center;\"><\/td>\n<td style=\"text-align: center;\"><\/td>\n<td style=\"text-align: center;\"><\/td>\n<td style=\"text-align: center;\"><\/td>\n<td style=\"text-align: center;\"><\/td>\n<td style=\"text-align: center;\"><\/td>\n<td style=\"text-align: center;\"><\/td>\n<td style=\"text-align: center;\"><\/td>\n<td style=\"text-align: center;\"><\/td>\n<\/tr>\n<tr>\n<td style=\"text-align: center;\"><\/td>\n<td style=\"text-align: center;\"><\/td>\n<td style=\"text-align: center;\"><\/td>\n<td style=\"text-align: center;\"><\/td>\n<td style=\"text-align: center;\"><\/td>\n<td style=\"text-align: center;\"><\/td>\n<td style=\"text-align: center;\"><\/td>\n<td style=\"text-align: center;\"><\/td>\n<td style=\"text-align: center;\"><\/td>\n<\/tr>\n<tr>\n<td style=\"text-align: center;\"><\/td>\n<td style=\"text-align: center;\"><\/td>\n<td style=\"text-align: center;\"><\/td>\n<td style=\"text-align: center;\"><\/td>\n<td style=\"text-align: center;\"><\/td>\n<td style=\"text-align: center;\"><\/td>\n<td style=\"text-align: center;\"><\/td>\n<td style=\"text-align: center;\"><\/td>\n<td style=\"text-align: center;\"><\/td>\n<\/tr>\n<tr>\n<td style=\"text-align: center;\"><\/td>\n<td style=\"text-align: center;\"><\/td>\n<td style=\"text-align: center;\"><\/td>\n<td style=\"text-align: center;\"><\/td>\n<td style=\"text-align: center;\"><\/td>\n<td style=\"text-align: center;\"><\/td>\n<td style=\"text-align: center;\"><\/td>\n<td style=\"text-align: center;\"><\/td>\n<td style=\"text-align: center;\"><\/td>\n<\/tr>\n<tr>\n<td style=\"text-align: center;\"><\/td>\n<td style=\"text-align: center;\"><\/td>\n<td style=\"text-align: center;\"><\/td>\n<td style=\"text-align: center;\"><\/td>\n<td style=\"text-align: center;\"><\/td>\n<td style=\"text-align: center;\"><\/td>\n<td style=\"text-align: center;\"><\/td>\n<td style=\"text-align: center;\"><\/td>\n<td style=\"text-align: center;\"><\/td>\n<\/tr>\n<tr>\n<td style=\"text-align: center;\"><\/td>\n<td style=\"text-align: center;\"><\/td>\n<td style=\"text-align: center;\"><\/td>\n<td style=\"text-align: center;\"><\/td>\n<td style=\"text-align: center;\"><\/td>\n<td style=\"text-align: center;\"><\/td>\n<td style=\"text-align: center;\"><\/td>\n<td style=\"text-align: center;\"><\/td>\n<td style=\"text-align: center;\"><\/td>\n<\/tr>\n<tr>\n<td style=\"text-align: center;\"><\/td>\n<td style=\"text-align: center;\"><\/td>\n<td style=\"text-align: center;\"><\/td>\n<td style=\"text-align: center;\"><\/td>\n<td style=\"text-align: center;\"><\/td>\n<td style=\"text-align: center;\"><\/td>\n<td style=\"text-align: center;\"><\/td>\n<td style=\"text-align: center;\"><\/td>\n<td style=\"text-align: center;\"><\/td>\n<\/tr>\n<\/tbody>\n<\/table>\n<p>[\/vc_column_text][\/vc_tta_section][vc_tta_section title=&#8221;\u00dcr\u00fcn Avantajlar\u0131&#8221; tab_id=&#8221;1698249471760-2024e4cf-b102&#8243;][vc_row_inner][vc_column_inner width=&#8221;1\/3&#8243;][vc_column_text]<img decoding=\"async\" loading=\"lazy\" class=\"product-advantage__image alignleft\" src=\"https:\/\/assets.ppe-analytics.com\/delta-plus\/5c\/5d\/5c5ddb00-8a65-491c-8ace-be8f5509800d\/5c5ddb00-8a65-491c-8ace-be8f5509800d-0-300.png\" alt=\"\" width=\"90\" height=\"90\" \/><\/p>\n<div>\n<h5 style=\"text-align: left;\">Hijyen<\/h5>\n<p style=\"text-align: left;\">Kuvvet kayb\u0131 olmaks\u0131z\u0131n birka\u00e7 hafta boyunca tekrar kullan\u0131m i\u00e7in y\u0131kanabilir<\/p>\n<\/div>\n<p>&nbsp;<\/p>\n<p>&nbsp;<\/p>\n<p><img decoding=\"async\" loading=\"lazy\" class=\"product-advantage__image alignleft\" src=\"https:\/\/assets.ppe-analytics.com\/delta-plus\/d4\/a0\/d4a01493-6da7-49cf-b092-141e039f7134\/d4a01493-6da7-49cf-b092-141e039f7134-0-300.png\" alt=\"\" width=\"90\" height=\"90\" \/><\/p>\n<div>\n<h5 style=\"text-align: left;\">Uyumluluk<\/h5>\n<p style=\"text-align: left;\">&#8211;<\/p>\n<\/div>\n<p>[\/vc_column_text][\/vc_column_inner][vc_column_inner width=&#8221;1\/3&#8243;][vc_column_text]<img decoding=\"async\" loading=\"lazy\" class=\"product-advantage__image alignleft\" src=\"https:\/\/assets.ppe-analytics.com\/delta-plus\/39\/c9\/39c93beb-c954-4549-8350-31eca172ec31\/39c93beb-c954-4549-8350-31eca172ec31-0-300.png\" alt=\"\" width=\"90\" height=\"90\" \/><\/p>\n<div>\n<h5 style=\"text-align: left;\">Performans<\/h5>\n<p style=\"text-align: left;\">Optimum konfor i\u00e7in p\u00fcr\u00fczs\u00fcz y\u00fczey ve d\u00fc\u015f\u00fck bas\u0131n\u00e7l\u0131 k\u00f6p\u00fck<\/p>\n<\/div>\n<p>&nbsp;<\/p>\n<p>&nbsp;<\/p>\n<p><img decoding=\"async\" loading=\"lazy\" class=\"product-advantage__image alignleft\" src=\"https:\/\/assets.ppe-analytics.com\/delta-plus\/c2\/9b\/c29b832b-3c15-4a5e-986d-e741d9712318\/c29b832b-3c15-4a5e-986d-e741d9712318-0-300.png\" alt=\"\" width=\"91\" height=\"91\" \/><\/p>\n<div>\n<h5 style=\"text-align: left;\">Rahatl\u0131k<\/h5>\n<p style=\"text-align: left;\">Optimal konfor i\u00e7in sentetik k\u00f6p\u00fck minderler ve PU kaplama<\/p>\n<\/div>\n<p>[\/vc_column_text][\/vc_column_inner][vc_column_inner width=&#8221;1\/3&#8243;][\/vc_column_inner][\/vc_row_inner][\/vc_tta_section][vc_tta_section title=&#8221;Dok\u00fcmanlar&#8221; tab_id=&#8221;1696343526814-39c790eb-b3cf&#8221;][vc_row_inner][vc_column_inner width=&#8221;1\/4&#8243;][vc_custom_heading text=&#8221;magnyhelmet2-usa-certificate&#8221; font_container=&#8221;tag:h6|text_align:left&#8221; google_fonts=&#8221;font_family:Basic%3Aregular|font_style:400%20regular%3A400%3Anormal&#8221; link=&#8221;url:https%3A%2F%2Fizmitrulman.com%2Fwp-content%2Fuploads%2F2015%2F12%2Fmagnyhelmet2-usa-certificate.pdf|||&#8221;][vc_icon icon_fontawesome=&#8221;fa fa-file-pdf-o&#8221; size=&#8221;lg&#8221; link=&#8221;url:https%3A%2F%2Fizmitrulman.com%2Fwp-content%2Fuploads%2F2015%2F12%2Fonyx-dceuepi-certificate.pdf|title:%C3%9Cr%C3%BCn%20f%C3%B6y%C3%BC||&#8221;][\/vc_column_inner][vc_column_inner width=&#8221;1\/4&#8243;][vc_custom_heading text=&#8221;MAGNY COURS 2 MAGNY HELMET 2 UI A3 26 LANGUAGES&#8221; font_container=&#8221;tag:h6|text_align:left&#8221; google_fonts=&#8221;font_family:Basic%3Aregular|font_style:400%20regular%3A400%3Anormal&#8221; link=&#8221;url:https%3A%2F%2Fizmitrulman.com%2Fwp-content%2Fuploads%2F2015%2F12%2FMAGNY-COURS-2-MAGNY-HELMET-2-UI-A3-26-LANGUAGES.pdf|||&#8221;][vc_icon icon_fontawesome=&#8221;fa fa-file-pdf-o&#8221; size=&#8221;lg&#8221; link=&#8221;url:https%3A%2F%2Fizmitrulman.com%2Fwp-content%2Fuploads%2F2015%2F12%2Fonyx-technical-sheet-1.pdf|title:Uygunluk%20bildirimi||&#8221;][\/vc_column_inner][vc_column_inner width=&#8221;1\/4&#8243;][vc_custom_heading text=&#8221;magnyhelmet2-dceuepi-certificate&#8221; font_container=&#8221;tag:h6|text_align:left&#8221; google_fonts=&#8221;font_family:Basic%3Aregular|font_style:400%20regular%3A400%3Anormal&#8221; link=&#8221;url:https%3A%2F%2Fizmitrulman.com%2Fwp-content%2Fuploads%2F2015%2F12%2Fmagnyhelmet2-dceuepi-certificate.pdf|||&#8221;][vc_icon icon_fontawesome=&#8221;fa fa-file-pdf-o&#8221; size=&#8221;lg&#8221; link=&#8221;url:https%3A%2F%2Fizmitrulman.com%2Fwp-content%2Fuploads%2F2015%2F12%2Fonyx-usa-certificate.pdf|title:Uygunluk%20bildirimi||&#8221;][\/vc_column_inner][vc_column_inner width=&#8221;1\/4&#8243;][vc_custom_heading text=&#8221;magnyhelmet2-technical-sheet&#8221; font_container=&#8221;tag:h6|text_align:left&#8221; google_fonts=&#8221;font_family:Basic%3Aregular|font_style:400%20regular%3A400%3Anormal&#8221; link=&#8221;url:https%3A%2F%2Fizmitrulman.com%2Fwp-content%2Fuploads%2F2015%2F12%2Fmagnyhelmet2-technical-sheet.pdf|||&#8221;][vc_icon icon_fontawesome=&#8221;fa fa-file-pdf-o&#8221; size=&#8221;lg&#8221; link=&#8221;url:https%3A%2F%2Fizmitrulman.com%2Fwp-content%2Fuploads%2F2015%2F12%2Fdiamond6wtr-c084-technical-sheet.pdf|title:Uygunluk%20bildirimi||&#8221;][\/vc_column_inner][\/vc_row_inner][\/vc_tta_section][\/vc_tta_accordion][\/vc_column][\/vc_row]<\/p>\n","protected":false},"excerpt":{"rendered":"<h3 class=\"product-description__category\">Kulakl\u0131klar<\/h3>\n<h2 class=\"product-description__name\">MAGNY HELMET 2<\/h2>\n<p class=\"product-description__short-description\">Baretlere uyarlanabilen y\u00fcksek performansl\u0131 kulakl\u0131klar<\/p>\n<p class=\"product-description__category\"><span class=\"product-description__ref\">Referans\u00a0:\u00a0<span class=\"uppercase\">MAGNYHELMET2<\/span><\/span><\/p>\n<p><a href=\"https:\/\/izmitrulman.com\/wp-content\/uploads\/2015\/12\/magnyhelmet2-technical-sheet.pdf\"><img decoding=\"async\" loading=\"lazy\" class=\"alignnone wp-image-17311 size-full\" src=\"https:\/\/izmitrulman.com\/wp-content\/uploads\/2023\/10\/Untitled-1.png\" alt=\"\" width=\"200\" height=\"48\" \/><\/a><\/p>\n","protected":false},"featured_media":17357,"comment_status":"closed","ping_status":"closed","template":"","meta":[],"product_cat":[137,136,140],"product_tag":[],"_links":{"self":[{"href":"https:\/\/izmitrulman.com\/index.php?rest_route=\/wp\/v2\/product\/17356"}],"collection":[{"href":"https:\/\/izmitrulman.com\/index.php?rest_route=\/wp\/v2\/product"}],"about":[{"href":"https:\/\/izmitrulman.com\/index.php?rest_route=\/wp\/v2\/types\/product"}],"replies":[{"embeddable":true,"href":"https:\/\/izmitrulman.com\/index.php?rest_route=%2Fwp%2Fv2%2Fcomments&post=17356"}],"wp:featuredmedia":[{"embeddable":true,"href":"https:\/\/izmitrulman.com\/index.php?rest_route=\/wp\/v2\/media\/17357"}],"wp:attachment":[{"href":"https:\/\/izmitrulman.com\/index.php?rest_route=%2Fwp%2Fv2%2Fmedia&parent=17356"}],"wp:term":[{"taxonomy":"product_cat","embeddable":true,"href":"https:\/\/izmitrulman.com\/index.php?rest_route=%2Fwp%2Fv2%2Fproduct_cat&post=17356"},{"taxonomy":"product_tag","embeddable":true,"href":"https:\/\/izmitrulman.com\/index.php?rest_route=%2Fwp%2Fv2%2Fproduct_tag&post=17356"}],"curies":[{"name":"wp","href":"https:\/\/api.w.org\/{rel}","templated":true}]}}